{"id":1013,"date":"2026-03-10T11:13:04","date_gmt":"2026-03-10T10:13:04","guid":{"rendered":"http:\/\/www.vorderaue.de\/?page_id=1013"},"modified":"2026-04-19T14:18:42","modified_gmt":"2026-04-19T12:18:42","slug":"omegon-apochromatischer-refraktor-ap-126-880-ep-triplet-carbon-ota","status":"publish","type":"page","link":"http:\/\/www.vorderaue.de\/index.php\/omegon-apochromatischer-refraktor-ap-126-880-ep-triplet-carbon-ota\/","title":{"rendered":"Omegon Apochromatischer Refraktor AP 126\/880 EP Triplet Carbon OTA"},"content":{"rendered":"\n<figure class=\"wp-block-table\"><table class=\"has-fixed-layout\" style=\"border-style:none;border-width:0px\"><tbody><tr><td><img loading=\"lazy\" decoding=\"async\" width=\"600\" height=\"507\" class=\"wp-image-54\" style=\"width: 600px;\" src=\"http:\/\/www.vorderaue.de\/wp-content\/uploads\/2026\/01\/omegonrefraktor-4140klein.jpg\" alt=\"\" srcset=\"http:\/\/www.vorderaue.de\/wp-content\/uploads\/2026\/01\/omegonrefraktor-4140klein.jpg 1367w, http:\/\/www.vorderaue.de\/wp-content\/uploads\/2026\/01\/omegonrefraktor-4140klein-300x253.jpg 300w, http:\/\/www.vorderaue.de\/wp-content\/uploads\/2026\/01\/omegonrefraktor-4140klein-1024x865.jpg 1024w, http:\/\/www.vorderaue.de\/wp-content\/uploads\/2026\/01\/omegonrefraktor-4140klein-768x649.jpg 768w\" sizes=\"auto, (max-width: 600px) 100vw, 600px\" \/><\/td><td><img loading=\"lazy\" decoding=\"async\" width=\"600\" height=\"593\" class=\"wp-image-53\" style=\"width: 600px;\" src=\"http:\/\/www.vorderaue.de\/wp-content\/uploads\/2026\/01\/omegonrefraktor-4139klein.jpg\" alt=\"\" srcset=\"http:\/\/www.vorderaue.de\/wp-content\/uploads\/2026\/01\/omegonrefraktor-4139klein.jpg 1045w, http:\/\/www.vorderaue.de\/wp-content\/uploads\/2026\/01\/omegonrefraktor-4139klein-300x296.jpg 300w, http:\/\/www.vorderaue.de\/wp-content\/uploads\/2026\/01\/omegonrefraktor-4139klein-1024x1011.jpg 1024w, http:\/\/www.vorderaue.de\/wp-content\/uploads\/2026\/01\/omegonrefraktor-4139klein-768x758.jpg 768w\" sizes=\"auto, (max-width: 600px) 100vw, 600px\" \/><\/td><\/tr><\/tbody><\/table><\/figure>\n\n\n\n<p><strong>Die Optik<\/strong><\/p>\n\n\n\n<p>Der Omegon ED-Aporefraktor steht f\u00fcr eine hervorragende Optik, durchdachtes Design und hochwertige Mechanik. Dieses ganz besondere Teleskop bietet <strong>Astrofotografen, visuellen Beobachtern oder Naturliebhabern<\/strong> einen einzigartigen Genuss von Sternenhimmel und Natur. Nadelscharfe Sterne bis in die Randregionen des Gesichtsfeldes sind ebenso selbstverst\u00e4ndlich, wie eine hervorragende mechanische Pr\u00e4zision.<\/p>\n\n\n\n<p><strong>Der Triplet Apochromat<\/strong><\/p>\n\n\n\n<p>Das Objektiv der Omegon ED Triplet Apochromaten wird aus einer <strong>Kombination von drei Linsen<\/strong> gefertigt. Hier kommt das hervorragende <strong>OHARA FPL-53<\/strong> Glasmaterial zum Einsatz, dadurch erreicht der Refraktor eine herausragende Korrektur. Ausserdem bietet die Linsenkombination einen sehr hohen Kontrast sowie ein ebenes Bildfeld. Bei visueller Beobachtung und bei der Astrofotografie entdecken Sie einen gro\u00dfen Detailreichtum und eine enorm klare Bildwiedergabe. Beobachten Sie den Mondrand oder helle Sterne bei hoher oder niedriger Vergr\u00f6\u00dferung: Sie werden bemerken, dass <strong>keinerlei Farbs\u00e4ume<\/strong> entstehen. Im Vergleich zu Spiegelsystemen ist die Bilddefinition der Apos wesentlich besser, denn sie kommen <strong>ohne Obstruktion<\/strong> und der damit verbundenen verschlechterten Intensit\u00e4tsverteilung im Beugungsscheibchen aus. Besonders bei geringen Kontrastunterschieden ist der Refraktor ein unschlagbares Instrument.<\/p>\n\n\n\n<p>Viele Amateurastronomen w\u00fcnschen sich einen <strong>einfach zu justierenden<\/strong> Refraktor. Daran wurde nat\u00fcrlich gedacht: Die Objektiv Fassung ist <strong>feinf\u00fchlig \u00fcber Zug- und Druckschrauben einstellbar.<\/strong><\/p>\n\n\n\n<p><strong>Die Vorteile des Carbontubus<\/strong><\/p>\n\n\n\n<p>Nutzen Sie die Vorteile von Carbontuben: sie sind besonders leicht und daher auch f\u00fcr kleinere Montierungen perfekt geeignet. Carbon bietet Ihnen au\u00dferdem eine <strong>sehr hohe Eigenstabilit\u00e4t<\/strong> und nur <strong>minimale Temperaturausdehnungen<\/strong>. Diese Vorteile sind f\u00fcr Astrofotografen besonders n\u00fctzlich: Der Fokus bleibt stabil, sogar die ganze Nacht.<\/p>\n\n\n\n<p><strong>Power Linear Auszug mit 1:10 Untersetzung<\/strong><\/p>\n\n\n\n<p>Ein neuer verbesserter Okularauszug macht Ihre Beobachtung und die Fotografie noch angenehmer und pr\u00e4ziser. Der Power Linear Auszug basiert auf dem Crayfordprinzip, besitzt jedoch zus\u00e4tzlich eine Zahnstange als F\u00fchrungsschine. Die Verbindung von diesen zwei Techniken macht den Okularauszug pr\u00e4zise und besonders tragkr\u00e4ftig. Zenitspiegel, ein schweres Okular oder eine ganze Kameraausr\u00fcstung: schlie\u00dfen Sie einfach alles an, was Ihnen in den Sinn kommt.<\/p>\n\n\n\n<p>Er tr\u00e4gt sogar Zubeh\u00f6r bis zu 10kg Gewicht, dies wird durch das Aktivieren einer zus\u00e4tzlichen Lock-Schraube erreicht. Selbst bei gro\u00dfer Krafteinwirkung bewegt sich der Auszug keinen Millimeter mehr: Haben Sie einmal den Fokus gefunden, ver\u00e4ndert er sich nicht mehr, auch wenn Sie die Lage des Teleskops am Himmel ver\u00e4ndern.<\/p>\n\n\n\n<p>Eine 1:11 Untersetzung bietet Ihnen eine exakte Scharfstellung &#8211; bei Astrofotografie oder bei hohen Vergr\u00f6\u00dferungen ein Muss. Fotografieren Sie auch mit Vollformat Chips oder haben Sie es in Zukunft einmal vor? Auch bei vollformatigen Kameras werden die Objekte vignettierungsfrei aufgenommen. Der komplette Okularauszug ist rotierbar ausgef\u00fchrt: l\u00f6sen Sie die Schraube zur Arretierung und schon ist eine 360\u00b0 Drehung m\u00f6glich..<\/p>\n\n\n\n<p>Doch das war es noch l\u00e4ngst nicht. Auch das <strong>Ende des Auszuges<\/strong> (in der N\u00e4he der Steckh\u00fclse) <strong>ist komplett rotierbar<\/strong>: Mit der ersten Drehung finden Sie die bequemste Position zum entspannten Fokussieren des Okularauszuges &#8211; mit der zweiten Drehung w\u00e4hlen Sie die optimale Kameraausrichtung im Verh\u00e4ltnis zum Objekt.<\/p>\n\n\n\n<p><strong>Transportkoffer inclusive<\/strong><\/p>\n\n\n\n<p>Der mitgelieferte Aluminiumkoffer ist ein idealer Aufbewahrungsort f\u00fcr die wertvolle Optik. <strong>Ultrastabil, mit Tragegriffen und Metallbeschl\u00e4gen<\/strong> h\u00e4lt er so mancher Ersch\u00fctterung problemlos stand. Innen befinden sich <strong>exakt ausgeschnittene Schaumstoff Formen<\/strong>, die den Tubus genauso halten, wie sie ihn eingesetzt haben.<\/p>\n\n\n\n<p><strong>Die Vorteile auf einen Blick:<\/strong><\/p>\n\n\n\n<ul class=\"wp-block-list\">\n<li>Multiverg\u00fctung auf allen optischen Fl\u00e4chen<\/li>\n\n\n\n<li>raffiniertes Blendensystem gegen Reflexe<\/li>\n\n\n\n<li>sehr hoher Kontrast und nadelfeine Sternabbildung<\/li>\n\n\n\n<li>Leicht und stabil: Tubus aus Carbon<\/li>\n\n\n\n<li>Carbon-Taukappe mit Filz ausgekleidet<\/li>\n\n\n\n<li>feine Fokussierung: Okularauszug mit 1:11 Untersetzung und Schutzkappe<\/li>\n<\/ul>\n\n\n\n<p><strong>Besonderheiten:<\/strong><\/p>\n\n\n\n<ul class=\"wp-block-list\">\n<li>ED-Apo im Triplet-Design mit 126mm \u00d6ffnung und 880mm Brennweite<\/li>\n\n\n\n<li>360\u00b0 2-fach rotierbarer 3&#8243; Okularauszug<\/li>\n\n\n\n<li>Stabile Rohrschellen werden mitgeliefert<\/li>\n\n\n\n<li>L\u00e4nge ausgezogen 92cm, L\u00e4nge eingezogen 77cm<\/li>\n\n\n\n<li>Gewicht OTA nur 7 Kg, Komplettgewicht mit Koffer 14,5 Kg<\/li>\n\n\n\n<li>Koffer-Au\u00dfenma\u00dfe 91&#215;30,5x28cm<\/li>\n<\/ul>\n\n\n\n<p class=\"has-text-align-center has-medium-font-size\"><strong>Preis: 800 \u20ac<\/strong><\/p>\n","protected":false},"excerpt":{"rendered":"<p>Die Optik Der Omegon ED-Aporefraktor steht f\u00fcr eine hervorragende Optik, durchdachtes Design und hochwertige Mechanik. Dieses ganz besondere Teleskop bietet [&hellip;]<\/p>\n","protected":false},"author":1,"featured_media":0,"parent":0,"menu_order":0,"comment_status":"closed","ping_status":"closed","template":"","meta":{"site-sidebar-layout":"default","site-content-layout":"","ast-site-content-layout":"default","site-content-style":"default","site-sidebar-style":"default","ast-global-header-display":"","ast-banner-title-visibility":"","ast-main-header-display":"","ast-hfb-above-header-display":"","ast-hfb-below-header-display":"","ast-hfb-mobile-header-display":"","site-post-title":"","ast-breadcrumbs-content":"","ast-featured-img":"","footer-sml-layout":"","ast-disable-related-posts":"","theme-transparent-header-meta":"","adv-header-id-meta":"","stick-header-meta":"","header-above-stick-meta":"","header-main-stick-meta":"","header-below-stick-meta":"","astra-migrate-meta-layouts":"default","ast-page-background-enabled":"default","ast-page-background-meta":{"desktop":{"background-color":"var(--ast-global-color-5)","background-image":"","background-repeat":"repeat","background-position":"center center","background-size":"auto","background-attachment":"scroll","background-type":"","background-media":"","overlay-type":"","overlay-color":"","overlay-opacity":"","overlay-gradient":""},"tablet":{"background-color":"","background-image":"","background-repeat":"repeat","background-position":"center center","background-size":"auto","background-attachment":"scroll","background-type":"","background-media":"","overlay-type":"","overlay-color":"","overlay-opacity":"","overlay-gradient":""},"mobile":{"background-color":"","background-image":"","background-repeat":"repeat","background-position":"center center","background-size":"auto","background-attachment":"scroll","background-type":"","background-media":"","overlay-type":"","overlay-color":"","overlay-opacity":"","overlay-gradient":""}},"ast-content-background-meta":{"desktop":{"background-color":"var(--ast-global-color-4)","background-image":"","background-repeat":"repeat","background-position":"center center","background-size":"auto","background-attachment":"scroll","background-type":"","background-media":"","overlay-type":"","overlay-color":"","overlay-opacity":"","overlay-gradient":""},"tablet":{"background-color":"var(--ast-global-color-4)","background-image":"","background-repeat":"repeat","background-position":"center center","background-size":"auto","background-attachment":"scroll","background-type":"","background-media":"","overlay-type":"","overlay-color":"","overlay-opacity":"","overlay-gradient":""},"mobile":{"background-color":"var(--ast-global-color-4)","background-image":"","background-repeat":"repeat","background-position":"center center","background-size":"auto","background-attachment":"scroll","background-type":"","background-media":"","overlay-type":"","overlay-color":"","overlay-opacity":"","overlay-gradient":""}},"footnotes":""},"class_list":["post-1013","page","type-page","status-publish","hentry"],"_links":{"self":[{"href":"http:\/\/www.vorderaue.de\/index.php\/wp-json\/wp\/v2\/pages\/1013","targetHints":{"allow":["GET"]}}],"collection":[{"href":"http:\/\/www.vorderaue.de\/index.php\/wp-json\/wp\/v2\/pages"}],"about":[{"href":"http:\/\/www.vorderaue.de\/index.php\/wp-json\/wp\/v2\/types\/page"}],"author":[{"embeddable":true,"href":"http:\/\/www.vorderaue.de\/index.php\/wp-json\/wp\/v2\/users\/1"}],"replies":[{"embeddable":true,"href":"http:\/\/www.vorderaue.de\/index.php\/wp-json\/wp\/v2\/comments?post=1013"}],"version-history":[{"count":3,"href":"http:\/\/www.vorderaue.de\/index.php\/wp-json\/wp\/v2\/pages\/1013\/revisions"}],"predecessor-version":[{"id":1799,"href":"http:\/\/www.vorderaue.de\/index.php\/wp-json\/wp\/v2\/pages\/1013\/revisions\/1799"}],"wp:attachment":[{"href":"http:\/\/www.vorderaue.de\/index.php\/wp-json\/wp\/v2\/media?parent=1013"}],"curies":[{"name":"wp","href":"https:\/\/api.w.org\/{rel}","templated":true}]}}