{"id":1025,"date":"2026-03-10T14:10:15","date_gmt":"2026-03-10T13:10:15","guid":{"rendered":"http:\/\/www.vorderaue.de\/?page_id=1025"},"modified":"2026-03-22T13:47:01","modified_gmt":"2026-03-22T12:47:01","slug":"starlight-xpress-aktive-optik","status":"publish","type":"page","link":"http:\/\/www.vorderaue.de\/index.php\/starlight-xpress-aktive-optik\/","title":{"rendered":"Starlight Xpress Aktive Optik"},"content":{"rendered":"\n<figure class=\"wp-block-table\"><table class=\"has-fixed-layout\" style=\"border-style:none;border-width:0px\"><tbody><tr><td class=\"has-text-align-center\" data-align=\"center\"><img loading=\"lazy\" decoding=\"async\" width=\"600\" height=\"297\" class=\"wp-image-17\" style=\"width: 600px;\" src=\"http:\/\/www.vorderaue.de\/wp-content\/uploads\/2026\/01\/aoklein.jpg\" alt=\"\" srcset=\"http:\/\/www.vorderaue.de\/wp-content\/uploads\/2026\/01\/aoklein.jpg 1629w, http:\/\/www.vorderaue.de\/wp-content\/uploads\/2026\/01\/aoklein-300x148.jpg 300w, http:\/\/www.vorderaue.de\/wp-content\/uploads\/2026\/01\/aoklein-1024x507.jpg 1024w, http:\/\/www.vorderaue.de\/wp-content\/uploads\/2026\/01\/aoklein-768x380.jpg 768w, http:\/\/www.vorderaue.de\/wp-content\/uploads\/2026\/01\/aoklein-1536x760.jpg 1536w\" sizes=\"auto, (max-width: 600px) 100vw, 600px\" \/><\/td><td class=\"has-text-align-center\" data-align=\"center\"><img loading=\"lazy\" decoding=\"async\" width=\"600\" height=\"400\" class=\"wp-image-16\" style=\"width: 600px;\" src=\"http:\/\/www.vorderaue.de\/wp-content\/uploads\/2026\/01\/ao24085klein.jpg\" alt=\"\" srcset=\"http:\/\/www.vorderaue.de\/wp-content\/uploads\/2026\/01\/ao24085klein.jpg 1840w, http:\/\/www.vorderaue.de\/wp-content\/uploads\/2026\/01\/ao24085klein-300x200.jpg 300w, http:\/\/www.vorderaue.de\/wp-content\/uploads\/2026\/01\/ao24085klein-1024x683.jpg 1024w, http:\/\/www.vorderaue.de\/wp-content\/uploads\/2026\/01\/ao24085klein-768x513.jpg 768w, http:\/\/www.vorderaue.de\/wp-content\/uploads\/2026\/01\/ao24085klein-1536x1025.jpg 1536w\" sizes=\"auto, (max-width: 600px) 100vw, 600px\" \/><\/td><\/tr><\/tbody><\/table><\/figure>\n\n\n\n<figure class=\"wp-block-image size-full is-resized\"><img loading=\"lazy\" decoding=\"async\" width=\"450\" height=\"448\" src=\"http:\/\/www.vorderaue.de\/wp-content\/uploads\/2026\/03\/starlight-xpress-sxv-ao-aufbau-1000.jpg\" alt=\"\" class=\"wp-image-1026\" style=\"width:392px;height:auto\" srcset=\"http:\/\/www.vorderaue.de\/wp-content\/uploads\/2026\/03\/starlight-xpress-sxv-ao-aufbau-1000.jpg 450w, http:\/\/www.vorderaue.de\/wp-content\/uploads\/2026\/03\/starlight-xpress-sxv-ao-aufbau-1000-300x300.jpg 300w, http:\/\/www.vorderaue.de\/wp-content\/uploads\/2026\/03\/starlight-xpress-sxv-ao-aufbau-1000-150x150.jpg 150w\" sizes=\"auto, (max-width: 450px) 100vw, 450px\" \/><\/figure>\n\n\n\n<ul class=\"wp-block-list\">\n<li>Bildnachf\u00fchrung und -stabilisierung mittels Hochgeschwindigkeits-Neigefenster<\/li>\n\n\n\n<li>Schnelle Nachf\u00fchrgeschwindigkeit von 5 ms pro Schritt<\/li>\n\n\n\n<li>Freie \u00d6ffnung von 60 mm f\u00fcr Chips bis zu 35 mm Vollformat<\/li>\n\n\n\n<li>Maximale Bildabweichung ca. +\/- 0,15 mm in jeder Richtung<\/li>\n\n\n\n<li>Steuerausgang f\u00fcr die Montierung zur Korrektur gro\u00dfer Nachf\u00fchrfehler<\/li>\n\n\n\n<li>Off-Axis-Guider im Lieferumfang enthalten<\/li>\n\n\n\n<li>Optische Baul\u00e4nge 44 mm ohne OAG, 74 mm mit OAG<\/li>\n\n\n\n<li>Frontend-Adapter verl\u00e4ngert die Baul\u00e4nge um nur 6 mm<\/li>\n\n\n\n<li>Sehr geringer Lichtverlust (~2 %) durch die mehrfachverg\u00fctete Optik<\/li>\n\n\n\n<li>Filtergewinde f\u00fcr 48-mm-Filter (2&#8243;)<\/li>\n<\/ul>\n\n\n\n<p class=\"has-text-align-center has-medium-font-size\"><strong>Preis : 600 \u20ac<\/strong><\/p>\n","protected":false},"excerpt":{"rendered":"<p>Preis : 600 \u20ac<\/p>\n","protected":false},"author":1,"featured_media":0,"parent":0,"menu_order":0,"comment_status":"closed","ping_status":"closed","template":"","meta":{"site-sidebar-layout":"default","site-content-layout":"","ast-site-content-layout":"default","site-content-style":"default","site-sidebar-style":"default","ast-global-header-display":"","ast-banner-title-visibility":"","ast-main-header-display":"","ast-hfb-above-header-display":"","ast-hfb-below-header-display":"","ast-hfb-mobile-header-display":"","site-post-title":"","ast-breadcrumbs-content":"","ast-featured-img":"","footer-sml-layout":"","ast-disable-related-posts":"","theme-transparent-header-meta":"","adv-header-id-meta":"","stick-header-meta":"","header-above-stick-meta":"","header-main-stick-meta":"","header-below-stick-meta":"","astra-migrate-meta-layouts":"default","ast-page-background-enabled":"default","ast-page-background-meta":{"desktop":{"background-color":"var(--ast-global-color-5)","background-image":"","background-repeat":"repeat","background-position":"center center","background-size":"auto","background-attachment":"scroll","background-type":"","background-media":"","overlay-type":"","overlay-color":"","overlay-opacity":"","overlay-gradient":""},"tablet":{"background-color":"","background-image":"","background-repeat":"repeat","background-position":"center center","background-size":"auto","background-attachment":"scroll","background-type":"","background-media":"","overlay-type":"","overlay-color":"","overlay-opacity":"","overlay-gradient":""},"mobile":{"background-color":"","background-image":"","background-repeat":"repeat","background-position":"center center","background-size":"auto","background-attachment":"scroll","background-type":"","background-media":"","overlay-type":"","overlay-color":"","overlay-opacity":"","overlay-gradient":""}},"ast-content-background-meta":{"desktop":{"background-color":"var(--ast-global-color-4)","background-image":"","background-repeat":"repeat","background-position":"center center","background-size":"auto","background-attachment":"scroll","background-type":"","background-media":"","overlay-type":"","overlay-color":"","overlay-opacity":"","overlay-gradient":""},"tablet":{"background-color":"var(--ast-global-color-4)","background-image":"","background-repeat":"repeat","background-position":"center center","background-size":"auto","background-attachment":"scroll","background-type":"","background-media":"","overlay-type":"","overlay-color":"","overlay-opacity":"","overlay-gradient":""},"mobile":{"background-color":"var(--ast-global-color-4)","background-image":"","background-repeat":"repeat","background-position":"center center","background-size":"auto","background-attachment":"scroll","background-type":"","background-media":"","overlay-type":"","overlay-color":"","overlay-opacity":"","overlay-gradient":""}},"footnotes":""},"class_list":["post-1025","page","type-page","status-publish","hentry"],"_links":{"self":[{"href":"http:\/\/www.vorderaue.de\/index.php\/wp-json\/wp\/v2\/pages\/1025","targetHints":{"allow":["GET"]}}],"collection":[{"href":"http:\/\/www.vorderaue.de\/index.php\/wp-json\/wp\/v2\/pages"}],"about":[{"href":"http:\/\/www.vorderaue.de\/index.php\/wp-json\/wp\/v2\/types\/page"}],"author":[{"embeddable":true,"href":"http:\/\/www.vorderaue.de\/index.php\/wp-json\/wp\/v2\/users\/1"}],"replies":[{"embeddable":true,"href":"http:\/\/www.vorderaue.de\/index.php\/wp-json\/wp\/v2\/comments?post=1025"}],"version-history":[{"count":3,"href":"http:\/\/www.vorderaue.de\/index.php\/wp-json\/wp\/v2\/pages\/1025\/revisions"}],"predecessor-version":[{"id":1310,"href":"http:\/\/www.vorderaue.de\/index.php\/wp-json\/wp\/v2\/pages\/1025\/revisions\/1310"}],"wp:attachment":[{"href":"http:\/\/www.vorderaue.de\/index.php\/wp-json\/wp\/v2\/media?parent=1025"}],"curies":[{"name":"wp","href":"https:\/\/api.w.org\/{rel}","templated":true}]}}