{"id":1042,"date":"2026-03-10T14:55:11","date_gmt":"2026-03-10T13:55:11","guid":{"rendered":"http:\/\/www.vorderaue.de\/?page_id=1042"},"modified":"2026-03-24T12:06:14","modified_gmt":"2026-03-24T11:06:14","slug":"skywatcher-az-eq6","status":"publish","type":"page","link":"http:\/\/www.vorderaue.de\/index.php\/skywatcher-az-eq6\/","title":{"rendered":"Skywatcher AZ-EQ6"},"content":{"rendered":"\n<figure class=\"wp-block-table\"><table class=\"has-fixed-layout\" style=\"border-style:none;border-width:0px\"><tbody><tr><td><img loading=\"lazy\" decoding=\"async\" width=\"600\" height=\"359\" class=\"wp-image-61\" style=\"width: 600px;\" src=\"http:\/\/www.vorderaue.de\/wp-content\/uploads\/2026\/01\/skywatcherazeq6-4228klein.jpg\" alt=\"\" srcset=\"http:\/\/www.vorderaue.de\/wp-content\/uploads\/2026\/01\/skywatcherazeq6-4228klein.jpg 1788w, http:\/\/www.vorderaue.de\/wp-content\/uploads\/2026\/01\/skywatcherazeq6-4228klein-300x180.jpg 300w, http:\/\/www.vorderaue.de\/wp-content\/uploads\/2026\/01\/skywatcherazeq6-4228klein-1024x613.jpg 1024w, http:\/\/www.vorderaue.de\/wp-content\/uploads\/2026\/01\/skywatcherazeq6-4228klein-768x460.jpg 768w, http:\/\/www.vorderaue.de\/wp-content\/uploads\/2026\/01\/skywatcherazeq6-4228klein-1536x920.jpg 1536w\" sizes=\"auto, (max-width: 600px) 100vw, 600px\" \/><\/td><td><img loading=\"lazy\" decoding=\"async\" width=\"600\" height=\"437\" class=\"wp-image-62\" style=\"width: 600px;\" src=\"http:\/\/www.vorderaue.de\/wp-content\/uploads\/2026\/01\/skywatcherazeq6-4229klein.jpg\" alt=\"\" srcset=\"http:\/\/www.vorderaue.de\/wp-content\/uploads\/2026\/01\/skywatcherazeq6-4229klein.jpg 1445w, http:\/\/www.vorderaue.de\/wp-content\/uploads\/2026\/01\/skywatcherazeq6-4229klein-300x219.jpg 300w, http:\/\/www.vorderaue.de\/wp-content\/uploads\/2026\/01\/skywatcherazeq6-4229klein-1024x746.jpg 1024w, http:\/\/www.vorderaue.de\/wp-content\/uploads\/2026\/01\/skywatcherazeq6-4229klein-768x560.jpg 768w\" sizes=\"auto, (max-width: 600px) 100vw, 600px\" \/><\/td><\/tr><tr><td><\/td><td><\/td><\/tr><\/tbody><\/table><\/figure>\n\n\n\n<p class=\"has-text-align-center\"><strong>Nur an Selbstabholer<\/strong><\/p>\n\n\n\n<p>Skywatcher AZ EQ6GT &#8211; GoTo-Montierung &#8211; bis 20 kg<br><br>Die AZ-EQ6 Pro ist die optimale L\u00f6sung f\u00fcr Amateurastronomen, die die Vorteile einer parallaktischen und einer azimutalen GoTo-Montierung nutzen wollen, ohne deren Nachteile in Kauf nehmen zu m\u00fcssen.<\/p>\n\n\n\n<p><\/p>\n\n\n\n<ul class=\"wp-block-list\">\n<li>Mechanischer Wechsel in Sekunden vom parallaktischen in den azimutalen Modus <\/li>\n\n\n\n<li>GoTo-Steuerung ist umschaltbar von azimutal zu parallaktisch <\/li>\n\n\n\n<li>Antrieb \u00fcber Zahnriemen f\u00fcr eine gleichm\u00e4\u00dfigere Nachf\u00fchrung <\/li>\n\n\n\n<li>Vergleichbare Stabilit\u00e4t zur klassischen EQ6 SkyScan bei 26 % Gewichtsersparnis &#8211; Achsenkreuz wiegt nur 15 kg <\/li>\n\n\n\n<li>Bessere Polh\u00f6henverstellung (durch Schnecke), bessere Polh\u00f6henwiege und stabilere Gegengewichtsstange <\/li>\n\n\n\n<li>Sehr stabile Befestigung f\u00fcr ein zweites Teleskop an der Gegengewichtsstange &#8211; auch f\u00fcr Leitrohre geeignet <\/li>\n\n\n\n<li>Die Datenbasis umfa\u00dft \u00fcber 42900 Objekte. <\/li>\n\n\n\n<li>Optische Encoder &#8211; auch bei manueller Verstellung (nach L\u00f6sen der Klemmen) beh\u00e4lt die Steuerung die Orientierung, eine neue Kalibrierung ist nicht notwendig <\/li>\n\n\n\n<li>Dosenlibelle an der Montierung f\u00fcr eine genaue Aufstellung <\/li>\n\n\n\n<li>USB Anschluss auch direkt an der Montierung<\/li>\n<\/ul>\n\n\n\n<p>Zubeh\u00f6r:<\/p>\n\n\n\n<p><\/p>\n\n\n\n<ul class=\"wp-block-list\">\n<li>Dreibeinstativ<\/li>\n\n\n\n<li>Gegengewichte<\/li>\n\n\n\n<li>Handsteuerung<\/li>\n\n\n\n<li>AZ-Adapter<\/li>\n\n\n\n<li>Anschlusskabel<\/li>\n\n\n\n<li>Netzteil<\/li>\n\n\n\n<li>Transportkoffer mit Rollen<\/li>\n<\/ul>\n\n\n\n<p class=\"has-text-align-center has-medium-font-size\"><strong>Preis : 800 <\/strong>\u20ac<\/p>\n","protected":false},"excerpt":{"rendered":"<p>Nur an Selbstabholer Skywatcher AZ EQ6GT &#8211; GoTo-Montierung &#8211; bis 20 kg Die AZ-EQ6 Pro ist die optimale L\u00f6sung f\u00fcr [&hellip;]<\/p>\n","protected":false},"author":1,"featured_media":0,"parent":0,"menu_order":0,"comment_status":"closed","ping_status":"closed","template":"","meta":{"site-sidebar-layout":"default","site-content-layout":"","ast-site-content-layout":"default","site-content-style":"default","site-sidebar-style":"default","ast-global-header-display":"","ast-banner-title-visibility":"","ast-main-header-display":"","ast-hfb-above-header-display":"","ast-hfb-below-header-display":"","ast-hfb-mobile-header-display":"","site-post-title":"","ast-breadcrumbs-content":"","ast-featured-img":"","footer-sml-layout":"","ast-disable-related-posts":"","theme-transparent-header-meta":"","adv-header-id-meta":"","stick-header-meta":"","header-above-stick-meta":"","header-main-stick-meta":"","header-below-stick-meta":"","astra-migrate-meta-layouts":"default","ast-page-background-enabled":"default","ast-page-background-meta":{"desktop":{"background-color":"var(--ast-global-color-5)","background-image":"","background-repeat":"repeat","background-position":"center center","background-size":"auto","background-attachment":"scroll","background-type":"","background-media":"","overlay-type":"","overlay-color":"","overlay-opacity":"","overlay-gradient":""},"tablet":{"background-color":"","background-image":"","background-repeat":"repeat","background-position":"center center","background-size":"auto","background-attachment":"scroll","background-type":"","background-media":"","overlay-type":"","overlay-color":"","overlay-opacity":"","overlay-gradient":""},"mobile":{"background-color":"","background-image":"","background-repeat":"repeat","background-position":"center center","background-size":"auto","background-attachment":"scroll","background-type":"","background-media":"","overlay-type":"","overlay-color":"","overlay-opacity":"","overlay-gradient":""}},"ast-content-background-meta":{"desktop":{"background-color":"var(--ast-global-color-4)","background-image":"","background-repeat":"repeat","background-position":"center center","background-size":"auto","background-attachment":"scroll","background-type":"","background-media":"","overlay-type":"","overlay-color":"","overlay-opacity":"","overlay-gradient":""},"tablet":{"background-color":"var(--ast-global-color-4)","background-image":"","background-repeat":"repeat","background-position":"center center","background-size":"auto","background-attachment":"scroll","background-type":"","background-media":"","overlay-type":"","overlay-color":"","overlay-opacity":"","overlay-gradient":""},"mobile":{"background-color":"var(--ast-global-color-4)","background-image":"","background-repeat":"repeat","background-position":"center center","background-size":"auto","background-attachment":"scroll","background-type":"","background-media":"","overlay-type":"","overlay-color":"","overlay-opacity":"","overlay-gradient":""}},"footnotes":""},"class_list":["post-1042","page","type-page","status-publish","hentry"],"_links":{"self":[{"href":"http:\/\/www.vorderaue.de\/index.php\/wp-json\/wp\/v2\/pages\/1042","targetHints":{"allow":["GET"]}}],"collection":[{"href":"http:\/\/www.vorderaue.de\/index.php\/wp-json\/wp\/v2\/pages"}],"about":[{"href":"http:\/\/www.vorderaue.de\/index.php\/wp-json\/wp\/v2\/types\/page"}],"author":[{"embeddable":true,"href":"http:\/\/www.vorderaue.de\/index.php\/wp-json\/wp\/v2\/users\/1"}],"replies":[{"embeddable":true,"href":"http:\/\/www.vorderaue.de\/index.php\/wp-json\/wp\/v2\/comments?post=1042"}],"version-history":[{"count":10,"href":"http:\/\/www.vorderaue.de\/index.php\/wp-json\/wp\/v2\/pages\/1042\/revisions"}],"predecessor-version":[{"id":1384,"href":"http:\/\/www.vorderaue.de\/index.php\/wp-json\/wp\/v2\/pages\/1042\/revisions\/1384"}],"wp:attachment":[{"href":"http:\/\/www.vorderaue.de\/index.php\/wp-json\/wp\/v2\/media?parent=1042"}],"curies":[{"name":"wp","href":"https:\/\/api.w.org\/{rel}","templated":true}]}}