{"id":1045,"date":"2026-03-10T14:59:49","date_gmt":"2026-03-10T13:59:49","guid":{"rendered":"http:\/\/www.vorderaue.de\/?page_id=1045"},"modified":"2026-03-31T19:33:21","modified_gmt":"2026-03-31T17:33:21","slug":"explore-scientific-ultra-light-dobson-oeffnung-305-mm-generation-ii","status":"publish","type":"page","link":"http:\/\/www.vorderaue.de\/index.php\/explore-scientific-ultra-light-dobson-oeffnung-305-mm-generation-ii\/","title":{"rendered":"Explore Scientific Ultra Light Dobson &#8211; \u00d6ffnung 305 mm &#8211; Generation II"},"content":{"rendered":"\n<p class=\"has-text-align-center\"><img loading=\"lazy\" decoding=\"async\" width=\"600\" height=\"637\" class=\"wp-image-473\" style=\"width: 600px;\" src=\"http:\/\/www.vorderaue.de\/wp-content\/uploads\/2026\/02\/explorescientificdobson_800x800.jpg\" alt=\"\" srcset=\"http:\/\/www.vorderaue.de\/wp-content\/uploads\/2026\/02\/explorescientificdobson_800x800.jpg 754w, http:\/\/www.vorderaue.de\/wp-content\/uploads\/2026\/02\/explorescientificdobson_800x800-283x300.jpg 283w\" sizes=\"auto, (max-width: 600px) 100vw, 600px\" \/><\/p>\n\n\n\n<p>Mit einem Gesamtgewicht von nur 32,1 kg ist das ultrakompakte Teleskop gut geeignet f\u00fcr den Transport und sogar flugreisetauglich &#8211; Generation II<\/p>\n\n\n\n<ul class=\"wp-block-list\">\n<li><\/li>\n\n\n\n<li>Gitterrohrdobson in Vollaluminium-Konstruktion <\/li>\n\n\n\n<li>Leicht und kompakt &#8211; transportabel <\/li>\n\n\n\n<li>Mit 305 mm \u00d6ffnung und 1525 mm Brennweite noch gut zu justieren <\/li>\n\n\n\n<li>Extrem hohe Steifigkeit der Konstruktion <\/li>\n\n\n\n<li>Gro\u00dfe pulverbeschichtete H\u00f6henr\u00e4der erm\u00f6glichen ruckelfreies Bewegen <\/li>\n\n\n\n<li>Taufest durch Vollaluminiumkonstruktion <\/li>\n\n\n\n<li>Zwei radial angeordnete Hauptspiegell\u00fcfter f\u00fcr schnellen Temperaturangleich<\/li>\n<\/ul>\n\n\n\n<p class=\"has-text-align-center has-medium-font-size\"><strong>Preis: 600 \u20ac<\/strong><\/p>\n","protected":false},"excerpt":{"rendered":"<p>Mit einem Gesamtgewicht von nur 32,1 kg ist das ultrakompakte Teleskop gut geeignet f\u00fcr den Transport und sogar flugreisetauglich &#8211; [&hellip;]<\/p>\n","protected":false},"author":1,"featured_media":0,"parent":0,"menu_order":0,"comment_status":"closed","ping_status":"closed","template":"","meta":{"site-sidebar-layout":"default","site-content-layout":"","ast-site-content-layout":"default","site-content-style":"default","site-sidebar-style":"default","ast-global-header-display":"","ast-banner-title-visibility":"","ast-main-header-display":"","ast-hfb-above-header-display":"","ast-hfb-below-header-display":"","ast-hfb-mobile-header-display":"","site-post-title":"","ast-breadcrumbs-content":"","ast-featured-img":"","footer-sml-layout":"","ast-disable-related-posts":"","theme-transparent-header-meta":"","adv-header-id-meta":"","stick-header-meta":"","header-above-stick-meta":"","header-main-stick-meta":"","header-below-stick-meta":"","astra-migrate-meta-layouts":"default","ast-page-background-enabled":"default","ast-page-background-meta":{"desktop":{"background-color":"var(--ast-global-color-5)","background-image":"","background-repeat":"repeat","background-position":"center center","background-size":"auto","background-attachment":"scroll","background-type":"","background-media":"","overlay-type":"","overlay-color":"","overlay-opacity":"","overlay-gradient":""},"tablet":{"background-color":"","background-image":"","background-repeat":"repeat","background-position":"center center","background-size":"auto","background-attachment":"scroll","background-type":"","background-media":"","overlay-type":"","overlay-color":"","overlay-opacity":"","overlay-gradient":""},"mobile":{"background-color":"","background-image":"","background-repeat":"repeat","background-position":"center center","background-size":"auto","background-attachment":"scroll","background-type":"","background-media":"","overlay-type":"","overlay-color":"","overlay-opacity":"","overlay-gradient":""}},"ast-content-background-meta":{"desktop":{"background-color":"var(--ast-global-color-4)","background-image":"","background-repeat":"repeat","background-position":"center center","background-size":"auto","background-attachment":"scroll","background-type":"","background-media":"","overlay-type":"","overlay-color":"","overlay-opacity":"","overlay-gradient":""},"tablet":{"background-color":"var(--ast-global-color-4)","background-image":"","background-repeat":"repeat","background-position":"center center","background-size":"auto","background-attachment":"scroll","background-type":"","background-media":"","overlay-type":"","overlay-color":"","overlay-opacity":"","overlay-gradient":""},"mobile":{"background-color":"var(--ast-global-color-4)","background-image":"","background-repeat":"repeat","background-position":"center center","background-size":"auto","background-attachment":"scroll","background-type":"","background-media":"","overlay-type":"","overlay-color":"","overlay-opacity":"","overlay-gradient":""}},"footnotes":""},"class_list":["post-1045","page","type-page","status-publish","hentry"],"_links":{"self":[{"href":"http:\/\/www.vorderaue.de\/index.php\/wp-json\/wp\/v2\/pages\/1045","targetHints":{"allow":["GET"]}}],"collection":[{"href":"http:\/\/www.vorderaue.de\/index.php\/wp-json\/wp\/v2\/pages"}],"about":[{"href":"http:\/\/www.vorderaue.de\/index.php\/wp-json\/wp\/v2\/types\/page"}],"author":[{"embeddable":true,"href":"http:\/\/www.vorderaue.de\/index.php\/wp-json\/wp\/v2\/users\/1"}],"replies":[{"embeddable":true,"href":"http:\/\/www.vorderaue.de\/index.php\/wp-json\/wp\/v2\/comments?post=1045"}],"version-history":[{"count":3,"href":"http:\/\/www.vorderaue.de\/index.php\/wp-json\/wp\/v2\/pages\/1045\/revisions"}],"predecessor-version":[{"id":1474,"href":"http:\/\/www.vorderaue.de\/index.php\/wp-json\/wp\/v2\/pages\/1045\/revisions\/1474"}],"wp:attachment":[{"href":"http:\/\/www.vorderaue.de\/index.php\/wp-json\/wp\/v2\/media?parent=1045"}],"curies":[{"name":"wp","href":"https:\/\/api.w.org\/{rel}","templated":true}]}}