{"id":1084,"date":"2026-03-11T14:12:45","date_gmt":"2026-03-11T13:12:45","guid":{"rendered":"http:\/\/www.vorderaue.de\/?page_id=1084"},"modified":"2026-03-13T17:26:42","modified_gmt":"2026-03-13T16:26:42","slug":"marantz-nr1510","status":"publish","type":"page","link":"http:\/\/www.vorderaue.de\/index.php\/marantz-nr1510\/","title":{"rendered":"Marantz NR1510"},"content":{"rendered":"\n<p><\/p>\n\n\n\n<p>Genie\u00dfen Sie musikalischste Klangleistung in einem kompakten, schlanken Geh\u00e4use. Der Marantz NR1510 ist nur halb so hoch wie ein herk\u00f6mmlicher AV-Receiver und liefert erstklassigen Surround-Sound sowie warmen, satten High-Fidelity-Sound.<\/p>\n\n\n\n<figure class=\"wp-block-table\"><table class=\"has-fixed-layout\" style=\"border-style:none;border-width:0px\"><tbody><tr><td><\/td><td class=\"has-text-align-center\" data-align=\"center\"><br>Schlankes Design<br>5.2 Kan\u00e4le<br>50 Watt pro Kanal<br>6 HDMI Eing\u00e4nge<br>4K &amp; Dolby Audio<br>HEOS Built-in<\/td><td><\/td><\/tr><\/tbody><\/table><\/figure>\n\n\n\n<figure class=\"wp-block-table\"><table class=\"has-fixed-layout\" style=\"border-style:none;border-width:0px\"><tbody><tr><td><img loading=\"lazy\" decoding=\"async\" width=\"600\" height=\"450\" class=\"wp-image-1105\" style=\"width: 600px;\" src=\"http:\/\/www.vorderaue.de\/wp-content\/uploads\/2026\/03\/NR1510-Black_Image-Black_studio-angle-facing-left.webp\" alt=\"\" srcset=\"http:\/\/www.vorderaue.de\/wp-content\/uploads\/2026\/03\/NR1510-Black_Image-Black_studio-angle-facing-left.webp 2160w, http:\/\/www.vorderaue.de\/wp-content\/uploads\/2026\/03\/NR1510-Black_Image-Black_studio-angle-facing-left-300x225.webp 300w, http:\/\/www.vorderaue.de\/wp-content\/uploads\/2026\/03\/NR1510-Black_Image-Black_studio-angle-facing-left-1200x900.webp 1200w, http:\/\/www.vorderaue.de\/wp-content\/uploads\/2026\/03\/NR1510-Black_Image-Black_studio-angle-facing-left-768x576.webp 768w, http:\/\/www.vorderaue.de\/wp-content\/uploads\/2026\/03\/NR1510-Black_Image-Black_studio-angle-facing-left-1536x1152.webp 1536w, http:\/\/www.vorderaue.de\/wp-content\/uploads\/2026\/03\/NR1510-Black_Image-Black_studio-angle-facing-left-2048x1536.webp 2048w\" sizes=\"auto, (max-width: 600px) 100vw, 600px\" \/><\/td><td><img loading=\"lazy\" decoding=\"async\" width=\"600\" height=\"450\" class=\"wp-image-1106\" style=\"width: 600px;\" src=\"http:\/\/www.vorderaue.de\/wp-content\/uploads\/2026\/03\/NR1510-Black_Image-Black_studio-back-panel-EU.webp\" alt=\"\" srcset=\"http:\/\/www.vorderaue.de\/wp-content\/uploads\/2026\/03\/NR1510-Black_Image-Black_studio-back-panel-EU.webp 2160w, http:\/\/www.vorderaue.de\/wp-content\/uploads\/2026\/03\/NR1510-Black_Image-Black_studio-back-panel-EU-300x225.webp 300w, http:\/\/www.vorderaue.de\/wp-content\/uploads\/2026\/03\/NR1510-Black_Image-Black_studio-back-panel-EU-1200x900.webp 1200w, http:\/\/www.vorderaue.de\/wp-content\/uploads\/2026\/03\/NR1510-Black_Image-Black_studio-back-panel-EU-768x576.webp 768w, http:\/\/www.vorderaue.de\/wp-content\/uploads\/2026\/03\/NR1510-Black_Image-Black_studio-back-panel-EU-1536x1152.webp 1536w, http:\/\/www.vorderaue.de\/wp-content\/uploads\/2026\/03\/NR1510-Black_Image-Black_studio-back-panel-EU-2048x1536.webp 2048w\" sizes=\"auto, (max-width: 600px) 100vw, 600px\" \/><\/td><\/tr><\/tbody><\/table><\/figure>\n\n\n\n<p>Zubeh\u00f6r:<\/p>\n\n\n\n<ul class=\"wp-block-list\">\n<li>Netzkabel<\/li>\n\n\n\n<li>Fernbedienung<\/li>\n\n\n\n<li>Wlan-Antennen<\/li>\n\n\n\n<li>MW-\/FM-Antennen<\/li>\n\n\n\n<li>Einmessmikrofon<\/li>\n<\/ul>\n\n\n\n<p class=\"has-text-align-center has-medium-font-size\"><strong>Preis: 300 \u20ac<\/strong><\/p>\n\n\n\n<p><\/p>\n","protected":false},"excerpt":{"rendered":"<p>Genie\u00dfen Sie musikalischste Klangleistung in einem kompakten, schlanken Geh\u00e4use. Der Marantz NR1510 ist nur halb so hoch wie ein herk\u00f6mmlicher [&hellip;]<\/p>\n","protected":false},"author":1,"featured_media":0,"parent":0,"menu_order":0,"comment_status":"closed","ping_status":"closed","template":"","meta":{"site-sidebar-layout":"default","site-content-layout":"","ast-site-content-layout":"default","site-content-style":"default","site-sidebar-style":"default","ast-global-header-display":"","ast-banner-title-visibility":"","ast-main-header-display":"","ast-hfb-above-header-display":"","ast-hfb-below-header-display":"","ast-hfb-mobile-header-display":"","site-post-title":"","ast-breadcrumbs-content":"","ast-featured-img":"","footer-sml-layout":"","ast-disable-related-posts":"","theme-transparent-header-meta":"","adv-header-id-meta":"","stick-header-meta":"","header-above-stick-meta":"","header-main-stick-meta":"","header-below-stick-meta":"","astra-migrate-meta-layouts":"default","ast-page-background-enabled":"default","ast-page-background-meta":{"desktop":{"background-color":"var(--ast-global-color-5)","background-image":"","background-repeat":"repeat","background-position":"center center","background-size":"auto","background-attachment":"scroll","background-type":"","background-media":"","overlay-type":"","overlay-color":"","overlay-opacity":"","overlay-gradient":""},"tablet":{"background-color":"","background-image":"","background-repeat":"repeat","background-position":"center center","background-size":"auto","background-attachment":"scroll","background-type":"","background-media":"","overlay-type":"","overlay-color":"","overlay-opacity":"","overlay-gradient":""},"mobile":{"background-color":"","background-image":"","background-repeat":"repeat","background-position":"center center","background-size":"auto","background-attachment":"scroll","background-type":"","background-media":"","overlay-type":"","overlay-color":"","overlay-opacity":"","overlay-gradient":""}},"ast-content-background-meta":{"desktop":{"background-color":"var(--ast-global-color-4)","background-image":"","background-repeat":"repeat","background-position":"center center","background-size":"auto","background-attachment":"scroll","background-type":"","background-media":"","overlay-type":"","overlay-color":"","overlay-opacity":"","overlay-gradient":""},"tablet":{"background-color":"var(--ast-global-color-4)","background-image":"","background-repeat":"repeat","background-position":"center center","background-size":"auto","background-attachment":"scroll","background-type":"","background-media":"","overlay-type":"","overlay-color":"","overlay-opacity":"","overlay-gradient":""},"mobile":{"background-color":"var(--ast-global-color-4)","background-image":"","background-repeat":"repeat","background-position":"center center","background-size":"auto","background-attachment":"scroll","background-type":"","background-media":"","overlay-type":"","overlay-color":"","overlay-opacity":"","overlay-gradient":""}},"footnotes":""},"class_list":["post-1084","page","type-page","status-publish","hentry"],"_links":{"self":[{"href":"http:\/\/www.vorderaue.de\/index.php\/wp-json\/wp\/v2\/pages\/1084","targetHints":{"allow":["GET"]}}],"collection":[{"href":"http:\/\/www.vorderaue.de\/index.php\/wp-json\/wp\/v2\/pages"}],"about":[{"href":"http:\/\/www.vorderaue.de\/index.php\/wp-json\/wp\/v2\/types\/page"}],"author":[{"embeddable":true,"href":"http:\/\/www.vorderaue.de\/index.php\/wp-json\/wp\/v2\/users\/1"}],"replies":[{"embeddable":true,"href":"http:\/\/www.vorderaue.de\/index.php\/wp-json\/wp\/v2\/comments?post=1084"}],"version-history":[{"count":5,"href":"http:\/\/www.vorderaue.de\/index.php\/wp-json\/wp\/v2\/pages\/1084\/revisions"}],"predecessor-version":[{"id":1109,"href":"http:\/\/www.vorderaue.de\/index.php\/wp-json\/wp\/v2\/pages\/1084\/revisions\/1109"}],"wp:attachment":[{"href":"http:\/\/www.vorderaue.de\/index.php\/wp-json\/wp\/v2\/media?parent=1084"}],"curies":[{"name":"wp","href":"https:\/\/api.w.org\/{rel}","templated":true}]}}