{"id":1100,"date":"2026-03-13T15:24:47","date_gmt":"2026-03-13T14:24:47","guid":{"rendered":"http:\/\/www.vorderaue.de\/?page_id=1100"},"modified":"2026-03-14T17:26:46","modified_gmt":"2026-03-14T16:26:46","slug":"sinar-komplettpaket-mattscheibe-2-objektive-nikon-f-mountanschluss","status":"publish","type":"page","link":"http:\/\/www.vorderaue.de\/index.php\/sinar-komplettpaket-mattscheibe-2-objektive-nikon-f-mountanschluss\/","title":{"rendered":"Sinar Komplettpaket Mattscheibe 2 Objektive Nikon F-Mountanschluss"},"content":{"rendered":"\n<figure class=\"wp-block-table\"><table class=\"has-fixed-layout\" style=\"border-style:none;border-width:0px\"><tbody><tr><td class=\"has-text-align-center\" data-align=\"center\"><img loading=\"lazy\" decoding=\"async\" width=\"200\" height=\"208\" class=\"wp-image-55\" style=\"width: 200px;\" src=\"http:\/\/www.vorderaue.de\/wp-content\/uploads\/2026\/01\/sinar-4240klein.jpg\" alt=\"\" srcset=\"http:\/\/www.vorderaue.de\/wp-content\/uploads\/2026\/01\/sinar-4240klein.jpg 1178w, http:\/\/www.vorderaue.de\/wp-content\/uploads\/2026\/01\/sinar-4240klein-288x300.jpg 288w, http:\/\/www.vorderaue.de\/wp-content\/uploads\/2026\/01\/sinar-4240klein-982x1024.jpg 982w, http:\/\/www.vorderaue.de\/wp-content\/uploads\/2026\/01\/sinar-4240klein-768x801.jpg 768w\" sizes=\"auto, (max-width: 200px) 100vw, 200px\" \/><br><\/td><td class=\"has-text-align-center\" data-align=\"center\"><img loading=\"lazy\" decoding=\"async\" width=\"250\" height=\"226\" class=\"wp-image-60\" style=\"width: 250px;\" src=\"http:\/\/www.vorderaue.de\/wp-content\/uploads\/2026\/01\/sinarobjektiv1_5_6-4241klein.jpg\" alt=\"\" srcset=\"http:\/\/www.vorderaue.de\/wp-content\/uploads\/2026\/01\/sinarobjektiv1_5_6-4241klein.jpg 929w, http:\/\/www.vorderaue.de\/wp-content\/uploads\/2026\/01\/sinarobjektiv1_5_6-4241klein-300x271.jpg 300w, http:\/\/www.vorderaue.de\/wp-content\/uploads\/2026\/01\/sinarobjektiv1_5_6-4241klein-768x693.jpg 768w\" sizes=\"auto, (max-width: 250px) 100vw, 250px\" \/><\/td><td class=\"has-text-align-center\" data-align=\"center\"><img loading=\"lazy\" decoding=\"async\" width=\"400\" height=\"310\" class=\"wp-image-56\" style=\"width: 400px;\" src=\"http:\/\/www.vorderaue.de\/wp-content\/uploads\/2026\/01\/sinar-4242nikkor180mm.jpg\" alt=\"\" srcset=\"http:\/\/www.vorderaue.de\/wp-content\/uploads\/2026\/01\/sinar-4242nikkor180mm.jpg 997w, http:\/\/www.vorderaue.de\/wp-content\/uploads\/2026\/01\/sinar-4242nikkor180mm-300x233.jpg 300w, http:\/\/www.vorderaue.de\/wp-content\/uploads\/2026\/01\/sinar-4242nikkor180mm-768x595.jpg 768w\" sizes=\"auto, (max-width: 400px) 100vw, 400px\" \/><\/td><\/tr><tr><td class=\"has-text-align-center\" data-align=\"center\"><a href=\"http:\/\/www.vorderaue.de\/index.php\/sinar-f-4x5-front-rueckstandarte-grundrohr-sativbefest-normalbalg\/\">Sinar F 4\u00d75 Front-+R\u00fcckstandarte-Grundrohr-Sativbefest.-Normalbalg<\/a><\/td><td class=\"has-text-align-center\" data-align=\"center\">Schneider-Kreuznach Super-Angulon 1:5.6\/75 f\u00fcr Sinar 4\u00d75<\/td><td class=\"has-text-align-center\" data-align=\"center\">Nikkor-W 180mm 1:5.6 f\u00fcr Sinar 4\u00d75<\/td><\/tr><tr><td class=\"has-text-align-center\" data-align=\"center\"><img loading=\"lazy\" decoding=\"async\" width=\"400\" height=\"354\" class=\"wp-image-58\" style=\"width: 400px;\" src=\"http:\/\/www.vorderaue.de\/wp-content\/uploads\/2026\/01\/sinarmattscheibe-4243klein.jpg\" alt=\"\" srcset=\"http:\/\/www.vorderaue.de\/wp-content\/uploads\/2026\/01\/sinarmattscheibe-4243klein.jpg 1111w, http:\/\/www.vorderaue.de\/wp-content\/uploads\/2026\/01\/sinarmattscheibe-4243klein-300x266.jpg 300w, http:\/\/www.vorderaue.de\/wp-content\/uploads\/2026\/01\/sinarmattscheibe-4243klein-1024x907.jpg 1024w, http:\/\/www.vorderaue.de\/wp-content\/uploads\/2026\/01\/sinarmattscheibe-4243klein-768x680.jpg 768w\" sizes=\"auto, (max-width: 400px) 100vw, 400px\" \/><\/td><td class=\"has-text-align-center\" data-align=\"center\"><img loading=\"lazy\" decoding=\"async\" width=\"400\" height=\"292\" class=\"wp-image-59\" style=\"width: 400px;\" src=\"http:\/\/www.vorderaue.de\/wp-content\/uploads\/2026\/01\/sinarnikokameraadapter-4245klein.jpg\" alt=\"\" srcset=\"http:\/\/www.vorderaue.de\/wp-content\/uploads\/2026\/01\/sinarnikokameraadapter-4245klein.jpg 1198w, http:\/\/www.vorderaue.de\/wp-content\/uploads\/2026\/01\/sinarnikokameraadapter-4245klein-300x219.jpg 300w, http:\/\/www.vorderaue.de\/wp-content\/uploads\/2026\/01\/sinarnikokameraadapter-4245klein-1024x749.jpg 1024w, http:\/\/www.vorderaue.de\/wp-content\/uploads\/2026\/01\/sinarnikokameraadapter-4245klein-768x562.jpg 768w\" sizes=\"auto, (max-width: 400px) 100vw, 400px\" \/><\/td><td class=\"has-text-align-center\" data-align=\"center\"><\/td><\/tr><tr><td class=\"has-text-align-center\" data-align=\"center\">Sinar Mattscheibe<\/td><td class=\"has-text-align-center\" data-align=\"center\">Sinar 4\u00d75 Nikon F-Mountanschluss<\/td><td class=\"has-text-align-center\" data-align=\"center\"><\/td><\/tr><\/tbody><\/table><\/figure>\n\n\n\n<figure class=\"wp-block-image size-large\"><img loading=\"lazy\" decoding=\"async\" width=\"1024\" height=\"868\" src=\"http:\/\/www.vorderaue.de\/wp-content\/uploads\/2026\/01\/sinarkomplett-4233klein-1024x868.jpg\" alt=\"\" class=\"wp-image-57\" srcset=\"http:\/\/www.vorderaue.de\/wp-content\/uploads\/2026\/01\/sinarkomplett-4233klein-1024x868.jpg 1024w, http:\/\/www.vorderaue.de\/wp-content\/uploads\/2026\/01\/sinarkomplett-4233klein-300x254.jpg 300w, http:\/\/www.vorderaue.de\/wp-content\/uploads\/2026\/01\/sinarkomplett-4233klein-768x651.jpg 768w, http:\/\/www.vorderaue.de\/wp-content\/uploads\/2026\/01\/sinarkomplett-4233klein.jpg 1448w\" sizes=\"auto, (max-width: 1024px) 100vw, 1024px\" \/><\/figure>\n\n\n\n<p class=\"has-text-align-center\"><strong>Preis: 800 \u20ac<\/strong><\/p>\n","protected":false},"excerpt":{"rendered":"<p>Sinar F 4\u00d75 Front-+R\u00fcckstandarte-Grundrohr-Sativbefest.-Normalbalg Schneider-Kreuznach Super-Angulon 1:5.6\/75 f\u00fcr Sinar 4\u00d75 Nikkor-W 180mm 1:5.6 f\u00fcr Sinar 4\u00d75 Sinar Mattscheibe Sinar 4\u00d75 [&hellip;]<\/p>\n","protected":false},"author":1,"featured_media":0,"parent":0,"menu_order":0,"comment_status":"closed","ping_status":"closed","template":"","meta":{"site-sidebar-layout":"default","site-content-layout":"","ast-site-content-layout":"default","site-content-style":"default","site-sidebar-style":"default","ast-global-header-display":"","ast-banner-title-visibility":"","ast-main-header-display":"","ast-hfb-above-header-display":"","ast-hfb-below-header-display":"","ast-hfb-mobile-header-display":"","site-post-title":"","ast-breadcrumbs-content":"","ast-featured-img":"","footer-sml-layout":"","ast-disable-related-posts":"","theme-transparent-header-meta":"","adv-header-id-meta":"","stick-header-meta":"","header-above-stick-meta":"","header-main-stick-meta":"","header-below-stick-meta":"","astra-migrate-meta-layouts":"default","ast-page-background-enabled":"default","ast-page-background-meta":{"desktop":{"background-color":"var(--ast-global-color-5)","background-image":"","background-repeat":"repeat","background-position":"center center","background-size":"auto","background-attachment":"scroll","background-type":"","background-media":"","overlay-type":"","overlay-color":"","overlay-opacity":"","overlay-gradient":""},"tablet":{"background-color":"","background-image":"","background-repeat":"repeat","background-position":"center center","background-size":"auto","background-attachment":"scroll","background-type":"","background-media":"","overlay-type":"","overlay-color":"","overlay-opacity":"","overlay-gradient":""},"mobile":{"background-color":"","background-image":"","background-repeat":"repeat","background-position":"center center","background-size":"auto","background-attachment":"scroll","background-type":"","background-media":"","overlay-type":"","overlay-color":"","overlay-opacity":"","overlay-gradient":""}},"ast-content-background-meta":{"desktop":{"background-color":"var(--ast-global-color-4)","background-image":"","background-repeat":"repeat","background-position":"center center","background-size":"auto","background-attachment":"scroll","background-type":"","background-media":"","overlay-type":"","overlay-color":"","overlay-opacity":"","overlay-gradient":""},"tablet":{"background-color":"var(--ast-global-color-4)","background-image":"","background-repeat":"repeat","background-position":"center center","background-size":"auto","background-attachment":"scroll","background-type":"","background-media":"","overlay-type":"","overlay-color":"","overlay-opacity":"","overlay-gradient":""},"mobile":{"background-color":"var(--ast-global-color-4)","background-image":"","background-repeat":"repeat","background-position":"center center","background-size":"auto","background-attachment":"scroll","background-type":"","background-media":"","overlay-type":"","overlay-color":"","overlay-opacity":"","overlay-gradient":""}},"footnotes":""},"class_list":["post-1100","page","type-page","status-publish","hentry"],"_links":{"self":[{"href":"http:\/\/www.vorderaue.de\/index.php\/wp-json\/wp\/v2\/pages\/1100","targetHints":{"allow":["GET"]}}],"collection":[{"href":"http:\/\/www.vorderaue.de\/index.php\/wp-json\/wp\/v2\/pages"}],"about":[{"href":"http:\/\/www.vorderaue.de\/index.php\/wp-json\/wp\/v2\/types\/page"}],"author":[{"embeddable":true,"href":"http:\/\/www.vorderaue.de\/index.php\/wp-json\/wp\/v2\/users\/1"}],"replies":[{"embeddable":true,"href":"http:\/\/www.vorderaue.de\/index.php\/wp-json\/wp\/v2\/comments?post=1100"}],"version-history":[{"count":3,"href":"http:\/\/www.vorderaue.de\/index.php\/wp-json\/wp\/v2\/pages\/1100\/revisions"}],"predecessor-version":[{"id":1176,"href":"http:\/\/www.vorderaue.de\/index.php\/wp-json\/wp\/v2\/pages\/1100\/revisions\/1176"}],"wp:attachment":[{"href":"http:\/\/www.vorderaue.de\/index.php\/wp-json\/wp\/v2\/media?parent=1100"}],"curies":[{"name":"wp","href":"https:\/\/api.w.org\/{rel}","templated":true}]}}