{"id":1164,"date":"2026-03-14T17:11:27","date_gmt":"2026-03-14T16:11:27","guid":{"rendered":"http:\/\/www.vorderaue.de\/?page_id=1164"},"modified":"2026-03-20T16:46:25","modified_gmt":"2026-03-20T15:46:25","slug":"touptek-atr2600c","status":"publish","type":"page","link":"http:\/\/www.vorderaue.de\/index.php\/touptek-atr2600c\/","title":{"rendered":"ToupTek ATR2600C"},"content":{"rendered":"\n<p class=\"has-text-align-center\"><img loading=\"lazy\" decoding=\"async\" width=\"800\" height=\"534\" class=\"wp-image-28\" style=\"width: 800px;\" src=\"http:\/\/www.vorderaue.de\/wp-content\/uploads\/2026\/01\/touptekklein-4065.jpg\" alt=\"\" srcset=\"http:\/\/www.vorderaue.de\/wp-content\/uploads\/2026\/01\/touptekklein-4065.jpg 1840w, http:\/\/www.vorderaue.de\/wp-content\/uploads\/2026\/01\/touptekklein-4065-300x200.jpg 300w, http:\/\/www.vorderaue.de\/wp-content\/uploads\/2026\/01\/touptekklein-4065-1024x683.jpg 1024w, http:\/\/www.vorderaue.de\/wp-content\/uploads\/2026\/01\/touptekklein-4065-768x513.jpg 768w, http:\/\/www.vorderaue.de\/wp-content\/uploads\/2026\/01\/touptekklein-4065-1536x1025.jpg 1536w\" sizes=\"auto, (max-width: 800px) 100vw, 800px\" \/><\/p>\n\n\n\n<p class=\"has-text-align-center\"><strong>Die Kamera ist so gut wie neu. Sie ist leider nicht mehr zum Einsatz gekommenn.<\/strong><\/p>\n\n\n\n<p>Hier wurde der sensationelle SONY EXMOR IMX571 Chip verbaut, welcher geradezu ideale Eigenschaften f\u00fcr die Astrofotografie hat:<\/p>\n\n\n\n<ul class=\"wp-block-list\">\n<li>extreme Empfindlichkeit dank der backside illumination Technologie<\/li>\n\n\n\n<li>sehr geringes Ausleserauschen von 0,7-3,5 e- (je nach eingestellter Gain)<\/li>\n\n\n\n<li>sehr geringer Dunkelstrom von 0,0005e- (je pixel und Sekunde, bei -20\u00b0C)<\/li>\n\n\n\n<li>kein sichtbares Verst\u00e4rkergl\u00fchen mehr &#8211; saubere Rohbilder<\/li>\n\n\n\n<li>nativer 16 Bit A\/D Wandler<\/li>\n\n\n\n<li>hohe fullwell Kapazit\u00e4t der Pixel &#8211; weniger ausgebrannte Sterne<\/li>\n<\/ul>\n\n\n\n<h2 class=\"wp-block-heading\">Sensor Spezifikation IMX571:<\/h2>\n\n\n\n<ul class=\"wp-block-list\">\n<li>Pixelgr\u00f6\u00dfe 3,76&#215;3,76\u00b5m<\/li>\n\n\n\n<li>Sensorgr\u00f6\u00dfe 23.48&#215;15.67mm,&nbsp; 6224&#215;4168 Pixel, 26MP<\/li>\n\n\n\n<li>Belichtungszeiten 0.1ms bis 3600s<\/li>\n\n\n\n<li>Bayermatrix RGGB<\/li>\n\n\n\n<li>Binning modes 1&#215;1, 2&#215;2, 3&#215;3<\/li>\n\n\n\n<li>Auslesegeschwindigkeiten 6.8fps@6224&#215;4168(16bit), 14fps@6224&#215;4168, 37fps@3104&#215;2048, 110fps2064x1388<\/li>\n<\/ul>\n\n\n\n<p><\/p>\n\n\n\n<h2 class=\"wp-block-heading\">Kameraeigenschaften:<\/h2>\n\n\n\n<ul class=\"wp-block-list\">\n<li>Gain und Offset sind getrennt einstellbar, um sowohl f\u00fcr hohe Dynamik als auch f\u00fcr geringstes Ausleserausche bei Kurzbelichtung ger\u00fcstet zu sein.<br><strong>Es wird empfohlen: <\/strong>Gain Null und <strong>Offset<\/strong> 100 als Basiseinstellung, und dazu <strong>LowConversionGain (LCG)<\/strong> f\u00fcr gr\u00f6\u00dfte Dynamik, und <strong>HighConversionGain<\/strong> <strong>(HCG)<\/strong>&nbsp; f\u00fcr gro\u00dfe Empfindlichkeit bei wenig Dynamikverlust. Bei DeepSky Aufnahmen unbedingt <strong>Low Noise (&#8222;wenig L\u00e4rm&#8220;)<\/strong> einstellen, das ist um den USB Traffic zu regeln! Weiters <strong>RAW<\/strong> ausw\u00e4hlen f\u00fcr nicht debayerte Rohbilder.<\/li>\n\n\n\n<li>Die 2-stufige regelbare Peltier K\u00fchlung k\u00fchlt 35 Grad herunter &#8211; ausreichend f\u00fcr den rauscharmen Sensor<\/li>\n\n\n\n<li>Eine Fensterheizung ist verbaut, gut bei feuchten N\u00e4chten damit das Kamerafenster nicht beschl\u00e4gt. Nun viel st\u00e4rker ausgelegt als beim T2 Modell<\/li>\n\n\n\n<li>Eine externe Trockenpatrone kann angebracht werden, um Feuchte aus dem versiegelten Kamerageh\u00e4use herauszuziehen.<\/li>\n\n\n\n<li>Auf der Kamerar\u00fcckseite befinden sich rote LEDs zur Zustandsanzeige, und ein USB Hub mit 2 USB2 Ports, zus\u00e4tzlich zum USB3 Kamera Anschluss.<\/li>\n\n\n\n<li>IRcut Filter im Kamerafenster verbaut<\/li>\n\n\n\n<li>512MB DDR3 RAM Pufferspeicher<\/li>\n\n\n\n<li>Anschluss M42x0,75 Innengewinde mit Auflagema\u00df zum Sensor 17,5mm<\/li>\n<\/ul>\n\n\n\n<p>Beispielbilder: <a href=\"https:\/\/app.astrobin.com\/search?p=eJy7ObUktaLEVtXcSdXIqCwxpzQVSKsaOwLJkPzSgpDUbFUjA8eQICMzAwNnkJQRiMxNLEnOCKksQCh29PGBy%2Bbn5VQGpyYWJWd45oVkluSkFjvmpbikFicXZRaUZObnFUN0pSXmFKeqmruoFSSmp9oagqngzCog08AAAJcDLqg%3D\">https:\/\/app.astrobin.com\/search?p=eJy7ObUktaLEVtXcSdXIqCwxpzQVSKsaOwLJkPzSgpDUbFUjA8eQICMzAwNnkJQRiMxNLEnOCKksQCh29PGBy%2Bbn5VQGpyYWJWd45oVkluSkFjvmpbikFicXZRaUZObnFUN0pSXmFKeqmruoFSSmp9oagqngzCog08AAAJcDLqg%3D<\/a><\/p>\n\n\n\n<p><\/p>\n\n\n\n<p class=\"has-text-align-center has-medium-font-size\"><strong>Preis: 1000 \u20ac<\/strong><\/p>\n","protected":false},"excerpt":{"rendered":"<p>Die Kamera ist so gut wie neu. Sie ist leider nicht mehr zum Einsatz gekommenn. Hier wurde der sensationelle SONY [&hellip;]<\/p>\n","protected":false},"author":1,"featured_media":0,"parent":0,"menu_order":0,"comment_status":"closed","ping_status":"closed","template":"","meta":{"site-sidebar-layout":"default","site-content-layout":"","ast-site-content-layout":"default","site-content-style":"default","site-sidebar-style":"default","ast-global-header-display":"","ast-banner-title-visibility":"","ast-main-header-display":"","ast-hfb-above-header-display":"","ast-hfb-below-header-display":"","ast-hfb-mobile-header-display":"","site-post-title":"","ast-breadcrumbs-content":"","ast-featured-img":"","footer-sml-layout":"","ast-disable-related-posts":"","theme-transparent-header-meta":"","adv-header-id-meta":"","stick-header-meta":"","header-above-stick-meta":"","header-main-stick-meta":"","header-below-stick-meta":"","astra-migrate-meta-layouts":"default","ast-page-background-enabled":"default","ast-page-background-meta":{"desktop":{"background-color":"var(--ast-global-color-5)","background-image":"","background-repeat":"repeat","background-position":"center center","background-size":"auto","background-attachment":"scroll","background-type":"","background-media":"","overlay-type":"","overlay-color":"","overlay-opacity":"","overlay-gradient":""},"tablet":{"background-color":"","background-image":"","background-repeat":"repeat","background-position":"center center","background-size":"auto","background-attachment":"scroll","background-type":"","background-media":"","overlay-type":"","overlay-color":"","overlay-opacity":"","overlay-gradient":""},"mobile":{"background-color":"","background-image":"","background-repeat":"repeat","background-position":"center center","background-size":"auto","background-attachment":"scroll","background-type":"","background-media":"","overlay-type":"","overlay-color":"","overlay-opacity":"","overlay-gradient":""}},"ast-content-background-meta":{"desktop":{"background-color":"var(--ast-global-color-4)","background-image":"","background-repeat":"repeat","background-position":"center center","background-size":"auto","background-attachment":"scroll","background-type":"","background-media":"","overlay-type":"","overlay-color":"","overlay-opacity":"","overlay-gradient":""},"tablet":{"background-color":"var(--ast-global-color-4)","background-image":"","background-repeat":"repeat","background-position":"center center","background-size":"auto","background-attachment":"scroll","background-type":"","background-media":"","overlay-type":"","overlay-color":"","overlay-opacity":"","overlay-gradient":""},"mobile":{"background-color":"var(--ast-global-color-4)","background-image":"","background-repeat":"repeat","background-position":"center center","background-size":"auto","background-attachment":"scroll","background-type":"","background-media":"","overlay-type":"","overlay-color":"","overlay-opacity":"","overlay-gradient":""}},"footnotes":""},"class_list":["post-1164","page","type-page","status-publish","hentry"],"_links":{"self":[{"href":"http:\/\/www.vorderaue.de\/index.php\/wp-json\/wp\/v2\/pages\/1164","targetHints":{"allow":["GET"]}}],"collection":[{"href":"http:\/\/www.vorderaue.de\/index.php\/wp-json\/wp\/v2\/pages"}],"about":[{"href":"http:\/\/www.vorderaue.de\/index.php\/wp-json\/wp\/v2\/types\/page"}],"author":[{"embeddable":true,"href":"http:\/\/www.vorderaue.de\/index.php\/wp-json\/wp\/v2\/users\/1"}],"replies":[{"embeddable":true,"href":"http:\/\/www.vorderaue.de\/index.php\/wp-json\/wp\/v2\/comments?post=1164"}],"version-history":[{"count":4,"href":"http:\/\/www.vorderaue.de\/index.php\/wp-json\/wp\/v2\/pages\/1164\/revisions"}],"predecessor-version":[{"id":1326,"href":"http:\/\/www.vorderaue.de\/index.php\/wp-json\/wp\/v2\/pages\/1164\/revisions\/1326"}],"wp:attachment":[{"href":"http:\/\/www.vorderaue.de\/index.php\/wp-json\/wp\/v2\/media?parent=1164"}],"curies":[{"name":"wp","href":"https:\/\/api.w.org\/{rel}","templated":true}]}}