{"id":1551,"date":"2026-04-07T15:52:52","date_gmt":"2026-04-07T13:52:52","guid":{"rendered":"http:\/\/www.vorderaue.de\/?page_id=1551"},"modified":"2026-04-07T15:54:57","modified_gmt":"2026-04-07T13:54:57","slug":"astro-physics-067x-brennweitenreduzierer-fuer-astrofotografie","status":"publish","type":"page","link":"http:\/\/www.vorderaue.de\/index.php\/astro-physics-067x-brennweitenreduzierer-fuer-astrofotografie\/","title":{"rendered":"Astro Physics 0,67x Brennweitenreduzierer f\u00fcr Astrofotografie"},"content":{"rendered":"\n<figure class=\"wp-block-image size-full\"><img loading=\"lazy\" decoding=\"async\" width=\"527\" height=\"522\" src=\"http:\/\/www.vorderaue.de\/wp-content\/uploads\/2026\/04\/astrophysicsccdtelecompressor.jpg\" alt=\"\" class=\"wp-image-1544\" srcset=\"http:\/\/www.vorderaue.de\/wp-content\/uploads\/2026\/04\/astrophysicsccdtelecompressor.jpg 527w, http:\/\/www.vorderaue.de\/wp-content\/uploads\/2026\/04\/astrophysicsccdtelecompressor-300x297.jpg 300w, http:\/\/www.vorderaue.de\/wp-content\/uploads\/2026\/04\/astrophysicsccdtelecompressor-150x150.jpg 150w\" sizes=\"auto, (max-width: 527px) 100vw, 527px\" \/><\/figure>\n\n\n\n<p>Der Kompressor ist f\u00fcr Refraktoren mit f\/9 und f\u00fcr RC Teleskope gut geeignet. Die Lichtst\u00e4rke wird deutlich erh\u00f6ht.<\/p>\n\n\n\n<ul class=\"wp-block-list\">\n<li>Sehr gut f\u00fcr f\/8 RC Teleskope geeignet<\/li>\n\n\n\n<li>das \u00d6ffnungsverh\u00e4ltnis wird auf f\/5,3 verbessert <\/li>\n\n\n\n<li>Es erfolgt keine Korrektur des Bildfeldes, es wird nur die Brennweite reduziert<\/li>\n\n\n\n<li>Sensoren bis APS-C Format k\u00f6nnen eingesetzt werden<\/li>\n\n\n\n<li>Optimaler Arbeitsabstand vom M48x0,75-Anschlussgewinde zum Kamerasensor ist 85 mm. Platz genug f\u00fcr Zubeh\u00f6r wie Off-Axis-Guider oder Filterr\u00e4der<\/li>\n<\/ul>\n\n\n\n<p class=\"has-text-align-center\"><strong>Preis: 150 \u20ac<\/strong><\/p>\n","protected":false},"excerpt":{"rendered":"<p>Der Kompressor ist f\u00fcr Refraktoren mit f\/9 und f\u00fcr RC Teleskope gut geeignet. Die Lichtst\u00e4rke wird deutlich erh\u00f6ht. Preis: 150 [&hellip;]<\/p>\n","protected":false},"author":1,"featured_media":0,"parent":0,"menu_order":0,"comment_status":"closed","ping_status":"closed","template":"","meta":{"site-sidebar-layout":"default","site-content-layout":"","ast-site-content-layout":"default","site-content-style":"default","site-sidebar-style":"default","ast-global-header-display":"","ast-banner-title-visibility":"","ast-main-header-display":"","ast-hfb-above-header-display":"","ast-hfb-below-header-display":"","ast-hfb-mobile-header-display":"","site-post-title":"","ast-breadcrumbs-content":"","ast-featured-img":"","footer-sml-layout":"","ast-disable-related-posts":"","theme-transparent-header-meta":"","adv-header-id-meta":"","stick-header-meta":"","header-above-stick-meta":"","header-main-stick-meta":"","header-below-stick-meta":"","astra-migrate-meta-layouts":"default","ast-page-background-enabled":"default","ast-page-background-meta":{"desktop":{"background-color":"var(--ast-global-color-5)","background-image":"","background-repeat":"repeat","background-position":"center center","background-size":"auto","background-attachment":"scroll","background-type":"","background-media":"","overlay-type":"","overlay-color":"","overlay-opacity":"","overlay-gradient":""},"tablet":{"background-color":"","background-image":"","background-repeat":"repeat","background-position":"center center","background-size":"auto","background-attachment":"scroll","background-type":"","background-media":"","overlay-type":"","overlay-color":"","overlay-opacity":"","overlay-gradient":""},"mobile":{"background-color":"","background-image":"","background-repeat":"repeat","background-position":"center center","background-size":"auto","background-attachment":"scroll","background-type":"","background-media":"","overlay-type":"","overlay-color":"","overlay-opacity":"","overlay-gradient":""}},"ast-content-background-meta":{"desktop":{"background-color":"var(--ast-global-color-4)","background-image":"","background-repeat":"repeat","background-position":"center center","background-size":"auto","background-attachment":"scroll","background-type":"","background-media":"","overlay-type":"","overlay-color":"","overlay-opacity":"","overlay-gradient":""},"tablet":{"background-color":"var(--ast-global-color-4)","background-image":"","background-repeat":"repeat","background-position":"center center","background-size":"auto","background-attachment":"scroll","background-type":"","background-media":"","overlay-type":"","overlay-color":"","overlay-opacity":"","overlay-gradient":""},"mobile":{"background-color":"var(--ast-global-color-4)","background-image":"","background-repeat":"repeat","background-position":"center center","background-size":"auto","background-attachment":"scroll","background-type":"","background-media":"","overlay-type":"","overlay-color":"","overlay-opacity":"","overlay-gradient":""}},"footnotes":""},"class_list":["post-1551","page","type-page","status-publish","hentry"],"_links":{"self":[{"href":"http:\/\/www.vorderaue.de\/index.php\/wp-json\/wp\/v2\/pages\/1551","targetHints":{"allow":["GET"]}}],"collection":[{"href":"http:\/\/www.vorderaue.de\/index.php\/wp-json\/wp\/v2\/pages"}],"about":[{"href":"http:\/\/www.vorderaue.de\/index.php\/wp-json\/wp\/v2\/types\/page"}],"author":[{"embeddable":true,"href":"http:\/\/www.vorderaue.de\/index.php\/wp-json\/wp\/v2\/users\/1"}],"replies":[{"embeddable":true,"href":"http:\/\/www.vorderaue.de\/index.php\/wp-json\/wp\/v2\/comments?post=1551"}],"version-history":[{"count":2,"href":"http:\/\/www.vorderaue.de\/index.php\/wp-json\/wp\/v2\/pages\/1551\/revisions"}],"predecessor-version":[{"id":1554,"href":"http:\/\/www.vorderaue.de\/index.php\/wp-json\/wp\/v2\/pages\/1551\/revisions\/1554"}],"wp:attachment":[{"href":"http:\/\/www.vorderaue.de\/index.php\/wp-json\/wp\/v2\/media?parent=1551"}],"curies":[{"name":"wp","href":"https:\/\/api.w.org\/{rel}","templated":true}]}}