{"id":1636,"date":"2026-04-15T16:48:14","date_gmt":"2026-04-15T14:48:14","guid":{"rendered":"http:\/\/www.vorderaue.de\/?page_id=1636"},"modified":"2026-04-15T16:48:14","modified_gmt":"2026-04-15T14:48:14","slug":"hutschenreuther-tafelservice-mit-goldkranz-kobalt-8633-4733","status":"publish","type":"page","link":"http:\/\/www.vorderaue.de\/index.php\/hutschenreuther-tafelservice-mit-goldkranz-kobalt-8633-4733\/","title":{"rendered":"Hutschenreuther Tafelservice mit Goldkranz Kobalt 8633\/4733"},"content":{"rendered":"\n<p><\/p>\n\n\n\n<figure class=\"wp-block-table is-style-stripes\"><table class=\"has-fixed-layout\" style=\"border-style:none;border-width:0px\"><tbody><tr><td>Typ<\/td><td>Ma\u00dfe<\/td><td>St\u00fcckpreis<\/td><td class=\"has-text-align-center\" data-align=\"center\"><\/td><td>Anzahl<\/td><\/tr><tr><td>Broteller<\/td><td>15,7 cm <strong>\u00d8<\/strong><\/td><td>8 \u20ac<\/td><td class=\"has-text-align-center\" data-align=\"center\"><img decoding=\"async\" class=\"wp-image-1639\" style=\"width: 150px;\" src=\"http:\/\/www.vorderaue.de\/wp-content\/uploads\/2026\/04\/hutschenreutherbrotteller.jpg\" alt=\"\"><\/td><td>11<\/td><\/tr><tr><td>Kuchenteller<\/td><td>20,5 cm <strong>\u00d8<\/strong><\/td><td>8 \u20ac<\/td><td class=\"has-text-align-center\" data-align=\"center\"><img decoding=\"async\" class=\"wp-image-1639\" style=\"width: 150px;\" src=\"http:\/\/www.vorderaue.de\/wp-content\/uploads\/2026\/04\/hutschenreutherbrotteller.jpg\" alt=\"\"><\/td><td>12<\/td><\/tr><tr><td>Sch\u00fcssel<\/td><td>16 cm x 16 cm <\/td><td>12 \u20ac<\/td><td class=\"has-text-align-center\" data-align=\"center\"><\/td><td>2<\/td><\/tr><tr><td>Suppenteller<\/td><td>25 cm <strong>\u00d8<\/strong><\/td><td>10 \u20ac<\/td><td class=\"has-text-align-center\" data-align=\"center\"><img decoding=\"async\" class=\"wp-image-1640\" style=\"width: 150px;\" src=\"http:\/\/www.vorderaue.de\/wp-content\/uploads\/2026\/04\/hutschenreutheresuppenteller.jpg\" alt=\"\"><\/td><td>12<\/td><\/tr><tr><td>Essteller<\/td><td>25 cm <strong>\u00d8<\/strong><\/td><td>10 \u20ac<\/td><td class=\"has-text-align-center\" data-align=\"center\"><img decoding=\"async\" class=\"wp-image-1641\" style=\"width: 150px;\" src=\"http:\/\/www.vorderaue.de\/wp-content\/uploads\/2026\/04\/hutschenreutheressteller.jpg\" alt=\"\"><\/td><td>22<\/td><\/tr><tr><td>Sauciere<\/td><td>22 cm<\/td><td>12 \u20ac<\/td><td class=\"has-text-align-center\" data-align=\"center\"><\/td><td>2<\/td><\/tr><tr><td>kl. Schalen<\/td><td>25,5 cm x 14 cm<\/td><td>8 \u20ac<\/td><td class=\"has-text-align-center\" data-align=\"center\"><\/td><td>2<\/td><\/tr><tr><td>kl. Platte<\/td><td>25 cm x 18 cm <\/td><td>8 \u20ac<\/td><td class=\"has-text-align-center\" data-align=\"center\"><\/td><td>2<\/td><\/tr><tr><td>gr. Platte<\/td><td>45 cm x 31 cm<\/td><td>15 \u20ac<\/td><td class=\"has-text-align-center\" data-align=\"center\"><img decoding=\"async\" class=\"wp-image-1642\" style=\"width: 150px;\" src=\"http:\/\/www.vorderaue.de\/wp-content\/uploads\/2026\/04\/hutschenreuthergrfleischplatte.jpg\" alt=\"\"><\/td><td>1<\/td><\/tr><tr><td>Suppensch\u00fcssel mit Deckel<\/td><td>23 cm <strong>\u00d8<\/strong><\/td><td>15 \u20ac<\/td><td class=\"has-text-align-center\" data-align=\"center\"><\/td><td>2<\/td><\/tr><tr><td>Suppensch\u00fcssel mit Deckel<\/td><td>28 cm <strong>\u00d8<\/strong><\/td><td>15 \u20ac<\/td><td class=\"has-text-align-center\" data-align=\"center\"><\/td><td>1<\/td><\/tr><tr><td>Schale<\/td><td>16 cm <strong>\u00d8<\/strong> x 16 cm <strong>\u00d8<\/strong> <\/td><td>10 \u20ac<\/td><td class=\"has-text-align-center\" data-align=\"center\"><\/td><td>2<\/td><\/tr><tr><td>Schale<\/td><td>21 cm <strong>\u00d8<\/strong> x 21 cm <strong>\u00d8<\/strong> <\/td><td>12 \u20ac<\/td><td class=\"has-text-align-center\" data-align=\"center\"><img decoding=\"async\" class=\"wp-image-1638\" style=\"width: 150px;\" src=\"http:\/\/www.vorderaue.de\/wp-content\/uploads\/2026\/04\/hutschenreutherschale.jpg\" alt=\"\"><\/td><td>2<\/td><\/tr><tr><td>gro\u00dfer tiefer Teller<\/td><td>31 cm <strong>\u00d8<\/strong><\/td><td>15 \u20ac<\/td><td class=\"has-text-align-center\" data-align=\"center\"><\/td><td>1<\/td><\/tr><tr><td>gro\u00dfer flacher Teller<\/td><td>32 cm <strong>\u00d8<\/strong><\/td><td>15 \u20ac<\/td><td class=\"has-text-align-center\" data-align=\"center\"><\/td><td>1<\/td><\/tr><\/tbody><\/table><\/figure>\n\n\n\n<p class=\"has-text-align-center\"><strong>Preis gesamt: 600 \u20ac<\/strong><\/p>\n","protected":false},"excerpt":{"rendered":"<p>Typ Ma\u00dfe St\u00fcckpreis Anzahl Broteller 15,7 cm \u00d8 8 \u20ac 11 Kuchenteller 20,5 cm \u00d8 8 \u20ac 12 Sch\u00fcssel 16 [&hellip;]<\/p>\n","protected":false},"author":1,"featured_media":0,"parent":0,"menu_order":0,"comment_status":"closed","ping_status":"closed","template":"","meta":{"site-sidebar-layout":"default","site-content-layout":"","ast-site-content-layout":"default","site-content-style":"default","site-sidebar-style":"default","ast-global-header-display":"","ast-banner-title-visibility":"","ast-main-header-display":"","ast-hfb-above-header-display":"","ast-hfb-below-header-display":"","ast-hfb-mobile-header-display":"","site-post-title":"","ast-breadcrumbs-content":"","ast-featured-img":"","footer-sml-layout":"","ast-disable-related-posts":"","theme-transparent-header-meta":"","adv-header-id-meta":"","stick-header-meta":"","header-above-stick-meta":"","header-main-stick-meta":"","header-below-stick-meta":"","astra-migrate-meta-layouts":"default","ast-page-background-enabled":"default","ast-page-background-meta":{"desktop":{"background-color":"var(--ast-global-color-5)","background-image":"","background-repeat":"repeat","background-position":"center center","background-size":"auto","background-attachment":"scroll","background-type":"","background-media":"","overlay-type":"","overlay-color":"","overlay-opacity":"","overlay-gradient":""},"tablet":{"background-color":"","background-image":"","background-repeat":"repeat","background-position":"center center","background-size":"auto","background-attachment":"scroll","background-type":"","background-media":"","overlay-type":"","overlay-color":"","overlay-opacity":"","overlay-gradient":""},"mobile":{"background-color":"","background-image":"","background-repeat":"repeat","background-position":"center center","background-size":"auto","background-attachment":"scroll","background-type":"","background-media":"","overlay-type":"","overlay-color":"","overlay-opacity":"","overlay-gradient":""}},"ast-content-background-meta":{"desktop":{"background-color":"var(--ast-global-color-4)","background-image":"","background-repeat":"repeat","background-position":"center center","background-size":"auto","background-attachment":"scroll","background-type":"","background-media":"","overlay-type":"","overlay-color":"","overlay-opacity":"","overlay-gradient":""},"tablet":{"background-color":"var(--ast-global-color-4)","background-image":"","background-repeat":"repeat","background-position":"center center","background-size":"auto","background-attachment":"scroll","background-type":"","background-media":"","overlay-type":"","overlay-color":"","overlay-opacity":"","overlay-gradient":""},"mobile":{"background-color":"var(--ast-global-color-4)","background-image":"","background-repeat":"repeat","background-position":"center center","background-size":"auto","background-attachment":"scroll","background-type":"","background-media":"","overlay-type":"","overlay-color":"","overlay-opacity":"","overlay-gradient":""}},"footnotes":""},"class_list":["post-1636","page","type-page","status-publish","hentry"],"_links":{"self":[{"href":"http:\/\/www.vorderaue.de\/index.php\/wp-json\/wp\/v2\/pages\/1636","targetHints":{"allow":["GET"]}}],"collection":[{"href":"http:\/\/www.vorderaue.de\/index.php\/wp-json\/wp\/v2\/pages"}],"about":[{"href":"http:\/\/www.vorderaue.de\/index.php\/wp-json\/wp\/v2\/types\/page"}],"author":[{"embeddable":true,"href":"http:\/\/www.vorderaue.de\/index.php\/wp-json\/wp\/v2\/users\/1"}],"replies":[{"embeddable":true,"href":"http:\/\/www.vorderaue.de\/index.php\/wp-json\/wp\/v2\/comments?post=1636"}],"version-history":[{"count":2,"href":"http:\/\/www.vorderaue.de\/index.php\/wp-json\/wp\/v2\/pages\/1636\/revisions"}],"predecessor-version":[{"id":1643,"href":"http:\/\/www.vorderaue.de\/index.php\/wp-json\/wp\/v2\/pages\/1636\/revisions\/1643"}],"wp:attachment":[{"href":"http:\/\/www.vorderaue.de\/index.php\/wp-json\/wp\/v2\/media?parent=1636"}],"curies":[{"name":"wp","href":"https:\/\/api.w.org\/{rel}","templated":true}]}}