{"id":2242,"date":"2026-04-24T17:22:19","date_gmt":"2026-04-24T15:22:19","guid":{"rendered":"http:\/\/www.vorderaue.de\/?page_id=2242"},"modified":"2026-04-24T17:22:55","modified_gmt":"2026-04-24T15:22:55","slug":"roland-fp10","status":"publish","type":"page","link":"http:\/\/www.vorderaue.de\/index.php\/roland-fp10\/","title":{"rendered":"Roland FP10"},"content":{"rendered":"\n<figure class=\"wp-block-table\"><table class=\"has-fixed-layout\" style=\"border-style:none;border-width:0px\"><tbody><tr><td class=\"has-text-align-center\" data-align=\"center\"><br><img loading=\"lazy\" decoding=\"async\" width=\"400\" height=\"194\" class=\"wp-image-2241\" style=\"width: 400px;\" src=\"http:\/\/www.vorderaue.de\/wp-content\/uploads\/2026\/04\/fp101.jpeg\" alt=\"\" srcset=\"http:\/\/www.vorderaue.de\/wp-content\/uploads\/2026\/04\/fp101.jpeg 1600w, http:\/\/www.vorderaue.de\/wp-content\/uploads\/2026\/04\/fp101-300x145.jpeg 300w, http:\/\/www.vorderaue.de\/wp-content\/uploads\/2026\/04\/fp101-1200x581.jpeg 1200w, http:\/\/www.vorderaue.de\/wp-content\/uploads\/2026\/04\/fp101-768x372.jpeg 768w, http:\/\/www.vorderaue.de\/wp-content\/uploads\/2026\/04\/fp101-1536x743.jpeg 1536w\" sizes=\"auto, (max-width: 400px) 100vw, 400px\" \/><\/td><td class=\"has-text-align-center\" data-align=\"center\"><img loading=\"lazy\" decoding=\"async\" width=\"400\" height=\"158\" class=\"wp-image-2240\" style=\"width: 400px;\" src=\"http:\/\/www.vorderaue.de\/wp-content\/uploads\/2026\/04\/fp102.jpeg\" alt=\"\" srcset=\"http:\/\/www.vorderaue.de\/wp-content\/uploads\/2026\/04\/fp102.jpeg 1600w, http:\/\/www.vorderaue.de\/wp-content\/uploads\/2026\/04\/fp102-300x118.jpeg 300w, http:\/\/www.vorderaue.de\/wp-content\/uploads\/2026\/04\/fp102-1200x473.jpeg 1200w, http:\/\/www.vorderaue.de\/wp-content\/uploads\/2026\/04\/fp102-768x303.jpeg 768w, http:\/\/www.vorderaue.de\/wp-content\/uploads\/2026\/04\/fp102-1536x606.jpeg 1536w\" sizes=\"auto, (max-width: 400px) 100vw, 400px\" \/><\/td><\/tr><tr><td class=\"has-text-align-center\" data-align=\"center\"><img loading=\"lazy\" decoding=\"async\" width=\"400\" height=\"45\" class=\"wp-image-2239\" style=\"width: 400px;\" src=\"http:\/\/www.vorderaue.de\/wp-content\/uploads\/2026\/04\/fp103.jpeg\" alt=\"\" srcset=\"http:\/\/www.vorderaue.de\/wp-content\/uploads\/2026\/04\/fp103.jpeg 1600w, http:\/\/www.vorderaue.de\/wp-content\/uploads\/2026\/04\/fp103-300x34.jpeg 300w, http:\/\/www.vorderaue.de\/wp-content\/uploads\/2026\/04\/fp103-1200x135.jpeg 1200w, http:\/\/www.vorderaue.de\/wp-content\/uploads\/2026\/04\/fp103-768x86.jpeg 768w, http:\/\/www.vorderaue.de\/wp-content\/uploads\/2026\/04\/fp103-1536x173.jpeg 1536w\" sizes=\"auto, (max-width: 400px) 100vw, 400px\" \/><\/td><td class=\"has-text-align-center\" data-align=\"center\"><img loading=\"lazy\" decoding=\"async\" width=\"400\" height=\"153\" class=\"wp-image-2238\" style=\"width: 400px;\" src=\"http:\/\/www.vorderaue.de\/wp-content\/uploads\/2026\/04\/fp104.jpeg\" alt=\"\" srcset=\"http:\/\/www.vorderaue.de\/wp-content\/uploads\/2026\/04\/fp104.jpeg 1600w, http:\/\/www.vorderaue.de\/wp-content\/uploads\/2026\/04\/fp104-300x115.jpeg 300w, http:\/\/www.vorderaue.de\/wp-content\/uploads\/2026\/04\/fp104-1200x458.jpeg 1200w, http:\/\/www.vorderaue.de\/wp-content\/uploads\/2026\/04\/fp104-768x293.jpeg 768w, http:\/\/www.vorderaue.de\/wp-content\/uploads\/2026\/04\/fp104-1536x587.jpeg 1536w\" sizes=\"auto, (max-width: 400px) 100vw, 400px\" \/><\/td><\/tr><tr><td class=\"has-text-align-center\" data-align=\"center\"><img loading=\"lazy\" decoding=\"async\" width=\"400\" height=\"312\" class=\"wp-image-2236\" style=\"width: 400px;\" src=\"http:\/\/www.vorderaue.de\/wp-content\/uploads\/2026\/04\/fp106.jpg\" alt=\"\" srcset=\"http:\/\/www.vorderaue.de\/wp-content\/uploads\/2026\/04\/fp106.jpg 1000w, http:\/\/www.vorderaue.de\/wp-content\/uploads\/2026\/04\/fp106-300x234.jpg 300w, http:\/\/www.vorderaue.de\/wp-content\/uploads\/2026\/04\/fp106-768x600.jpg 768w\" sizes=\"auto, (max-width: 400px) 100vw, 400px\" \/><\/td><td class=\"has-text-align-center\" data-align=\"center\"><br><br><br><\/td><\/tr><\/tbody><\/table><\/figure>\n\n\n\n<p class=\"has-text-align-center has-medium-font-size\"><strong>FP10<\/strong><\/p>\n\n\n\n<ul class=\"wp-block-list\">\n<li><\/li>\n\n\n\n<li><\/li>\n\n\n\n<li>88 Tasten mit Hammermechanik<\/li>\n\n\n\n<li>PHA-4 Standard-Tastatur<\/li>\n\n\n\n<li>max. 96-stimming polyphon<\/li>\n\n\n\n<li>SuperNATURAL Technologie: 4 Pianos, 2 E-Pianos und 9 weitere Instrumente wie Orgel und Streicher, Effektsounds<\/li>\n\n\n\n<li>Twin-Piano-Modus<\/li>\n\n\n\n<li>2 Split-Zonen<\/li>\n\n\n\n<li>Layer-Funktion<\/li>\n\n\n\n<li>integriertes Metronom<\/li>\n\n\n\n<li>Bluetooth 4.0 f\u00fcr wireless MIDI Funktionnalit\u00e4t<\/li>\n\n\n\n<li>Anschl\u00fcsse: 3,5 mm Stereo Mini-Klinke Kopfh\u00f6reranschluss, USB-A, USB-B, Eingang f\u00fcr D\u00e4mpferpedal <\/li>\n\n\n\n<li>eingebaute Lautsprecher: 2x 6 Watt<\/li>\n\n\n\n<li>Abmessungen (B x T x H): 1284 x 258 x 140 mm <\/li>\n\n\n\n<li>Gewicht: 12,3 kg <\/li>\n\n\n\n<li>Farbe: Schwarz<\/li>\n\n\n\n<li>inkl. Netzteil, Notenhalter und Pedal<\/li>\n<\/ul>\n\n\n\n<p><\/p>\n\n\n\n<p class=\"has-text-align-center has-medium-font-size\" id=\"productShortdesc\"><strong>Pianost\u00e4nder f\u00fcr Roland FP-10<\/strong><\/p>\n\n\n\n<p><\/p>\n\n\n\n<ul class=\"wp-block-list\">\n<li>Farbe: schwarz<\/li>\n\n\n\n<li>Gewicht: 7,1kg<\/li>\n\n\n\n<li>Abmessungen BxTxH: 1428x352x209 mm<\/li>\n<\/ul>\n\n\n\n<p><\/p>\n\n\n\n<p class=\"has-text-align-center has-medium-font-size\"><strong>Preis: 350 \u20ac<\/strong><\/p>\n\n\n\n<p><\/p>\n\n\n\n<p><\/p>\n","protected":false},"excerpt":{"rendered":"<p>FP10 Pianost\u00e4nder f\u00fcr Roland FP-10 Preis: 350 \u20ac<\/p>\n","protected":false},"author":1,"featured_media":0,"parent":0,"menu_order":0,"comment_status":"closed","ping_status":"closed","template":"","meta":{"site-sidebar-layout":"default","site-content-layout":"","ast-site-content-layout":"default","site-content-style":"default","site-sidebar-style":"default","ast-global-header-display":"","ast-banner-title-visibility":"","ast-main-header-display":"","ast-hfb-above-header-display":"","ast-hfb-below-header-display":"","ast-hfb-mobile-header-display":"","site-post-title":"","ast-breadcrumbs-content":"","ast-featured-img":"","footer-sml-layout":"","ast-disable-related-posts":"","theme-transparent-header-meta":"","adv-header-id-meta":"","stick-header-meta":"","header-above-stick-meta":"","header-main-stick-meta":"","header-below-stick-meta":"","astra-migrate-meta-layouts":"default","ast-page-background-enabled":"default","ast-page-background-meta":{"desktop":{"background-color":"var(--ast-global-color-5)","background-image":"","background-repeat":"repeat","background-position":"center center","background-size":"auto","background-attachment":"scroll","background-type":"","background-media":"","overlay-type":"","overlay-color":"","overlay-opacity":"","overlay-gradient":""},"tablet":{"background-color":"","background-image":"","background-repeat":"repeat","background-position":"center center","background-size":"auto","background-attachment":"scroll","background-type":"","background-media":"","overlay-type":"","overlay-color":"","overlay-opacity":"","overlay-gradient":""},"mobile":{"background-color":"","background-image":"","background-repeat":"repeat","background-position":"center center","background-size":"auto","background-attachment":"scroll","background-type":"","background-media":"","overlay-type":"","overlay-color":"","overlay-opacity":"","overlay-gradient":""}},"ast-content-background-meta":{"desktop":{"background-color":"var(--ast-global-color-4)","background-image":"","background-repeat":"repeat","background-position":"center center","background-size":"auto","background-attachment":"scroll","background-type":"","background-media":"","overlay-type":"","overlay-color":"","overlay-opacity":"","overlay-gradient":""},"tablet":{"background-color":"var(--ast-global-color-4)","background-image":"","background-repeat":"repeat","background-position":"center center","background-size":"auto","background-attachment":"scroll","background-type":"","background-media":"","overlay-type":"","overlay-color":"","overlay-opacity":"","overlay-gradient":""},"mobile":{"background-color":"var(--ast-global-color-4)","background-image":"","background-repeat":"repeat","background-position":"center center","background-size":"auto","background-attachment":"scroll","background-type":"","background-media":"","overlay-type":"","overlay-color":"","overlay-opacity":"","overlay-gradient":""}},"footnotes":""},"class_list":["post-2242","page","type-page","status-publish","hentry"],"_links":{"self":[{"href":"http:\/\/www.vorderaue.de\/index.php\/wp-json\/wp\/v2\/pages\/2242","targetHints":{"allow":["GET"]}}],"collection":[{"href":"http:\/\/www.vorderaue.de\/index.php\/wp-json\/wp\/v2\/pages"}],"about":[{"href":"http:\/\/www.vorderaue.de\/index.php\/wp-json\/wp\/v2\/types\/page"}],"author":[{"embeddable":true,"href":"http:\/\/www.vorderaue.de\/index.php\/wp-json\/wp\/v2\/users\/1"}],"replies":[{"embeddable":true,"href":"http:\/\/www.vorderaue.de\/index.php\/wp-json\/wp\/v2\/comments?post=2242"}],"version-history":[{"count":3,"href":"http:\/\/www.vorderaue.de\/index.php\/wp-json\/wp\/v2\/pages\/2242\/revisions"}],"predecessor-version":[{"id":2245,"href":"http:\/\/www.vorderaue.de\/index.php\/wp-json\/wp\/v2\/pages\/2242\/revisions\/2245"}],"wp:attachment":[{"href":"http:\/\/www.vorderaue.de\/index.php\/wp-json\/wp\/v2\/media?parent=2242"}],"curies":[{"name":"wp","href":"https:\/\/api.w.org\/{rel}","templated":true}]}}