{"id":2259,"date":"2026-04-29T14:32:31","date_gmt":"2026-04-29T12:32:31","guid":{"rendered":"http:\/\/www.vorderaue.de\/?page_id=2259"},"modified":"2026-04-29T17:43:04","modified_gmt":"2026-04-29T15:43:04","slug":"ngc4565","status":"publish","type":"page","link":"http:\/\/www.vorderaue.de\/index.php\/ngc4565\/","title":{"rendered":"NGC4565"},"content":{"rendered":"\n<p id=\"mwSw\"><strong>NGC 4565<\/strong> ist eine helle Spiralgalaxie im Sternbild Haar der Berenike am Nordhimmel. Weil von der Erde aus nur die schmale Seite der scheibenf\u00f6rmigen Galaxie zu sehen ist, wird sie in Anlehnung an diese d\u00fcnne langgezogene Erscheinung auch als <em>Nadelgalaxie<\/em> bezeichnet. Ihre Entfernung betr\u00e4gt circa 57 Millionen Lichtjahre und ihre Gr\u00f6\u00dfe \u00fcber 100.000 Lichtjahre. Die Galaxie ist eine der hellsten in der <em>Coma I Galaxy Cloud<\/em>, einer Ansammlung von Galaxien vor dem Coma-Galaxienhaufen. M\u00f6glicherweise bildet NGC 4565 darin sogar eine eigene Galaxiengruppe. In unmittelbarer N\u00e4he von NGC 4565 befindet sich die Galaxie IC 3571.<\/p>\n\n\n\n<p id=\"mwVg\">Der Astronom Wilhelm Herschel entdeckte das Objekt im Jahr 1785 im Rahmen einer von ihm durchgef\u00fchrten Himmelsdurchmusterung mit dem damals leistungsst\u00e4rksten Teleskop. NGC 4565 gilt seitdem vielen Beobachtern als eines der sch\u00f6nsten astronomischen Objekte des Nachthimmels.<\/p>\n\n\n\n<figure class=\"wp-block-image size-large is-resized\"><img loading=\"lazy\" decoding=\"async\" width=\"694\" height=\"1024\" src=\"http:\/\/www.vorderaue.de\/wp-content\/uploads\/2026\/04\/NGC4565Seestar50_01-694x1024.jpg\" alt=\"\" class=\"wp-image-2256\" style=\"aspect-ratio:0.6777272915296323;width:475px;height:auto\" srcset=\"http:\/\/www.vorderaue.de\/wp-content\/uploads\/2026\/04\/NGC4565Seestar50_01-694x1024.jpg 694w, http:\/\/www.vorderaue.de\/wp-content\/uploads\/2026\/04\/NGC4565Seestar50_01-203x300.jpg 203w, http:\/\/www.vorderaue.de\/wp-content\/uploads\/2026\/04\/NGC4565Seestar50_01-768x1133.jpg 768w, http:\/\/www.vorderaue.de\/wp-content\/uploads\/2026\/04\/NGC4565Seestar50_01.jpg 832w\" sizes=\"auto, (max-width: 694px) 100vw, 694px\" \/><\/figure>\n\n\n\n<p id=\"mwSw\"><\/p>\n\n\n\n<figure class=\"wp-block-table has-small-font-size\"><table class=\"has-fixed-layout\" style=\"border-style:none;border-width:0px\"><tbody><tr><td>Montierung\/Teleskop\/Kamera<\/td><td>Seestar S50<\/td><\/tr><tr><td>Binning<\/td><td>1\u00d71<\/td><\/tr><tr><td>Filter<\/td><td>UV\/IR-Sperrfilter<\/td><\/tr><tr><td>Aufnahme<\/td><td>23.-24.04.2026<\/td><\/tr><tr><td>Aufnahmen<\/td><td>700 x 10 Sek.<\/td><\/tr><\/tbody><\/table><\/figure>\n\n\n\n<p id=\"mwSw\"><\/p>\n\n\n\n<p><\/p>\n\n\n\n<figure class=\"wp-block-image size-large is-resized\"><img loading=\"lazy\" decoding=\"async\" width=\"694\" height=\"1024\" src=\"http:\/\/www.vorderaue.de\/wp-content\/uploads\/2026\/04\/NGC4565SeestarS50_Annotated-694x1024.jpg\" alt=\"\" class=\"wp-image-2257\" style=\"aspect-ratio:0.6777316839847753;width:446px;height:auto\" srcset=\"http:\/\/www.vorderaue.de\/wp-content\/uploads\/2026\/04\/NGC4565SeestarS50_Annotated-694x1024.jpg 694w, http:\/\/www.vorderaue.de\/wp-content\/uploads\/2026\/04\/NGC4565SeestarS50_Annotated-203x300.jpg 203w, http:\/\/www.vorderaue.de\/wp-content\/uploads\/2026\/04\/NGC4565SeestarS50_Annotated-768x1133.jpg 768w, http:\/\/www.vorderaue.de\/wp-content\/uploads\/2026\/04\/NGC4565SeestarS50_Annotated.jpg 832w\" sizes=\"auto, (max-width: 694px) 100vw, 694px\" \/><\/figure>\n","protected":false},"excerpt":{"rendered":"<p>NGC 4565 ist eine helle Spiralgalaxie im Sternbild Haar der Berenike am Nordhimmel. Weil von der Erde aus nur die [&hellip;]<\/p>\n","protected":false},"author":1,"featured_media":0,"parent":0,"menu_order":0,"comment_status":"closed","ping_status":"closed","template":"","meta":{"site-sidebar-layout":"default","site-content-layout":"","ast-site-content-layout":"default","site-content-style":"default","site-sidebar-style":"default","ast-global-header-display":"","ast-banner-title-visibility":"","ast-main-header-display":"","ast-hfb-above-header-display":"","ast-hfb-below-header-display":"","ast-hfb-mobile-header-display":"","site-post-title":"","ast-breadcrumbs-content":"","ast-featured-img":"","footer-sml-layout":"","ast-disable-related-posts":"","theme-transparent-header-meta":"","adv-header-id-meta":"","stick-header-meta":"","header-above-stick-meta":"","header-main-stick-meta":"","header-below-stick-meta":"","astra-migrate-meta-layouts":"default","ast-page-background-enabled":"default","ast-page-background-meta":{"desktop":{"background-color":"var(--ast-global-color-5)","background-image":"","background-repeat":"repeat","background-position":"center center","background-size":"auto","background-attachment":"scroll","background-type":"","background-media":"","overlay-type":"","overlay-color":"","overlay-opacity":"","overlay-gradient":""},"tablet":{"background-color":"","background-image":"","background-repeat":"repeat","background-position":"center center","background-size":"auto","background-attachment":"scroll","background-type":"","background-media":"","overlay-type":"","overlay-color":"","overlay-opacity":"","overlay-gradient":""},"mobile":{"background-color":"","background-image":"","background-repeat":"repeat","background-position":"center center","background-size":"auto","background-attachment":"scroll","background-type":"","background-media":"","overlay-type":"","overlay-color":"","overlay-opacity":"","overlay-gradient":""}},"ast-content-background-meta":{"desktop":{"background-color":"var(--ast-global-color-4)","background-image":"","background-repeat":"repeat","background-position":"center center","background-size":"auto","background-attachment":"scroll","background-type":"","background-media":"","overlay-type":"","overlay-color":"","overlay-opacity":"","overlay-gradient":""},"tablet":{"background-color":"var(--ast-global-color-4)","background-image":"","background-repeat":"repeat","background-position":"center center","background-size":"auto","background-attachment":"scroll","background-type":"","background-media":"","overlay-type":"","overlay-color":"","overlay-opacity":"","overlay-gradient":""},"mobile":{"background-color":"var(--ast-global-color-4)","background-image":"","background-repeat":"repeat","background-position":"center center","background-size":"auto","background-attachment":"scroll","background-type":"","background-media":"","overlay-type":"","overlay-color":"","overlay-opacity":"","overlay-gradient":""}},"footnotes":""},"class_list":["post-2259","page","type-page","status-publish","hentry"],"_links":{"self":[{"href":"http:\/\/www.vorderaue.de\/index.php\/wp-json\/wp\/v2\/pages\/2259","targetHints":{"allow":["GET"]}}],"collection":[{"href":"http:\/\/www.vorderaue.de\/index.php\/wp-json\/wp\/v2\/pages"}],"about":[{"href":"http:\/\/www.vorderaue.de\/index.php\/wp-json\/wp\/v2\/types\/page"}],"author":[{"embeddable":true,"href":"http:\/\/www.vorderaue.de\/index.php\/wp-json\/wp\/v2\/users\/1"}],"replies":[{"embeddable":true,"href":"http:\/\/www.vorderaue.de\/index.php\/wp-json\/wp\/v2\/comments?post=2259"}],"version-history":[{"count":7,"href":"http:\/\/www.vorderaue.de\/index.php\/wp-json\/wp\/v2\/pages\/2259\/revisions"}],"predecessor-version":[{"id":2271,"href":"http:\/\/www.vorderaue.de\/index.php\/wp-json\/wp\/v2\/pages\/2259\/revisions\/2271"}],"wp:attachment":[{"href":"http:\/\/www.vorderaue.de\/index.php\/wp-json\/wp\/v2\/media?parent=2259"}],"curies":[{"name":"wp","href":"https:\/\/api.w.org\/{rel}","templated":true}]}}