{"id":618,"date":"2026-02-20T13:15:03","date_gmt":"2026-02-20T12:15:03","guid":{"rendered":"http:\/\/www.vorderaue.de\/?page_id=618"},"modified":"2026-03-22T12:53:21","modified_gmt":"2026-03-22T11:53:21","slug":"fsq-ed-106","status":"publish","type":"page","link":"http:\/\/www.vorderaue.de\/index.php\/fsq-ed-106\/","title":{"rendered":"FSQ-ED 106"},"content":{"rendered":"\n<figure class=\"wp-block-table\"><table class=\"has-fixed-layout\" style=\"border-style:none;border-width:0px\"><tbody><tr><td class=\"has-text-align-center\" data-align=\"center\"><img loading=\"lazy\" decoding=\"async\" width=\"400\" height=\"267\" class=\"wp-image-587\" style=\"width: 400px;\" src=\"http:\/\/www.vorderaue.de\/wp-content\/uploads\/2026\/02\/unbenannt-4475.jpg\" alt=\"\" srcset=\"http:\/\/www.vorderaue.de\/wp-content\/uploads\/2026\/02\/unbenannt-4475.jpg 1798w, http:\/\/www.vorderaue.de\/wp-content\/uploads\/2026\/02\/unbenannt-4475-300x200.jpg 300w, http:\/\/www.vorderaue.de\/wp-content\/uploads\/2026\/02\/unbenannt-4475-1200x801.jpg 1200w, http:\/\/www.vorderaue.de\/wp-content\/uploads\/2026\/02\/unbenannt-4475-768x513.jpg 768w, http:\/\/www.vorderaue.de\/wp-content\/uploads\/2026\/02\/unbenannt-4475-1536x1025.jpg 1536w\" sizes=\"auto, (max-width: 400px) 100vw, 400px\" \/><\/td><td class=\"has-text-align-center\" data-align=\"center\"><img loading=\"lazy\" decoding=\"async\" width=\"400\" height=\"267\" class=\"wp-image-586\" style=\"width: 400px;\" src=\"http:\/\/www.vorderaue.de\/wp-content\/uploads\/2026\/02\/unbenannt-4473.jpg\" alt=\"\" srcset=\"http:\/\/www.vorderaue.de\/wp-content\/uploads\/2026\/02\/unbenannt-4473.jpg 1798w, http:\/\/www.vorderaue.de\/wp-content\/uploads\/2026\/02\/unbenannt-4473-300x200.jpg 300w, http:\/\/www.vorderaue.de\/wp-content\/uploads\/2026\/02\/unbenannt-4473-1200x801.jpg 1200w, http:\/\/www.vorderaue.de\/wp-content\/uploads\/2026\/02\/unbenannt-4473-768x513.jpg 768w, http:\/\/www.vorderaue.de\/wp-content\/uploads\/2026\/02\/unbenannt-4473-1536x1025.jpg 1536w\" sizes=\"auto, (max-width: 400px) 100vw, 400px\" \/><\/td><td class=\"has-text-align-center\" data-align=\"center\"><img loading=\"lazy\" decoding=\"async\" width=\"400\" height=\"267\" class=\"wp-image-585\" style=\"width: 400px;\" src=\"http:\/\/www.vorderaue.de\/wp-content\/uploads\/2026\/02\/unbenannt-4472.jpg\" alt=\"\" srcset=\"http:\/\/www.vorderaue.de\/wp-content\/uploads\/2026\/02\/unbenannt-4472.jpg 1798w, http:\/\/www.vorderaue.de\/wp-content\/uploads\/2026\/02\/unbenannt-4472-300x200.jpg 300w, http:\/\/www.vorderaue.de\/wp-content\/uploads\/2026\/02\/unbenannt-4472-1200x801.jpg 1200w, http:\/\/www.vorderaue.de\/wp-content\/uploads\/2026\/02\/unbenannt-4472-768x513.jpg 768w, http:\/\/www.vorderaue.de\/wp-content\/uploads\/2026\/02\/unbenannt-4472-1536x1025.jpg 1536w\" sizes=\"auto, (max-width: 400px) 100vw, 400px\" \/><\/td><\/tr><tr><td class=\"has-text-align-center\" data-align=\"center\"><img loading=\"lazy\" decoding=\"async\" width=\"400\" height=\"267\" class=\"wp-image-592\" style=\"width: 400px;\" src=\"http:\/\/www.vorderaue.de\/wp-content\/uploads\/2026\/02\/unbenannt-4481.jpg\" alt=\"\" srcset=\"http:\/\/www.vorderaue.de\/wp-content\/uploads\/2026\/02\/unbenannt-4481.jpg 1798w, http:\/\/www.vorderaue.de\/wp-content\/uploads\/2026\/02\/unbenannt-4481-300x200.jpg 300w, http:\/\/www.vorderaue.de\/wp-content\/uploads\/2026\/02\/unbenannt-4481-1200x801.jpg 1200w, http:\/\/www.vorderaue.de\/wp-content\/uploads\/2026\/02\/unbenannt-4481-768x513.jpg 768w, http:\/\/www.vorderaue.de\/wp-content\/uploads\/2026\/02\/unbenannt-4481-1536x1025.jpg 1536w\" sizes=\"auto, (max-width: 400px) 100vw, 400px\" \/><\/td><td class=\"has-text-align-center\" data-align=\"center\"><img loading=\"lazy\" decoding=\"async\" width=\"400\" height=\"267\" class=\"wp-image-591\" style=\"width: 400px;\" src=\"http:\/\/www.vorderaue.de\/wp-content\/uploads\/2026\/02\/unbenannt-4480.jpg\" alt=\"\" srcset=\"http:\/\/www.vorderaue.de\/wp-content\/uploads\/2026\/02\/unbenannt-4480.jpg 1798w, http:\/\/www.vorderaue.de\/wp-content\/uploads\/2026\/02\/unbenannt-4480-300x200.jpg 300w, http:\/\/www.vorderaue.de\/wp-content\/uploads\/2026\/02\/unbenannt-4480-1200x801.jpg 1200w, http:\/\/www.vorderaue.de\/wp-content\/uploads\/2026\/02\/unbenannt-4480-768x513.jpg 768w, http:\/\/www.vorderaue.de\/wp-content\/uploads\/2026\/02\/unbenannt-4480-1536x1025.jpg 1536w\" sizes=\"auto, (max-width: 400px) 100vw, 400px\" \/><\/td><td class=\"has-text-align-center\" data-align=\"center\"><img loading=\"lazy\" decoding=\"async\" width=\"400\" height=\"267\" class=\"wp-image-590\" style=\"width: 400px;\" src=\"http:\/\/www.vorderaue.de\/wp-content\/uploads\/2026\/02\/unbenannt-4479.jpg\" alt=\"\" srcset=\"http:\/\/www.vorderaue.de\/wp-content\/uploads\/2026\/02\/unbenannt-4479.jpg 1798w, http:\/\/www.vorderaue.de\/wp-content\/uploads\/2026\/02\/unbenannt-4479-300x200.jpg 300w, http:\/\/www.vorderaue.de\/wp-content\/uploads\/2026\/02\/unbenannt-4479-1200x801.jpg 1200w, http:\/\/www.vorderaue.de\/wp-content\/uploads\/2026\/02\/unbenannt-4479-768x513.jpg 768w, http:\/\/www.vorderaue.de\/wp-content\/uploads\/2026\/02\/unbenannt-4479-1536x1025.jpg 1536w\" sizes=\"auto, (max-width: 400px) 100vw, 400px\" \/><\/td><\/tr><tr><td class=\"has-text-align-center\" data-align=\"center\"><img loading=\"lazy\" decoding=\"async\" width=\"400\" height=\"267\" class=\"wp-image-589\" style=\"width: 400px;\" src=\"http:\/\/www.vorderaue.de\/wp-content\/uploads\/2026\/02\/unbenannt-4477.jpg\" alt=\"\" srcset=\"http:\/\/www.vorderaue.de\/wp-content\/uploads\/2026\/02\/unbenannt-4477.jpg 1798w, http:\/\/www.vorderaue.de\/wp-content\/uploads\/2026\/02\/unbenannt-4477-300x200.jpg 300w, http:\/\/www.vorderaue.de\/wp-content\/uploads\/2026\/02\/unbenannt-4477-1200x801.jpg 1200w, http:\/\/www.vorderaue.de\/wp-content\/uploads\/2026\/02\/unbenannt-4477-768x513.jpg 768w, http:\/\/www.vorderaue.de\/wp-content\/uploads\/2026\/02\/unbenannt-4477-1536x1025.jpg 1536w\" sizes=\"auto, (max-width: 400px) 100vw, 400px\" \/><\/td><td class=\"has-text-align-center\" data-align=\"center\"><img loading=\"lazy\" decoding=\"async\" width=\"400\" height=\"267\" class=\"wp-image-588\" style=\"width: 400px;\" src=\"http:\/\/www.vorderaue.de\/wp-content\/uploads\/2026\/02\/unbenannt-4476.jpg\" alt=\"\" srcset=\"http:\/\/www.vorderaue.de\/wp-content\/uploads\/2026\/02\/unbenannt-4476.jpg 1798w, http:\/\/www.vorderaue.de\/wp-content\/uploads\/2026\/02\/unbenannt-4476-300x200.jpg 300w, http:\/\/www.vorderaue.de\/wp-content\/uploads\/2026\/02\/unbenannt-4476-1200x801.jpg 1200w, http:\/\/www.vorderaue.de\/wp-content\/uploads\/2026\/02\/unbenannt-4476-768x513.jpg 768w, http:\/\/www.vorderaue.de\/wp-content\/uploads\/2026\/02\/unbenannt-4476-1536x1025.jpg 1536w\" sizes=\"auto, (max-width: 400px) 100vw, 400px\" \/><\/td><td class=\"has-text-align-center\" data-align=\"center\"><img loading=\"lazy\" decoding=\"async\" width=\"400\" height=\"267\" class=\"wp-image-584\" style=\"width: 400px;\" src=\"http:\/\/www.vorderaue.de\/wp-content\/uploads\/2026\/02\/unbenannt-4460.jpg\" alt=\"\" srcset=\"http:\/\/www.vorderaue.de\/wp-content\/uploads\/2026\/02\/unbenannt-4460.jpg 1798w, http:\/\/www.vorderaue.de\/wp-content\/uploads\/2026\/02\/unbenannt-4460-300x200.jpg 300w, http:\/\/www.vorderaue.de\/wp-content\/uploads\/2026\/02\/unbenannt-4460-1200x801.jpg 1200w, http:\/\/www.vorderaue.de\/wp-content\/uploads\/2026\/02\/unbenannt-4460-768x513.jpg 768w, http:\/\/www.vorderaue.de\/wp-content\/uploads\/2026\/02\/unbenannt-4460-1536x1025.jpg 1536w\" sizes=\"auto, (max-width: 400px) 100vw, 400px\" \/><\/td><\/tr><tr><td class=\"has-text-align-center\" data-align=\"center\"><img loading=\"lazy\" decoding=\"async\" width=\"260\" height=\"244\" class=\"wp-image-748\" style=\"width: 260px;\" src=\"http:\/\/www.vorderaue.de\/wp-content\/uploads\/2026\/03\/takahashireducer-4123klein.jpg\" alt=\"\" srcset=\"http:\/\/www.vorderaue.de\/wp-content\/uploads\/2026\/03\/takahashireducer-4123klein.jpg 486w, http:\/\/www.vorderaue.de\/wp-content\/uploads\/2026\/03\/takahashireducer-4123klein-300x282.jpg 300w\" sizes=\"auto, (max-width: 260px) 100vw, 260px\" \/><\/td><td class=\"has-text-align-center\" data-align=\"center\"><\/td><td class=\"has-text-align-center\" data-align=\"center\"><img loading=\"lazy\" decoding=\"async\" width=\"200\" height=\"209\" class=\"wp-image-747\" style=\"width: 200px;\" src=\"http:\/\/www.vorderaue.de\/wp-content\/uploads\/2026\/03\/takahashiextender-4124klein.jpg\" alt=\"\" srcset=\"http:\/\/www.vorderaue.de\/wp-content\/uploads\/2026\/03\/takahashiextender-4124klein.jpg 513w, http:\/\/www.vorderaue.de\/wp-content\/uploads\/2026\/03\/takahashiextender-4124klein-288x300.jpg 288w\" sizes=\"auto, (max-width: 200px) 100vw, 200px\" \/><\/td><\/tr><\/tbody><\/table><\/figure>\n\n\n\n<p><\/p>\n\n\n\n<p>Der Takahashi FSQ-106ED ist ein hochklassiger 4-linsiger Petzval-Apochromat, der speziell f\u00fcr die Deep-Sky-Astrofotografie entwickelt wurde. Er gilt als einer der besten verf\u00fcgbaren Astrograph-Refraktoren f\u00fcr Amateurastronomen.<\/p>\n\n\n\n<p>Komplettsystem (mit Captains Wheel) von 387mm\/f3.6 \u00fcber 530mm\/f5 bis 850mm\/f8.0 inkl. dem hochpr\u00e4zisen FSC Focus Wizard der die Temperaturempfindlichkeit des Takahashis souver\u00e4n kontrolliert (Fire and Forget).<\/p>\n\n\n\n<p>Das System ist in gutem Zustand.<\/p>\n\n\n\n<p><\/p>\n\n\n\n<p>Zum Teleskop geh\u00f6ren<\/p>\n\n\n\n<ul class=\"wp-block-list\">\n<li>M68-Adapter<\/li>\n\n\n\n<li>lasergeschnittene Batimov-Maske<\/li>\n\n\n\n<li>eine montierte Telradbasis nebst Telrad<\/li>\n\n\n\n<li>33cm (13 Zoll) Losmandyschiene<\/li>\n\n\n\n<li>2&#8243;-Baader-Clicklock<\/li>\n\n\n\n<li>Takahashi kombinierter 2&#8243;\/1,25&#8243;-Okularadapter<\/li>\n\n\n\n<li>ben\u00f6tigte Kabel<\/li>\n\n\n\n<li>Netzteil<\/li>\n\n\n\n<li>FSC Focus Wizard II<\/li>\n\n\n\n<li>Software<\/li>\n\n\n\n<li>Handsteuerung f\u00fcr FSC Focus Wizard<\/li>\n<\/ul>\n\n\n\n<p class=\"has-text-align-center has-medium-font-size\"><strong>Preis komplett: 3400 \u20ac<\/strong><\/p>\n\n\n\n<p><strong>Bei Bedarf:<\/strong><\/p>\n\n\n\n<ul class=\"wp-block-list\">\n<li>1.6x Extender auf 850mm\/f8.0 Preis: 250 \u20ac<\/li>\n\n\n\n<li>0.73x Reducer auf 387mm\/f3.6 Preis: 250 \u20ac<\/li>\n<\/ul>\n\n\n\n<p class=\"has-text-align-center has-medium-font-size\"><strong>Alles zusammen: 3800 \u20ac<\/strong><\/p>\n\n\n\n<p><\/p>\n\n\n\n<p><\/p>\n","protected":false},"excerpt":{"rendered":"<p>Der Takahashi FSQ-106ED ist ein hochklassiger 4-linsiger Petzval-Apochromat, der speziell f\u00fcr die Deep-Sky-Astrofotografie entwickelt wurde. Er gilt als einer der [&hellip;]<\/p>\n","protected":false},"author":1,"featured_media":0,"parent":0,"menu_order":0,"comment_status":"closed","ping_status":"closed","template":"","meta":{"site-sidebar-layout":"default","site-content-layout":"","ast-site-content-layout":"default","site-content-style":"default","site-sidebar-style":"default","ast-global-header-display":"","ast-banner-title-visibility":"","ast-main-header-display":"","ast-hfb-above-header-display":"","ast-hfb-below-header-display":"","ast-hfb-mobile-header-display":"","site-post-title":"","ast-breadcrumbs-content":"","ast-featured-img":"","footer-sml-layout":"","ast-disable-related-posts":"","theme-transparent-header-meta":"","adv-header-id-meta":"","stick-header-meta":"","header-above-stick-meta":"","header-main-stick-meta":"","header-below-stick-meta":"","astra-migrate-meta-layouts":"default","ast-page-background-enabled":"default","ast-page-background-meta":{"desktop":{"background-color":"var(--ast-global-color-5)","background-image":"","background-repeat":"repeat","background-position":"center center","background-size":"auto","background-attachment":"scroll","background-type":"","background-media":"","overlay-type":"","overlay-color":"","overlay-opacity":"","overlay-gradient":""},"tablet":{"background-color":"","background-image":"","background-repeat":"repeat","background-position":"center center","background-size":"auto","background-attachment":"scroll","background-type":"","background-media":"","overlay-type":"","overlay-color":"","overlay-opacity":"","overlay-gradient":""},"mobile":{"background-color":"","background-image":"","background-repeat":"repeat","background-position":"center center","background-size":"auto","background-attachment":"scroll","background-type":"","background-media":"","overlay-type":"","overlay-color":"","overlay-opacity":"","overlay-gradient":""}},"ast-content-background-meta":{"desktop":{"background-color":"var(--ast-global-color-4)","background-image":"","background-repeat":"repeat","background-position":"center center","background-size":"auto","background-attachment":"scroll","background-type":"","background-media":"","overlay-type":"","overlay-color":"","overlay-opacity":"","overlay-gradient":""},"tablet":{"background-color":"var(--ast-global-color-4)","background-image":"","background-repeat":"repeat","background-position":"center center","background-size":"auto","background-attachment":"scroll","background-type":"","background-media":"","overlay-type":"","overlay-color":"","overlay-opacity":"","overlay-gradient":""},"mobile":{"background-color":"var(--ast-global-color-4)","background-image":"","background-repeat":"repeat","background-position":"center center","background-size":"auto","background-attachment":"scroll","background-type":"","background-media":"","overlay-type":"","overlay-color":"","overlay-opacity":"","overlay-gradient":""}},"footnotes":""},"class_list":["post-618","page","type-page","status-publish","hentry"],"_links":{"self":[{"href":"http:\/\/www.vorderaue.de\/index.php\/wp-json\/wp\/v2\/pages\/618","targetHints":{"allow":["GET"]}}],"collection":[{"href":"http:\/\/www.vorderaue.de\/index.php\/wp-json\/wp\/v2\/pages"}],"about":[{"href":"http:\/\/www.vorderaue.de\/index.php\/wp-json\/wp\/v2\/types\/page"}],"author":[{"embeddable":true,"href":"http:\/\/www.vorderaue.de\/index.php\/wp-json\/wp\/v2\/users\/1"}],"replies":[{"embeddable":true,"href":"http:\/\/www.vorderaue.de\/index.php\/wp-json\/wp\/v2\/comments?post=618"}],"version-history":[{"count":14,"href":"http:\/\/www.vorderaue.de\/index.php\/wp-json\/wp\/v2\/pages\/618\/revisions"}],"predecessor-version":[{"id":1356,"href":"http:\/\/www.vorderaue.de\/index.php\/wp-json\/wp\/v2\/pages\/618\/revisions\/1356"}],"wp:attachment":[{"href":"http:\/\/www.vorderaue.de\/index.php\/wp-json\/wp\/v2\/media?parent=618"}],"curies":[{"name":"wp","href":"https:\/\/api.w.org\/{rel}","templated":true}]}}