{"id":713,"date":"2026-02-25T18:16:00","date_gmt":"2026-02-25T17:16:00","guid":{"rendered":"http:\/\/www.vorderaue.de\/?page_id=713"},"modified":"2026-03-15T19:41:23","modified_gmt":"2026-03-15T18:41:23","slug":"howie-glatter-justier-laser-2-komplettpaket","status":"publish","type":"page","link":"http:\/\/www.vorderaue.de\/index.php\/howie-glatter-justier-laser-2-komplettpaket\/","title":{"rendered":"Howie Glatter Justier Laser 2&#8243; Komplettpaket"},"content":{"rendered":"\n<ul class=\"wp-block-list\">\n<li>pr\u00e4zise gefertigtes Lasergeh\u00e4use<\/li>\n\n\n\n<li>passgenau auf das 1,25&#8243; und 2&#8243; Ma\u00df (modellabh\u00e4ngig)<\/li>\n\n\n\n<li>vom Werk justierte Laserdiode<\/li>\n\n\n\n<li>schockresistent<\/li>\n\n\n\n<li>Einschraubgewinde f\u00fcr n\u00fctzliches Zubeh\u00f6r<\/li>\n\n\n\n<li>Batterie im Lieferumfang<\/li>\n\n\n\n<li>Kunststoffbeh\u00e4lter<\/li>\n<\/ul>\n\n\n\n<p><\/p>\n\n\n\n<div class=\"wp-block-columns is-layout-flex wp-container-core-columns-is-layout-28f84493 wp-block-columns-is-layout-flex\">\n<div class=\"wp-block-column is-layout-flow wp-block-column-is-layout-flow\" style=\"flex-basis:100%\">\n<div class=\"wp-block-columns is-layout-flex wp-container-core-columns-is-layout-28f84493 wp-block-columns-is-layout-flex\">\n<div class=\"wp-block-column is-layout-flow wp-block-column-is-layout-flow\" style=\"flex-basis:100%\">\n<figure class=\"wp-block-table is-style-stripes has-small-font-size\"><table class=\"has-fixed-layout\" style=\"border-style:none;border-width:0px\"><tbody><tr><td><strong>Justierlaser mit Punkt- und Balkenvorsatz:<\/strong><\/td><td><strong>150 \u20ac<\/strong><\/td><\/tr><tr><td><strong>10 x 10 Holographisches Gitter (quadratisch):<\/strong><\/td><td><strong>25 \u20ac<\/strong><\/td><\/tr><tr><td><strong>TuBlug 2&#8220;:<\/strong><\/td><td><strong>100 \u20ac<\/strong><\/td><\/tr><tr><td><strong>Gesamtpaket:<\/strong><\/td><td><strong>230 \u20ac<\/strong><\/td><\/tr><\/tbody><\/table><\/figure>\n<\/div>\n<\/div>\n<\/div>\n<\/div>\n\n\n\n<p class=\"has-text-align-center\"><img loading=\"lazy\" decoding=\"async\" width=\"800\" height=\"627\" class=\"wp-image-42\" style=\"width: 800px;\" src=\"http:\/\/www.vorderaue.de\/wp-content\/uploads\/2026\/01\/howyglttner-4115klein.jpg\" alt=\"\" srcset=\"http:\/\/www.vorderaue.de\/wp-content\/uploads\/2026\/01\/howyglttner-4115klein.jpg 802w, http:\/\/www.vorderaue.de\/wp-content\/uploads\/2026\/01\/howyglttner-4115klein-300x235.jpg 300w, http:\/\/www.vorderaue.de\/wp-content\/uploads\/2026\/01\/howyglttner-4115klein-768x602.jpg 768w\" sizes=\"auto, (max-width: 800px) 100vw, 800px\" \/><\/p>\n\n\n\n<figure class=\"wp-block-table\"><table class=\"has-fixed-layout\" style=\"border-style:none;border-width:0px\"><tbody><tr><td class=\"has-text-align-center\" data-align=\"center\"><img loading=\"lazy\" decoding=\"async\" width=\"360\" height=\"291\" class=\"wp-image-580\" style=\"width: 360px;\" src=\"http:\/\/www.vorderaue.de\/wp-content\/uploads\/2026\/02\/unbenannt-4530.jpg\" alt=\"\" srcset=\"http:\/\/www.vorderaue.de\/wp-content\/uploads\/2026\/02\/unbenannt-4530.jpg 1483w, http:\/\/www.vorderaue.de\/wp-content\/uploads\/2026\/02\/unbenannt-4530-300x243.jpg 300w, http:\/\/www.vorderaue.de\/wp-content\/uploads\/2026\/02\/unbenannt-4530-1200x971.jpg 1200w, http:\/\/www.vorderaue.de\/wp-content\/uploads\/2026\/02\/unbenannt-4530-768x621.jpg 768w\" sizes=\"auto, (max-width: 360px) 100vw, 360px\" \/><br>Punkt<\/td><td class=\"has-text-align-center\" data-align=\"center\"><img loading=\"lazy\" decoding=\"async\" width=\"400\" height=\"293\" class=\"wp-image-581\" style=\"width: 400px;\" src=\"http:\/\/www.vorderaue.de\/wp-content\/uploads\/2026\/02\/unbenannt-4532.jpg\" alt=\"\" srcset=\"http:\/\/www.vorderaue.de\/wp-content\/uploads\/2026\/02\/unbenannt-4532.jpg 1640w, http:\/\/www.vorderaue.de\/wp-content\/uploads\/2026\/02\/unbenannt-4532-300x220.jpg 300w, http:\/\/www.vorderaue.de\/wp-content\/uploads\/2026\/02\/unbenannt-4532-1200x878.jpg 1200w, http:\/\/www.vorderaue.de\/wp-content\/uploads\/2026\/02\/unbenannt-4532-768x562.jpg 768w, http:\/\/www.vorderaue.de\/wp-content\/uploads\/2026\/02\/unbenannt-4532-1536x1124.jpg 1536w\" sizes=\"auto, (max-width: 400px) 100vw, 400px\" \/><br>Balken<\/td><\/tr><tr><td class=\"has-text-align-center\" data-align=\"center\"><img loading=\"lazy\" decoding=\"async\" width=\"400\" height=\"367\" class=\"wp-image-583\" style=\"width: 400px;\" src=\"http:\/\/www.vorderaue.de\/wp-content\/uploads\/2026\/02\/unbenannt-4534.jpg\" alt=\"\" srcset=\"http:\/\/www.vorderaue.de\/wp-content\/uploads\/2026\/02\/unbenannt-4534.jpg 1309w, http:\/\/www.vorderaue.de\/wp-content\/uploads\/2026\/02\/unbenannt-4534-300x275.jpg 300w, http:\/\/www.vorderaue.de\/wp-content\/uploads\/2026\/02\/unbenannt-4534-1117x1024.jpg 1117w, http:\/\/www.vorderaue.de\/wp-content\/uploads\/2026\/02\/unbenannt-4534-768x704.jpg 768w\" sizes=\"auto, (max-width: 400px) 100vw, 400px\" \/><br>10 x 10 Holographisches Gitter (quadratisch)<\/td><td class=\"has-text-align-center\" data-align=\"center\"><br><\/td><\/tr><\/tbody><\/table><\/figure>\n\n\n\n<p><\/p>\n\n\n\n<p class=\"has-text-align-center\">Howie Glatter TuBlug 2&#8220;<\/p>\n\n\n\n<p><\/p>\n\n\n\n<p class=\"has-text-align-center\"><img loading=\"lazy\" decoding=\"async\" width=\"600\" height=\"1036\" class=\"wp-image-43\" style=\"width: 600px;\" src=\"http:\/\/www.vorderaue.de\/wp-content\/uploads\/2026\/01\/howyglttner-4120klein.jpg\" alt=\"\" srcset=\"http:\/\/www.vorderaue.de\/wp-content\/uploads\/2026\/01\/howyglttner-4120klein.jpg 498w, http:\/\/www.vorderaue.de\/wp-content\/uploads\/2026\/01\/howyglttner-4120klein-174x300.jpg 174w\" sizes=\"auto, (max-width: 600px) 100vw, 600px\" \/><\/p>\n\n\n\n<p>Wie an einem Cheshire Okular kann am 45\u00b0 Keil des tuBlugs w\u00e4hrend der Justage die Laserabbildung von konzentrischen Ringen der Spiegel, sowie die Mittenmarkierung des Hauptspiegels einfach erkannt werden. Je nach Abbildung wird dann sofort der Fang-, oder Hauptspiegel entsprechend auf die optische Achse eingestellt und korrigiert.<\/p>\n\n\n\n<p>Der tuBlug ist ein Zubeh\u00f6r zum Howie Glatter Justierlaser und ohne diesen Laser nicht sinnvoll zu verwenden.<\/p>\n","protected":false},"excerpt":{"rendered":"<p>Justierlaser mit Punkt- und Balkenvorsatz: 150 \u20ac 10 x 10 Holographisches Gitter (quadratisch): 25 \u20ac TuBlug 2&#8220;: 100 \u20ac Gesamtpaket: [&hellip;]<\/p>\n","protected":false},"author":1,"featured_media":0,"parent":0,"menu_order":0,"comment_status":"closed","ping_status":"closed","template":"","meta":{"site-sidebar-layout":"default","site-content-layout":"","ast-site-content-layout":"default","site-content-style":"default","site-sidebar-style":"default","ast-global-header-display":"","ast-banner-title-visibility":"","ast-main-header-display":"","ast-hfb-above-header-display":"","ast-hfb-below-header-display":"","ast-hfb-mobile-header-display":"","site-post-title":"","ast-breadcrumbs-content":"","ast-featured-img":"","footer-sml-layout":"","ast-disable-related-posts":"","theme-transparent-header-meta":"","adv-header-id-meta":"","stick-header-meta":"","header-above-stick-meta":"","header-main-stick-meta":"","header-below-stick-meta":"","astra-migrate-meta-layouts":"default","ast-page-background-enabled":"default","ast-page-background-meta":{"desktop":{"background-color":"var(--ast-global-color-5)","background-image":"","background-repeat":"repeat","background-position":"center center","background-size":"auto","background-attachment":"scroll","background-type":"","background-media":"","overlay-type":"","overlay-color":"","overlay-opacity":"","overlay-gradient":""},"tablet":{"background-color":"","background-image":"","background-repeat":"repeat","background-position":"center center","background-size":"auto","background-attachment":"scroll","background-type":"","background-media":"","overlay-type":"","overlay-color":"","overlay-opacity":"","overlay-gradient":""},"mobile":{"background-color":"","background-image":"","background-repeat":"repeat","background-position":"center center","background-size":"auto","background-attachment":"scroll","background-type":"","background-media":"","overlay-type":"","overlay-color":"","overlay-opacity":"","overlay-gradient":""}},"ast-content-background-meta":{"desktop":{"background-color":"var(--ast-global-color-4)","background-image":"","background-repeat":"repeat","background-position":"center center","background-size":"auto","background-attachment":"scroll","background-type":"","background-media":"","overlay-type":"","overlay-color":"","overlay-opacity":"","overlay-gradient":""},"tablet":{"background-color":"var(--ast-global-color-4)","background-image":"","background-repeat":"repeat","background-position":"center center","background-size":"auto","background-attachment":"scroll","background-type":"","background-media":"","overlay-type":"","overlay-color":"","overlay-opacity":"","overlay-gradient":""},"mobile":{"background-color":"var(--ast-global-color-4)","background-image":"","background-repeat":"repeat","background-position":"center center","background-size":"auto","background-attachment":"scroll","background-type":"","background-media":"","overlay-type":"","overlay-color":"","overlay-opacity":"","overlay-gradient":""}},"footnotes":""},"class_list":["post-713","page","type-page","status-publish","hentry"],"_links":{"self":[{"href":"http:\/\/www.vorderaue.de\/index.php\/wp-json\/wp\/v2\/pages\/713","targetHints":{"allow":["GET"]}}],"collection":[{"href":"http:\/\/www.vorderaue.de\/index.php\/wp-json\/wp\/v2\/pages"}],"about":[{"href":"http:\/\/www.vorderaue.de\/index.php\/wp-json\/wp\/v2\/types\/page"}],"author":[{"embeddable":true,"href":"http:\/\/www.vorderaue.de\/index.php\/wp-json\/wp\/v2\/users\/1"}],"replies":[{"embeddable":true,"href":"http:\/\/www.vorderaue.de\/index.php\/wp-json\/wp\/v2\/comments?post=713"}],"version-history":[{"count":5,"href":"http:\/\/www.vorderaue.de\/index.php\/wp-json\/wp\/v2\/pages\/713\/revisions"}],"predecessor-version":[{"id":1220,"href":"http:\/\/www.vorderaue.de\/index.php\/wp-json\/wp\/v2\/pages\/713\/revisions\/1220"}],"wp:attachment":[{"href":"http:\/\/www.vorderaue.de\/index.php\/wp-json\/wp\/v2\/media?parent=713"}],"curies":[{"name":"wp","href":"https:\/\/api.w.org\/{rel}","templated":true}]}}