{"id":718,"date":"2026-03-01T15:14:25","date_gmt":"2026-03-01T14:14:25","guid":{"rendered":"http:\/\/www.vorderaue.de\/?page_id=718"},"modified":"2026-03-15T15:07:15","modified_gmt":"2026-03-15T14:07:15","slug":"planewave-cdk-12-5","status":"publish","type":"page","link":"http:\/\/www.vorderaue.de\/index.php\/planewave-cdk-12-5\/","title":{"rendered":"Planewave CDK 12.5"},"content":{"rendered":"\n<figure class=\"wp-block-table\"><table class=\"has-fixed-layout\" style=\"border-style:none;border-width:0px\"><tbody><tr><td class=\"has-text-align-center\" data-align=\"center\"><img loading=\"lazy\" decoding=\"async\" width=\"600\" height=\"452\" class=\"wp-image-37\" style=\"width: 600px;\" src=\"http:\/\/www.vorderaue.de\/wp-content\/uploads\/2026\/01\/cdk12-4151klein.jpg\" alt=\"\" srcset=\"http:\/\/www.vorderaue.de\/wp-content\/uploads\/2026\/01\/cdk12-4151klein.jpg 1629w, http:\/\/www.vorderaue.de\/wp-content\/uploads\/2026\/01\/cdk12-4151klein-300x226.jpg 300w, http:\/\/www.vorderaue.de\/wp-content\/uploads\/2026\/01\/cdk12-4151klein-1024x772.jpg 1024w, http:\/\/www.vorderaue.de\/wp-content\/uploads\/2026\/01\/cdk12-4151klein-768x579.jpg 768w, http:\/\/www.vorderaue.de\/wp-content\/uploads\/2026\/01\/cdk12-4151klein-1536x1158.jpg 1536w\" sizes=\"auto, (max-width: 600px) 100vw, 600px\" \/><\/td><td class=\"has-text-align-center\" data-align=\"center\"><img loading=\"lazy\" decoding=\"async\" width=\"283\" height=\"245\" class=\"wp-image-35\" style=\"width: 283px;\" src=\"http:\/\/www.vorderaue.de\/wp-content\/uploads\/2026\/01\/cdk12-4145klein.jpg\" alt=\"\" srcset=\"http:\/\/www.vorderaue.de\/wp-content\/uploads\/2026\/01\/cdk12-4145klein.jpg 1418w, http:\/\/www.vorderaue.de\/wp-content\/uploads\/2026\/01\/cdk12-4145klein-300x260.jpg 300w, http:\/\/www.vorderaue.de\/wp-content\/uploads\/2026\/01\/cdk12-4145klein-1024x887.jpg 1024w, http:\/\/www.vorderaue.de\/wp-content\/uploads\/2026\/01\/cdk12-4145klein-768x665.jpg 768w\" sizes=\"auto, (max-width: 283px) 100vw, 283px\" \/><\/td><\/tr><tr><td class=\"has-text-align-center\" data-align=\"center\"><img loading=\"lazy\" decoding=\"async\" width=\"600\" height=\"478\" class=\"wp-image-36\" style=\"width: 600px;\" src=\"http:\/\/www.vorderaue.de\/wp-content\/uploads\/2026\/01\/cdk12-4147klein.jpg\" alt=\"\" srcset=\"http:\/\/www.vorderaue.de\/wp-content\/uploads\/2026\/01\/cdk12-4147klein.jpg 925w, http:\/\/www.vorderaue.de\/wp-content\/uploads\/2026\/01\/cdk12-4147klein-300x239.jpg 300w, http:\/\/www.vorderaue.de\/wp-content\/uploads\/2026\/01\/cdk12-4147klein-768x612.jpg 768w\" sizes=\"auto, (max-width: 600px) 100vw, 600px\" \/><\/td><td class=\"has-text-align-center\" data-align=\"center\"><img loading=\"lazy\" decoding=\"async\" width=\"165\" height=\"263\" class=\"wp-image-18\" style=\"width: 165px;\" src=\"http:\/\/www.vorderaue.de\/wp-content\/uploads\/2026\/01\/cdkronchiklein-4088.jpg\" alt=\"\" srcset=\"http:\/\/www.vorderaue.de\/wp-content\/uploads\/2026\/01\/cdkronchiklein-4088.jpg 659w, http:\/\/www.vorderaue.de\/wp-content\/uploads\/2026\/01\/cdkronchiklein-4088-188x300.jpg 188w, http:\/\/www.vorderaue.de\/wp-content\/uploads\/2026\/01\/cdkronchiklein-4088-641x1024.jpg 641w\" sizes=\"auto, (max-width: 165px) 100vw, 165px\" \/><\/td><\/tr><tr><td class=\"has-text-align-center\" data-align=\"center\"><\/td><td class=\"has-text-align-center\" data-align=\"center\"><\/td><\/tr><\/tbody><\/table><\/figure>\n\n\n\n<figure class=\"wp-block-image size-full\"><a href=\"http:\/\/www.vorderaue.de\/wp-content\/uploads\/2026\/03\/cdkspiegel-scaled.jpg\"><img loading=\"lazy\" decoding=\"async\" width=\"2560\" height=\"1709\" src=\"http:\/\/www.vorderaue.de\/wp-content\/uploads\/2026\/03\/cdkspiegel-scaled.jpg\" alt=\"\" class=\"wp-image-1207\" srcset=\"http:\/\/www.vorderaue.de\/wp-content\/uploads\/2026\/03\/cdkspiegel-scaled.jpg 2560w, http:\/\/www.vorderaue.de\/wp-content\/uploads\/2026\/03\/cdkspiegel-300x200.jpg 300w, http:\/\/www.vorderaue.de\/wp-content\/uploads\/2026\/03\/cdkspiegel-1200x801.jpg 1200w, http:\/\/www.vorderaue.de\/wp-content\/uploads\/2026\/03\/cdkspiegel-768x513.jpg 768w, http:\/\/www.vorderaue.de\/wp-content\/uploads\/2026\/03\/cdkspiegel-1536x1025.jpg 1536w, http:\/\/www.vorderaue.de\/wp-content\/uploads\/2026\/03\/cdkspiegel-2048x1367.jpg 2048w\" sizes=\"auto, (max-width: 2560px) 100vw, 2560px\" \/><\/a><\/figure>\n\n\n\n<p class=\"has-text-align-center\">Auf das Bild klicken f\u00fcr die Originalgr\u00f6\u00dfe.<\/p>\n\n\n\n<p>Das Ger\u00e4t stammt aus dem Jahr 2008 und hat die Seriennummer 19. Es ist also ein verdientes altes Schlachtro\u00df und kein aktuelles Ger\u00e4t im Wert von 17.000 \u20ac od. \u00e4hnl. Tut aber was es soll \ud83d\ude09<\/p>\n\n\n\n<p> Rechnung liegt vor.<\/p>\n\n\n\n<p>Enthalten:<\/p>\n\n\n\n<ul class=\"wp-block-list\">\n<li>Planewave CDK 12.5<\/li>\n\n\n\n<li>Hendrick Motor-Focuser<\/li>\n\n\n\n<li>Electronic Focus Accessory (EFA) Kit<\/li>\n\n\n\n<li>Handcontroller<\/li>\n\n\n\n<li>Netzteil<\/li>\n\n\n\n<li>12.5&#8243; Lasergeschnittene Bahtinovmaske<\/li>\n\n\n\n<li>Kalibrierungsset mit Ronchi Okular<\/li>\n\n\n\n<li>Heizmanchete f\u00fcr Haupt- und Fangspiegel (ohne Kontrollbox)<\/li>\n<\/ul>\n\n\n\n<p><strong>Nur an Selbstabholer<\/strong><\/p>\n\n\n\n<p class=\"has-text-align-center has-large-font-size\"><strong>Preis: 3500\u20ac<\/strong><\/p>\n\n\n\n<p>Software: <a href=\"https:\/\/planewave.com\/software-updates\/\">https:\/\/planewave.com\/software-updates\/<\/a><\/p>\n\n\n\n<p class=\"has-small-font-size\"><a href=\"http:\/\/www.vorderaue.de\/wp-content\/uploads\/2026\/03\/Cleaning-the-CDK12-5-Primary.pdf\" data-type=\"attachment\" data-id=\"734\">Cleaning-the-CDK12-5-Primary<\/a><\/p>\n\n\n\n<p class=\"has-small-font-size\"><a href=\"http:\/\/www.vorderaue.de\/wp-content\/uploads\/2026\/03\/cdk_collimation-and-Secondary-Spacing-Procedure-v112712-1.pdf\" data-type=\"attachment\" data-id=\"1204\">cdk_collimation-and-Secondary-Spacing-Procedure-v112712<\/a><\/p>\n\n\n\n<p class=\"has-small-font-size\"><\/p>\n\n\n\n<p><\/p>\n","protected":false},"excerpt":{"rendered":"<p>Auf das Bild klicken f\u00fcr die Originalgr\u00f6\u00dfe. Das Ger\u00e4t stammt aus dem Jahr 2008 und hat die Seriennummer 19. Es [&hellip;]<\/p>\n","protected":false},"author":1,"featured_media":0,"parent":0,"menu_order":0,"comment_status":"closed","ping_status":"closed","template":"","meta":{"site-sidebar-layout":"default","site-content-layout":"","ast-site-content-layout":"default","site-content-style":"default","site-sidebar-style":"default","ast-global-header-display":"","ast-banner-title-visibility":"","ast-main-header-display":"","ast-hfb-above-header-display":"","ast-hfb-below-header-display":"","ast-hfb-mobile-header-display":"","site-post-title":"","ast-breadcrumbs-content":"","ast-featured-img":"","footer-sml-layout":"","ast-disable-related-posts":"","theme-transparent-header-meta":"","adv-header-id-meta":"","stick-header-meta":"","header-above-stick-meta":"","header-main-stick-meta":"","header-below-stick-meta":"","astra-migrate-meta-layouts":"default","ast-page-background-enabled":"default","ast-page-background-meta":{"desktop":{"background-color":"var(--ast-global-color-5)","background-image":"","background-repeat":"repeat","background-position":"center center","background-size":"auto","background-attachment":"scroll","background-type":"","background-media":"","overlay-type":"","overlay-color":"","overlay-opacity":"","overlay-gradient":""},"tablet":{"background-color":"","background-image":"","background-repeat":"repeat","background-position":"center center","background-size":"auto","background-attachment":"scroll","background-type":"","background-media":"","overlay-type":"","overlay-color":"","overlay-opacity":"","overlay-gradient":""},"mobile":{"background-color":"","background-image":"","background-repeat":"repeat","background-position":"center center","background-size":"auto","background-attachment":"scroll","background-type":"","background-media":"","overlay-type":"","overlay-color":"","overlay-opacity":"","overlay-gradient":""}},"ast-content-background-meta":{"desktop":{"background-color":"var(--ast-global-color-4)","background-image":"","background-repeat":"repeat","background-position":"center center","background-size":"auto","background-attachment":"scroll","background-type":"","background-media":"","overlay-type":"","overlay-color":"","overlay-opacity":"","overlay-gradient":""},"tablet":{"background-color":"var(--ast-global-color-4)","background-image":"","background-repeat":"repeat","background-position":"center center","background-size":"auto","background-attachment":"scroll","background-type":"","background-media":"","overlay-type":"","overlay-color":"","overlay-opacity":"","overlay-gradient":""},"mobile":{"background-color":"var(--ast-global-color-4)","background-image":"","background-repeat":"repeat","background-position":"center center","background-size":"auto","background-attachment":"scroll","background-type":"","background-media":"","overlay-type":"","overlay-color":"","overlay-opacity":"","overlay-gradient":""}},"footnotes":""},"class_list":["post-718","page","type-page","status-publish","hentry"],"_links":{"self":[{"href":"http:\/\/www.vorderaue.de\/index.php\/wp-json\/wp\/v2\/pages\/718","targetHints":{"allow":["GET"]}}],"collection":[{"href":"http:\/\/www.vorderaue.de\/index.php\/wp-json\/wp\/v2\/pages"}],"about":[{"href":"http:\/\/www.vorderaue.de\/index.php\/wp-json\/wp\/v2\/types\/page"}],"author":[{"embeddable":true,"href":"http:\/\/www.vorderaue.de\/index.php\/wp-json\/wp\/v2\/users\/1"}],"replies":[{"embeddable":true,"href":"http:\/\/www.vorderaue.de\/index.php\/wp-json\/wp\/v2\/comments?post=718"}],"version-history":[{"count":17,"href":"http:\/\/www.vorderaue.de\/index.php\/wp-json\/wp\/v2\/pages\/718\/revisions"}],"predecessor-version":[{"id":1321,"href":"http:\/\/www.vorderaue.de\/index.php\/wp-json\/wp\/v2\/pages\/718\/revisions\/1321"}],"wp:attachment":[{"href":"http:\/\/www.vorderaue.de\/index.php\/wp-json\/wp\/v2\/media?parent=718"}],"curies":[{"name":"wp","href":"https:\/\/api.w.org\/{rel}","templated":true}]}}