{"id":762,"date":"2026-03-02T00:28:41","date_gmt":"2026-03-01T23:28:41","guid":{"rendered":"http:\/\/www.vorderaue.de\/?page_id=762"},"modified":"2026-03-08T13:47:07","modified_gmt":"2026-03-08T12:47:07","slug":"ngc7635-2","status":"publish","type":"page","link":"http:\/\/www.vorderaue.de\/index.php\/ngc7635-2\/","title":{"rendered":"NGC7635"},"content":{"rendered":"\n<p><strong>NGC 7635<\/strong>, auch&nbsp;<strong>Blasennebel<\/strong>&nbsp;(engl.&nbsp;<em>Bubble Nebula<\/em>) genannt, ist ein&nbsp;<a href=\"https:\/\/de.wikipedia.org\/wiki\/Emissionsnebel\">Emissionsnebel<\/a>&nbsp;und eine&nbsp;<a href=\"https:\/\/de.wikipedia.org\/wiki\/HII-Region\">HII-Region<\/a>&nbsp;im&nbsp;<a href=\"https:\/\/de.wikipedia.org\/wiki\/Sternbild\">Sternbild<\/a>&nbsp;<a href=\"https:\/\/de.wikipedia.org\/wiki\/Kassiopeia_(Sternbild)\">Kassiopeia<\/a>, welcher etwa 7100&nbsp;<a href=\"https:\/\/de.wikipedia.org\/wiki\/Lichtjahr\">Lichtjahre<\/a>&nbsp;von der&nbsp;<a href=\"https:\/\/de.wikipedia.org\/wiki\/Erde\">Erde<\/a>&nbsp;entfernt ist. Er befindet sich in der N\u00e4he des&nbsp;<a href=\"https:\/\/de.wikipedia.org\/wiki\/Offener_Sternhaufen\">offenen Sternhaufens<\/a>&nbsp;<a href=\"https:\/\/de.wikipedia.org\/wiki\/Messier_52\">Messier 52<\/a>. Die Bezeichnung stammt von einer&nbsp;<a href=\"https:\/\/de.wikipedia.org\/wiki\/Astrosph%C3%A4re\">Sternwind-Blase<\/a>, die durch den&nbsp;<a href=\"https:\/\/de.wikipedia.org\/wiki\/Sternwind\">Sternwind<\/a>&nbsp;eines&nbsp;<a href=\"https:\/\/de.wikipedia.org\/wiki\/Hauptreihensterne_der_Spektralklasse_O\">O-Sterns<\/a>&nbsp;mit der Bezeichnung&nbsp;<a href=\"https:\/\/de.wikipedia.org\/wiki\/Bonner_Durchmusterung\">BD<\/a>&nbsp;+60&nbsp;2522 (SAO&nbsp;20575) entstanden ist. Der Stern st\u00f6\u00dft gro\u00dfe Mengen an Gas aus, die sich mit rund 28 Kilometer pro Sekunde in die Umgebung ausbreiten. Dabei sto\u00dfen die expandierenden Gase auf die riesige umgebende&nbsp;<a href=\"https:\/\/de.wikipedia.org\/wiki\/Molek%C3%BClwolke\">Molek\u00fclwolke<\/a>&nbsp;in dieser Region, die der Ausdehnung Widerstand entgegenbringt. Dadurch bildet sich eine&nbsp;<a href=\"https:\/\/de.wikipedia.org\/wiki\/Sto%C3%9Fwelle\">Sto\u00dfwelle<\/a>&nbsp;aus, welche die \u00e4u\u00dfere H\u00fclle der Gasblase bildet.<a href=\"https:\/\/de.wikipedia.org\/wiki\/NGC_7635#cite_note-3\">[3]<\/a><br>SAO 20575 hat die Helligkeit von 7,8&nbsp;mag.&nbsp; (Wikipedia)<\/p>\n\n\n\n<p><img loading=\"lazy\" decoding=\"async\" width=\"1920\" height=\"3105\" class=\"wp-image-462\" style=\"width: 1920px;\" src=\"http:\/\/www.vorderaue.de\/wp-content\/uploads\/2026\/02\/ngc7635.jpg\" alt=\"\" srcset=\"http:\/\/www.vorderaue.de\/wp-content\/uploads\/2026\/02\/ngc7635.jpg 904w, http:\/\/www.vorderaue.de\/wp-content\/uploads\/2026\/02\/ngc7635-185x300.jpg 185w, http:\/\/www.vorderaue.de\/wp-content\/uploads\/2026\/02\/ngc7635-633x1024.jpg 633w, http:\/\/www.vorderaue.de\/wp-content\/uploads\/2026\/02\/ngc7635-768x1242.jpg 768w\" sizes=\"auto, (max-width: 1920px) 100vw, 1920px\" \/><\/p>\n\n\n\n<figure style=\"line-height:0.5\" class=\"wp-block-table\"><table class=\"has-fixed-layout\" style=\"border-style:none;border-width:0px\"><tbody><tr><td>Montierung<\/td><td>Mesu 200<\/td><\/tr><tr><td>Teleskop<\/td><td>Planewave CDK 12.5<\/td><\/tr><tr><td>Kamera<\/td><td>Moravian G3 16200<\/td><\/tr><tr><td>Binning<\/td><td>2\u00d72<\/td><\/tr><tr><td>Filter<\/td><td>Baader&nbsp; Planetarium H-Alpha 3,5nm<\/td><\/tr><tr><td>Aufnahme<\/td><td>08.2017<\/td><\/tr><tr><td>Aufnahmen<\/td><td>21 x 30 min.<\/td><\/tr><\/tbody><\/table><\/figure>\n","protected":false},"excerpt":{"rendered":"<p>NGC 7635, auch&nbsp;Blasennebel&nbsp;(engl.&nbsp;Bubble Nebula) genannt, ist ein&nbsp;Emissionsnebel&nbsp;und eine&nbsp;HII-Region&nbsp;im&nbsp;Sternbild&nbsp;Kassiopeia, welcher etwa 7100&nbsp;Lichtjahre&nbsp;von der&nbsp;Erde&nbsp;entfernt ist. Er befindet sich in der N\u00e4he des&nbsp;offenen [&hellip;]<\/p>\n","protected":false},"author":1,"featured_media":0,"parent":0,"menu_order":0,"comment_status":"closed","ping_status":"closed","template":"","meta":{"site-sidebar-layout":"default","site-content-layout":"","ast-site-content-layout":"default","site-content-style":"default","site-sidebar-style":"default","ast-global-header-display":"","ast-banner-title-visibility":"","ast-main-header-display":"","ast-hfb-above-header-display":"","ast-hfb-below-header-display":"","ast-hfb-mobile-header-display":"","site-post-title":"","ast-breadcrumbs-content":"","ast-featured-img":"","footer-sml-layout":"","ast-disable-related-posts":"","theme-transparent-header-meta":"","adv-header-id-meta":"","stick-header-meta":"","header-above-stick-meta":"","header-main-stick-meta":"","header-below-stick-meta":"","astra-migrate-meta-layouts":"default","ast-page-background-enabled":"default","ast-page-background-meta":{"desktop":{"background-color":"var(--ast-global-color-5)","background-image":"","background-repeat":"repeat","background-position":"center center","background-size":"auto","background-attachment":"scroll","background-type":"","background-media":"","overlay-type":"","overlay-color":"","overlay-opacity":"","overlay-gradient":""},"tablet":{"background-color":"","background-image":"","background-repeat":"repeat","background-position":"center center","background-size":"auto","background-attachment":"scroll","background-type":"","background-media":"","overlay-type":"","overlay-color":"","overlay-opacity":"","overlay-gradient":""},"mobile":{"background-color":"","background-image":"","background-repeat":"repeat","background-position":"center center","background-size":"auto","background-attachment":"scroll","background-type":"","background-media":"","overlay-type":"","overlay-color":"","overlay-opacity":"","overlay-gradient":""}},"ast-content-background-meta":{"desktop":{"background-color":"var(--ast-global-color-4)","background-image":"","background-repeat":"repeat","background-position":"center center","background-size":"auto","background-attachment":"scroll","background-type":"","background-media":"","overlay-type":"","overlay-color":"","overlay-opacity":"","overlay-gradient":""},"tablet":{"background-color":"var(--ast-global-color-4)","background-image":"","background-repeat":"repeat","background-position":"center center","background-size":"auto","background-attachment":"scroll","background-type":"","background-media":"","overlay-type":"","overlay-color":"","overlay-opacity":"","overlay-gradient":""},"mobile":{"background-color":"var(--ast-global-color-4)","background-image":"","background-repeat":"repeat","background-position":"center center","background-size":"auto","background-attachment":"scroll","background-type":"","background-media":"","overlay-type":"","overlay-color":"","overlay-opacity":"","overlay-gradient":""}},"footnotes":""},"class_list":["post-762","page","type-page","status-publish","hentry"],"_links":{"self":[{"href":"http:\/\/www.vorderaue.de\/index.php\/wp-json\/wp\/v2\/pages\/762","targetHints":{"allow":["GET"]}}],"collection":[{"href":"http:\/\/www.vorderaue.de\/index.php\/wp-json\/wp\/v2\/pages"}],"about":[{"href":"http:\/\/www.vorderaue.de\/index.php\/wp-json\/wp\/v2\/types\/page"}],"author":[{"embeddable":true,"href":"http:\/\/www.vorderaue.de\/index.php\/wp-json\/wp\/v2\/users\/1"}],"replies":[{"embeddable":true,"href":"http:\/\/www.vorderaue.de\/index.php\/wp-json\/wp\/v2\/comments?post=762"}],"version-history":[{"count":5,"href":"http:\/\/www.vorderaue.de\/index.php\/wp-json\/wp\/v2\/pages\/762\/revisions"}],"predecessor-version":[{"id":845,"href":"http:\/\/www.vorderaue.de\/index.php\/wp-json\/wp\/v2\/pages\/762\/revisions\/845"}],"wp:attachment":[{"href":"http:\/\/www.vorderaue.de\/index.php\/wp-json\/wp\/v2\/media?parent=762"}],"curies":[{"name":"wp","href":"https:\/\/api.w.org\/{rel}","templated":true}]}}