{"id":807,"date":"2026-03-08T12:57:48","date_gmt":"2026-03-08T11:57:48","guid":{"rendered":"http:\/\/www.vorderaue.de\/?page_id=807"},"modified":"2026-03-08T13:40:56","modified_gmt":"2026-03-08T12:40:56","slug":"ngc2244-2","status":"publish","type":"page","link":"http:\/\/www.vorderaue.de\/index.php\/ngc2244-2\/","title":{"rendered":"NGC2244"},"content":{"rendered":"\n<p>Der&nbsp;<strong>Rosettennebel<\/strong>&nbsp;ist ein&nbsp;<a href=\"https:\/\/de.wikipedia.org\/wiki\/Diffuser_Nebel\">diffuser<\/a>&nbsp;<a href=\"https:\/\/de.wikipedia.org\/wiki\/Emissionsnebel\">Emissionsnebel<\/a>&nbsp;mit einem&nbsp;<a href=\"https:\/\/de.wikipedia.org\/wiki\/Offener_Sternhaufen\">offenen Sternhaufen<\/a>&nbsp;im&nbsp;<a href=\"https:\/\/de.wikipedia.org\/wiki\/Sternbild\">Sternbild<\/a>&nbsp;<a href=\"https:\/\/de.wikipedia.org\/wiki\/Einhorn_(Sternbild)\">Einhorn<\/a>.<\/p>\n\n\n\n<p>Der Nebel hat eine Gr\u00f6\u00dfe von 80.0&#8242;&nbsp;\u00d7&nbsp;60.0&#8242; und eine&nbsp;<a href=\"https:\/\/de.wikipedia.org\/wiki\/Scheinbare_Helligkeit\">scheinbare Helligkeit<\/a>&nbsp;von +6,00 mag. Heute bezeichnen die&nbsp;<a href=\"https:\/\/de.wikipedia.org\/wiki\/New_General_Catalogue\">NGC<\/a>-Objekte&nbsp;<strong>NGC&nbsp;2237<\/strong>&nbsp;(Beobachtung von&nbsp;<a href=\"https:\/\/de.wikipedia.org\/wiki\/Lewis_A._Swift\">Lewis A. Swift<\/a>&nbsp;von 1865)<a href=\"https:\/\/de.wikipedia.org\/wiki\/Rosettennebel#cite_note-CSELIGMAN1-1\">[1]<\/a>,&nbsp;<strong>NGC&nbsp;2238<\/strong>&nbsp;(Beobachtung von&nbsp;<a href=\"https:\/\/de.wikipedia.org\/wiki\/Albert_Marth\">Albert Marth<\/a>&nbsp;vom 28. Februar 1864)<a href=\"https:\/\/de.wikipedia.org\/wiki\/Rosettennebel#cite_note-CSELIGMAN2-2\">[2]<\/a>,&nbsp;<strong>NGC&nbsp;2239<\/strong>&nbsp;(Beobachtung von&nbsp;<a href=\"https:\/\/de.wikipedia.org\/wiki\/John_Herschel\">John Herschel<\/a>&nbsp;vom M\u00e4rz 1830)<a href=\"https:\/\/de.wikipedia.org\/wiki\/Rosettennebel#cite_note-CSELIGMAN3-3\">[3]<\/a>&nbsp;und&nbsp;<strong>NGC&nbsp;2246<\/strong>&nbsp;(Beobachtung von Lewis A. Swift vom 27. Februar 1886)<a href=\"https:\/\/de.wikipedia.org\/wiki\/Rosettennebel#cite_note-CSELIGMAN4-4\">[4]<\/a>&nbsp;verschiedene Teile des Nebels. Historisch bezeichneten die vier Nummern etwas andere Sternanh\u00e4ufungen und Nebel in diesem Bereich.<\/p>\n\n\n\n<p>Im Zentrum des Nebels befindet sich der&nbsp;<a href=\"https:\/\/de.wikipedia.org\/wiki\/Offener_Sternhaufen\">offene Sternhaufen<\/a>&nbsp;<strong>NGC&nbsp;2244<\/strong>&nbsp;(Beobachtung von&nbsp;<a href=\"https:\/\/de.wikipedia.org\/wiki\/John_Flamsteed\">John Flamsteed<\/a>&nbsp;vom 17. Februar 1690)<a href=\"https:\/\/de.wikipedia.org\/wiki\/Rosettennebel#cite_note-CSELIGMAN5-5\">[5]<\/a>, der den Nebel zum Leuchten bringt. Der Sternhaufen hat eine scheinbare Helligkeit von +4,80 mag und einen&nbsp;<a href=\"https:\/\/de.wikipedia.org\/wiki\/Durchmesser\">Durchmesser<\/a>&nbsp;von 24.0&#8242;. (Wikipedia)<\/p>\n\n\n\n<p><img loading=\"lazy\" decoding=\"async\" width=\"1920\" height=\"1561\" class=\"wp-image-455\" style=\"width: 1920px;\" src=\"http:\/\/www.vorderaue.de\/wp-content\/uploads\/2026\/02\/ngc2244.jpg\" alt=\"\" srcset=\"http:\/\/www.vorderaue.de\/wp-content\/uploads\/2026\/02\/ngc2244.jpg 2048w, http:\/\/www.vorderaue.de\/wp-content\/uploads\/2026\/02\/ngc2244-300x244.jpg 300w, http:\/\/www.vorderaue.de\/wp-content\/uploads\/2026\/02\/ngc2244-1200x976.jpg 1200w, http:\/\/www.vorderaue.de\/wp-content\/uploads\/2026\/02\/ngc2244-768x624.jpg 768w, http:\/\/www.vorderaue.de\/wp-content\/uploads\/2026\/02\/ngc2244-1536x1249.jpg 1536w\" sizes=\"auto, (max-width: 1920px) 100vw, 1920px\" \/><\/p>\n\n\n\n<figure style=\"line-height:0.5\" class=\"wp-block-table\"><table class=\"has-fixed-layout\" style=\"border-style:none;border-width:0px\"><tbody><tr><td>Montierung<\/td><td>Mesu 200<\/td><\/tr><tr><td>Teleskop<\/td><td>Takahashi FSQ106ED<\/td><\/tr><tr><td>Kamera<\/td><td>Moravian G3 16200<\/td><\/tr><tr><td>Binning<\/td><td>1\u00d71<\/td><\/tr><tr><td>Filter<\/td><td>Baader&nbsp; Planetarium H-Alpha 3,5nm<\/td><\/tr><tr><td>Aufnahme<\/td><td>05.12.2016<\/td><\/tr><tr><td>Aufnahmen<\/td><td>12 x 30 min.<\/td><\/tr><\/tbody><\/table><\/figure>\n\n\n\n<p><\/p>\n","protected":false},"excerpt":{"rendered":"<p>Der&nbsp;Rosettennebel&nbsp;ist ein&nbsp;diffuser&nbsp;Emissionsnebel&nbsp;mit einem&nbsp;offenen Sternhaufen&nbsp;im&nbsp;Sternbild&nbsp;Einhorn. Der Nebel hat eine Gr\u00f6\u00dfe von 80.0&#8242;&nbsp;\u00d7&nbsp;60.0&#8242; und eine&nbsp;scheinbare Helligkeit&nbsp;von +6,00 mag. Heute bezeichnen die&nbsp;NGC-Objekte&nbsp;NGC&nbsp;2237&nbsp;(Beobachtung von&nbsp;Lewis [&hellip;]<\/p>\n","protected":false},"author":1,"featured_media":0,"parent":0,"menu_order":0,"comment_status":"closed","ping_status":"closed","template":"","meta":{"site-sidebar-layout":"default","site-content-layout":"","ast-site-content-layout":"default","site-content-style":"default","site-sidebar-style":"default","ast-global-header-display":"","ast-banner-title-visibility":"","ast-main-header-display":"","ast-hfb-above-header-display":"","ast-hfb-below-header-display":"","ast-hfb-mobile-header-display":"","site-post-title":"","ast-breadcrumbs-content":"","ast-featured-img":"","footer-sml-layout":"","ast-disable-related-posts":"","theme-transparent-header-meta":"","adv-header-id-meta":"","stick-header-meta":"","header-above-stick-meta":"","header-main-stick-meta":"","header-below-stick-meta":"","astra-migrate-meta-layouts":"default","ast-page-background-enabled":"default","ast-page-background-meta":{"desktop":{"background-color":"var(--ast-global-color-5)","background-image":"","background-repeat":"repeat","background-position":"center center","background-size":"auto","background-attachment":"scroll","background-type":"","background-media":"","overlay-type":"","overlay-color":"","overlay-opacity":"","overlay-gradient":""},"tablet":{"background-color":"","background-image":"","background-repeat":"repeat","background-position":"center center","background-size":"auto","background-attachment":"scroll","background-type":"","background-media":"","overlay-type":"","overlay-color":"","overlay-opacity":"","overlay-gradient":""},"mobile":{"background-color":"","background-image":"","background-repeat":"repeat","background-position":"center center","background-size":"auto","background-attachment":"scroll","background-type":"","background-media":"","overlay-type":"","overlay-color":"","overlay-opacity":"","overlay-gradient":""}},"ast-content-background-meta":{"desktop":{"background-color":"var(--ast-global-color-4)","background-image":"","background-repeat":"repeat","background-position":"center center","background-size":"auto","background-attachment":"scroll","background-type":"","background-media":"","overlay-type":"","overlay-color":"","overlay-opacity":"","overlay-gradient":""},"tablet":{"background-color":"var(--ast-global-color-4)","background-image":"","background-repeat":"repeat","background-position":"center center","background-size":"auto","background-attachment":"scroll","background-type":"","background-media":"","overlay-type":"","overlay-color":"","overlay-opacity":"","overlay-gradient":""},"mobile":{"background-color":"var(--ast-global-color-4)","background-image":"","background-repeat":"repeat","background-position":"center center","background-size":"auto","background-attachment":"scroll","background-type":"","background-media":"","overlay-type":"","overlay-color":"","overlay-opacity":"","overlay-gradient":""}},"footnotes":""},"class_list":["post-807","page","type-page","status-publish","hentry"],"_links":{"self":[{"href":"http:\/\/www.vorderaue.de\/index.php\/wp-json\/wp\/v2\/pages\/807","targetHints":{"allow":["GET"]}}],"collection":[{"href":"http:\/\/www.vorderaue.de\/index.php\/wp-json\/wp\/v2\/pages"}],"about":[{"href":"http:\/\/www.vorderaue.de\/index.php\/wp-json\/wp\/v2\/types\/page"}],"author":[{"embeddable":true,"href":"http:\/\/www.vorderaue.de\/index.php\/wp-json\/wp\/v2\/users\/1"}],"replies":[{"embeddable":true,"href":"http:\/\/www.vorderaue.de\/index.php\/wp-json\/wp\/v2\/comments?post=807"}],"version-history":[{"count":5,"href":"http:\/\/www.vorderaue.de\/index.php\/wp-json\/wp\/v2\/pages\/807\/revisions"}],"predecessor-version":[{"id":839,"href":"http:\/\/www.vorderaue.de\/index.php\/wp-json\/wp\/v2\/pages\/807\/revisions\/839"}],"wp:attachment":[{"href":"http:\/\/www.vorderaue.de\/index.php\/wp-json\/wp\/v2\/media?parent=807"}],"curies":[{"name":"wp","href":"https:\/\/api.w.org\/{rel}","templated":true}]}}