{"id":846,"date":"2026-03-08T13:50:11","date_gmt":"2026-03-08T12:50:11","guid":{"rendered":"http:\/\/www.vorderaue.de\/?page_id=846"},"modified":"2026-03-08T13:50:11","modified_gmt":"2026-03-08T12:50:11","slug":"m1-2","status":"publish","type":"page","link":"http:\/\/www.vorderaue.de\/index.php\/m1-2\/","title":{"rendered":"M1"},"content":{"rendered":"\n<p>Ein erster Eindruck. Die Bedingungen waren schlecht.<\/p>\n\n\n\n<p>Der&nbsp;<strong>Krebsnebel<\/strong>&nbsp;ist sowohl ein&nbsp;<a href=\"https:\/\/de.wikipedia.org\/wiki\/Supernova%C3%BCberrest\">Supernova\u00fcberrest<\/a>&nbsp;als auch ein&nbsp;<a href=\"https:\/\/de.wikipedia.org\/wiki\/Pulsarwind-Nebel\">Pulsarwind-Nebel<\/a>&nbsp;im&nbsp;<a href=\"https:\/\/de.wikipedia.org\/wiki\/Sternbild\">Sternbild<\/a>&nbsp;<a href=\"https:\/\/de.wikipedia.org\/wiki\/Stier_(Sternbild)\">Stier<\/a>&nbsp;und wird im&nbsp;<a href=\"https:\/\/de.wikipedia.org\/wiki\/Messier-Katalog\">Messier-Katalog<\/a>&nbsp;als&nbsp;<em>M&nbsp;1<\/em>&nbsp;sowie im&nbsp;<a href=\"https:\/\/de.wikipedia.org\/wiki\/New_General_Catalogue\">New General Catalogue<\/a>&nbsp;als&nbsp;<em>NGC&nbsp;1952<\/em>&nbsp;gef\u00fchrt.<\/p>\n\n\n\n<p>Der Krebsnebel erscheint im\u00a0<a href=\"https:\/\/de.wikipedia.org\/wiki\/Lichtspektrum\">sichtbaren Licht<\/a>\u00a0als\u00a0<a href=\"https:\/\/de.wikipedia.org\/wiki\/Oval_(Geometrie)\">ovaler<\/a>\u00a0K\u00f6rper mit breiten Filamenten. Dieser K\u00f6rper ist rund 6\u00a0<a href=\"https:\/\/de.wikipedia.org\/wiki\/Bogenminute\">Bogenminuten<\/a>\u00a0lang und 4 Bogenminuten breit und umgibt eine diffuse blaue Region im Zentrum. Die Filamente sind \u00dcberreste der Atmosph\u00e4re des Ursprungssterns und enthalten zum gr\u00f6\u00dften Teil\u00a0<a href=\"https:\/\/de.wikipedia.org\/wiki\/Ionisation\">ionisiertes<\/a>\u00a0<a href=\"https:\/\/de.wikipedia.org\/wiki\/Helium\">Helium<\/a>\u00a0und\u00a0<a href=\"https:\/\/de.wikipedia.org\/wiki\/Wasserstoff\">Wasserstoff<\/a>\u00a0und weiterhin\u00a0<a href=\"https:\/\/de.wikipedia.org\/wiki\/Kohlenstoff\">Kohlenstoff<\/a>,\u00a0<a href=\"https:\/\/de.wikipedia.org\/wiki\/Sauerstoff\">Sauerstoff<\/a>,\u00a0<a href=\"https:\/\/de.wikipedia.org\/wiki\/Stickstoff\">Stickstoff<\/a>,\u00a0<a href=\"https:\/\/de.wikipedia.org\/wiki\/Eisen\">Eisen<\/a>,\u00a0<a href=\"https:\/\/de.wikipedia.org\/wiki\/Neon\">Neon<\/a>\u00a0und\u00a0<a href=\"https:\/\/de.wikipedia.org\/wiki\/Schwefel\">Schwefel<\/a>. Seine Entfernung l\u00e4sst sich nur mit Unsicherheiten von \u00b1 500\u00a0<a href=\"https:\/\/de.wikipedia.org\/wiki\/Parsec\">Parsec<\/a>\u00a0auf etwa 2000 Parsec bestimmen. (Wikipedia)<\/p>\n\n\n\n<p><img loading=\"lazy\" decoding=\"async\" width=\"1920\" height=\"1538\" class=\"wp-image-441\" style=\"width: 1920px;\" src=\"http:\/\/www.vorderaue.de\/wp-content\/uploads\/2026\/02\/m1b.jpg\" alt=\"\" srcset=\"http:\/\/www.vorderaue.de\/wp-content\/uploads\/2026\/02\/m1b.jpg 1413w, http:\/\/www.vorderaue.de\/wp-content\/uploads\/2026\/02\/m1b-300x240.jpg 300w, http:\/\/www.vorderaue.de\/wp-content\/uploads\/2026\/02\/m1b-1200x961.jpg 1200w, http:\/\/www.vorderaue.de\/wp-content\/uploads\/2026\/02\/m1b-768x615.jpg 768w\" sizes=\"auto, (max-width: 1920px) 100vw, 1920px\" \/><\/p>\n\n\n\n<figure style=\"line-height:0.5\" class=\"wp-block-table\"><table class=\"has-fixed-layout\" style=\"border-style:none;border-width:0px\"><tbody><tr><td>Montierung<\/td><td>Mesu 200<\/td><\/tr><tr><td>Teleskop<\/td><td>Planewave CDK 12.5<\/td><\/tr><tr><td>Kamera<\/td><td>Moravian G3 16200<\/td><\/tr><tr><td>Binning<\/td><td>2\u00d72<\/td><\/tr><tr><td>Filter<\/td><td>Baader&nbsp; Planetarium H-Alpha 3,5nm<\/td><\/tr><tr><td>Aufnahme<\/td><td>145.-17.10.2017<\/td><\/tr><tr><td>Aufnahmen<\/td><td>23 x 30 min.<\/td><\/tr><\/tbody><\/table><\/figure>\n","protected":false},"excerpt":{"rendered":"<p>Ein erster Eindruck. Die Bedingungen waren schlecht. Der&nbsp;Krebsnebel&nbsp;ist sowohl ein&nbsp;Supernova\u00fcberrest&nbsp;als auch ein&nbsp;Pulsarwind-Nebel&nbsp;im&nbsp;Sternbild&nbsp;Stier&nbsp;und wird im&nbsp;Messier-Katalog&nbsp;als&nbsp;M&nbsp;1&nbsp;sowie im&nbsp;New General Catalogue&nbsp;als&nbsp;NGC&nbsp;1952&nbsp;gef\u00fchrt. Der Krebsnebel erscheint [&hellip;]<\/p>\n","protected":false},"author":1,"featured_media":0,"parent":0,"menu_order":0,"comment_status":"closed","ping_status":"closed","template":"","meta":{"site-sidebar-layout":"default","site-content-layout":"","ast-site-content-layout":"default","site-content-style":"default","site-sidebar-style":"default","ast-global-header-display":"","ast-banner-title-visibility":"","ast-main-header-display":"","ast-hfb-above-header-display":"","ast-hfb-below-header-display":"","ast-hfb-mobile-header-display":"","site-post-title":"","ast-breadcrumbs-content":"","ast-featured-img":"","footer-sml-layout":"","ast-disable-related-posts":"","theme-transparent-header-meta":"","adv-header-id-meta":"","stick-header-meta":"","header-above-stick-meta":"","header-main-stick-meta":"","header-below-stick-meta":"","astra-migrate-meta-layouts":"default","ast-page-background-enabled":"default","ast-page-background-meta":{"desktop":{"background-color":"var(--ast-global-color-5)","background-image":"","background-repeat":"repeat","background-position":"center center","background-size":"auto","background-attachment":"scroll","background-type":"","background-media":"","overlay-type":"","overlay-color":"","overlay-opacity":"","overlay-gradient":""},"tablet":{"background-color":"","background-image":"","background-repeat":"repeat","background-position":"center center","background-size":"auto","background-attachment":"scroll","background-type":"","background-media":"","overlay-type":"","overlay-color":"","overlay-opacity":"","overlay-gradient":""},"mobile":{"background-color":"","background-image":"","background-repeat":"repeat","background-position":"center center","background-size":"auto","background-attachment":"scroll","background-type":"","background-media":"","overlay-type":"","overlay-color":"","overlay-opacity":"","overlay-gradient":""}},"ast-content-background-meta":{"desktop":{"background-color":"var(--ast-global-color-4)","background-image":"","background-repeat":"repeat","background-position":"center center","background-size":"auto","background-attachment":"scroll","background-type":"","background-media":"","overlay-type":"","overlay-color":"","overlay-opacity":"","overlay-gradient":""},"tablet":{"background-color":"var(--ast-global-color-4)","background-image":"","background-repeat":"repeat","background-position":"center center","background-size":"auto","background-attachment":"scroll","background-type":"","background-media":"","overlay-type":"","overlay-color":"","overlay-opacity":"","overlay-gradient":""},"mobile":{"background-color":"var(--ast-global-color-4)","background-image":"","background-repeat":"repeat","background-position":"center center","background-size":"auto","background-attachment":"scroll","background-type":"","background-media":"","overlay-type":"","overlay-color":"","overlay-opacity":"","overlay-gradient":""}},"footnotes":""},"class_list":["post-846","page","type-page","status-publish","hentry"],"_links":{"self":[{"href":"http:\/\/www.vorderaue.de\/index.php\/wp-json\/wp\/v2\/pages\/846","targetHints":{"allow":["GET"]}}],"collection":[{"href":"http:\/\/www.vorderaue.de\/index.php\/wp-json\/wp\/v2\/pages"}],"about":[{"href":"http:\/\/www.vorderaue.de\/index.php\/wp-json\/wp\/v2\/types\/page"}],"author":[{"embeddable":true,"href":"http:\/\/www.vorderaue.de\/index.php\/wp-json\/wp\/v2\/users\/1"}],"replies":[{"embeddable":true,"href":"http:\/\/www.vorderaue.de\/index.php\/wp-json\/wp\/v2\/comments?post=846"}],"version-history":[{"count":1,"href":"http:\/\/www.vorderaue.de\/index.php\/wp-json\/wp\/v2\/pages\/846\/revisions"}],"predecessor-version":[{"id":847,"href":"http:\/\/www.vorderaue.de\/index.php\/wp-json\/wp\/v2\/pages\/846\/revisions\/847"}],"wp:attachment":[{"href":"http:\/\/www.vorderaue.de\/index.php\/wp-json\/wp\/v2\/media?parent=846"}],"curies":[{"name":"wp","href":"https:\/\/api.w.org\/{rel}","templated":true}]}}