{"id":852,"date":"2026-03-08T14:03:42","date_gmt":"2026-03-08T13:03:42","guid":{"rendered":"http:\/\/www.vorderaue.de\/?page_id=852"},"modified":"2026-03-08T14:03:42","modified_gmt":"2026-03-08T13:03:42","slug":"ic5070-2","status":"publish","type":"page","link":"http:\/\/www.vorderaue.de\/index.php\/ic5070-2\/","title":{"rendered":"IC5070"},"content":{"rendered":"\n<p>Der Pelikannebel auch bekannt als IC 5070 ist eine H II-Region, die mit dem Nordamerika-Nebel in der Konstellation\u00a0<a href=\"https:\/\/de.wikipedia.org\/wiki\/Schwan_(Sternbild)\" target=\"_blank\" rel=\"noreferrer noopener\">Cygnus (Schwan)<\/a>\u00a0assoziiert ist. Die gasf\u00f6rmigen Verrenkungen dieses Emissionsnebels tragen eine \u00c4hnlichkeit mit einem Pelikan, der seinen Namen hervorbringt. Der Pelikannebel befindet sich in der N\u00e4he des Hauptsterns Deneb und ist von seinem prominenteren Nachbarn, dem Nordamerika-Nebel, beide leuchtende Nebel werden durch eine von Norden nach S\u00fcden verlaufende Dunkelwolke getrennt. Zusammen bilden sie ein gro\u00dfes Sternentstehungsgebiet, welches zwischen 1.800 und 3.000 Lichtjahre entfernt ist. (Wikipedia)<\/p>\n\n\n\n<p><img loading=\"lazy\" decoding=\"async\" width=\"2020\" height=\"1548\" class=\"wp-image-439\" style=\"width: 2020px;\" src=\"http:\/\/www.vorderaue.de\/wp-content\/uploads\/2026\/02\/ic5070.jpg\" alt=\"\" srcset=\"http:\/\/www.vorderaue.de\/wp-content\/uploads\/2026\/02\/ic5070.jpg 2020w, http:\/\/www.vorderaue.de\/wp-content\/uploads\/2026\/02\/ic5070-300x230.jpg 300w, http:\/\/www.vorderaue.de\/wp-content\/uploads\/2026\/02\/ic5070-1200x920.jpg 1200w, http:\/\/www.vorderaue.de\/wp-content\/uploads\/2026\/02\/ic5070-768x589.jpg 768w, http:\/\/www.vorderaue.de\/wp-content\/uploads\/2026\/02\/ic5070-1536x1177.jpg 1536w\" sizes=\"auto, (max-width: 2020px) 100vw, 2020px\" \/><\/p>\n\n\n\n<figure style=\"line-height:0.5\" class=\"wp-block-table\"><table class=\"has-fixed-layout\" style=\"border-style:none;border-width:0px\"><tbody><tr><td>Montierung<\/td><td>Mesu 200<\/td><\/tr><tr><td>Teleskop<\/td><td>Planewave CDK 12.5<\/td><\/tr><tr><td>Kamera<\/td><td>Moravian G3 16200<\/td><\/tr><tr><td>Binning<\/td><td>2\u00d72<\/td><\/tr><tr><td>Filter<\/td><td>Baader&nbsp; Planetarium H-Alpha 3,5nm<\/td><\/tr><tr><td>Aufnahme<\/td><td>19.08.-08.09.2018<\/td><\/tr><tr><td>Aufnahmen<\/td><td>15 x 30 min.<\/td><\/tr><\/tbody><\/table><\/figure>\n\n\n\n<p><\/p>\n","protected":false},"excerpt":{"rendered":"<p>Der Pelikannebel auch bekannt als IC 5070 ist eine H II-Region, die mit dem Nordamerika-Nebel in der Konstellation\u00a0Cygnus (Schwan)\u00a0assoziiert ist. [&hellip;]<\/p>\n","protected":false},"author":1,"featured_media":0,"parent":0,"menu_order":0,"comment_status":"closed","ping_status":"closed","template":"","meta":{"site-sidebar-layout":"default","site-content-layout":"","ast-site-content-layout":"default","site-content-style":"default","site-sidebar-style":"default","ast-global-header-display":"","ast-banner-title-visibility":"","ast-main-header-display":"","ast-hfb-above-header-display":"","ast-hfb-below-header-display":"","ast-hfb-mobile-header-display":"","site-post-title":"","ast-breadcrumbs-content":"","ast-featured-img":"","footer-sml-layout":"","ast-disable-related-posts":"","theme-transparent-header-meta":"","adv-header-id-meta":"","stick-header-meta":"","header-above-stick-meta":"","header-main-stick-meta":"","header-below-stick-meta":"","astra-migrate-meta-layouts":"default","ast-page-background-enabled":"default","ast-page-background-meta":{"desktop":{"background-color":"var(--ast-global-color-5)","background-image":"","background-repeat":"repeat","background-position":"center center","background-size":"auto","background-attachment":"scroll","background-type":"","background-media":"","overlay-type":"","overlay-color":"","overlay-opacity":"","overlay-gradient":""},"tablet":{"background-color":"","background-image":"","background-repeat":"repeat","background-position":"center center","background-size":"auto","background-attachment":"scroll","background-type":"","background-media":"","overlay-type":"","overlay-color":"","overlay-opacity":"","overlay-gradient":""},"mobile":{"background-color":"","background-image":"","background-repeat":"repeat","background-position":"center center","background-size":"auto","background-attachment":"scroll","background-type":"","background-media":"","overlay-type":"","overlay-color":"","overlay-opacity":"","overlay-gradient":""}},"ast-content-background-meta":{"desktop":{"background-color":"var(--ast-global-color-4)","background-image":"","background-repeat":"repeat","background-position":"center center","background-size":"auto","background-attachment":"scroll","background-type":"","background-media":"","overlay-type":"","overlay-color":"","overlay-opacity":"","overlay-gradient":""},"tablet":{"background-color":"var(--ast-global-color-4)","background-image":"","background-repeat":"repeat","background-position":"center center","background-size":"auto","background-attachment":"scroll","background-type":"","background-media":"","overlay-type":"","overlay-color":"","overlay-opacity":"","overlay-gradient":""},"mobile":{"background-color":"var(--ast-global-color-4)","background-image":"","background-repeat":"repeat","background-position":"center center","background-size":"auto","background-attachment":"scroll","background-type":"","background-media":"","overlay-type":"","overlay-color":"","overlay-opacity":"","overlay-gradient":""}},"footnotes":""},"class_list":["post-852","page","type-page","status-publish","hentry"],"_links":{"self":[{"href":"http:\/\/www.vorderaue.de\/index.php\/wp-json\/wp\/v2\/pages\/852","targetHints":{"allow":["GET"]}}],"collection":[{"href":"http:\/\/www.vorderaue.de\/index.php\/wp-json\/wp\/v2\/pages"}],"about":[{"href":"http:\/\/www.vorderaue.de\/index.php\/wp-json\/wp\/v2\/types\/page"}],"author":[{"embeddable":true,"href":"http:\/\/www.vorderaue.de\/index.php\/wp-json\/wp\/v2\/users\/1"}],"replies":[{"embeddable":true,"href":"http:\/\/www.vorderaue.de\/index.php\/wp-json\/wp\/v2\/comments?post=852"}],"version-history":[{"count":1,"href":"http:\/\/www.vorderaue.de\/index.php\/wp-json\/wp\/v2\/pages\/852\/revisions"}],"predecessor-version":[{"id":853,"href":"http:\/\/www.vorderaue.de\/index.php\/wp-json\/wp\/v2\/pages\/852\/revisions\/853"}],"wp:attachment":[{"href":"http:\/\/www.vorderaue.de\/index.php\/wp-json\/wp\/v2\/media?parent=852"}],"curies":[{"name":"wp","href":"https:\/\/api.w.org\/{rel}","templated":true}]}}