{"id":874,"date":"2026-03-08T14:35:13","date_gmt":"2026-03-08T13:35:13","guid":{"rendered":"http:\/\/www.vorderaue.de\/?page_id=874"},"modified":"2026-03-08T15:51:59","modified_gmt":"2026-03-08T14:51:59","slug":"ngc7000","status":"publish","type":"page","link":"http:\/\/www.vorderaue.de\/index.php\/ngc7000\/","title":{"rendered":"NGC7000"},"content":{"rendered":"\n<p><strong>Nordamerikanebel<\/strong>&nbsp;(auch&nbsp;<strong>NGC 7000<\/strong>&nbsp;genannt) ist die Bezeichnung eines&nbsp;<a href=\"https:\/\/de.wikipedia.org\/wiki\/Diffuser_Nebel\">diffusen Gasnebels<\/a>&nbsp;im Sternbild Schwan am&nbsp;<a href=\"https:\/\/de.wikipedia.org\/wiki\/Nordsternhimmel\">Nordsternhimmel<\/a>.<\/p>\n\n\n\n<p>Seinen Namen erhielt der Nebel aufgrund seiner Form, die an eine Landkarte des nordamerikanischen Kontinents erinnert. Am Himmel ist der Nebel mit 120 mal 100&nbsp; Bogenminuten sehr ausgedehnt (der&nbsp;<a href=\"https:\/\/de.wikipedia.org\/wiki\/Vollmond\">Vollmond<\/a>&nbsp;hat einen Durchmesser von ca. 30&#8242;). Er ist relativ einfach zu finden, da er sich etwas \u00f6stlich des hellen Sterns&nbsp;<a href=\"https:\/\/de.wikipedia.org\/wiki\/Deneb\">Deneb<\/a>&nbsp;(\u03b1 Cygni) im Schwan befindet.<\/p>\n\n\n\n<p>Der Gasnebel ist zwischen 2.000 und 3.000&nbsp;<a href=\"https:\/\/de.wikipedia.org\/wiki\/Lichtjahr\">Lichtjahren<\/a>&nbsp;entfernt (seine genaue Entfernung ist nur schwer zu bestimmen) und besteht \u00fcberwiegend aus Wasserstoff, der teilweise in&nbsp;<a href=\"https:\/\/de.wikipedia.org\/wiki\/Ionisation\">ionisierter<\/a>&nbsp;Form (HII) auftritt und sichtbares Licht in Form von tiefroter Strahlung&nbsp;<a href=\"https:\/\/de.wikipedia.org\/wiki\/Spontane_Emission\">emittiert<\/a>. Auf lang belichteten Fotografien erscheint der Nebel daher intensiv r\u00f6tlich. Die&nbsp;<a href=\"https:\/\/de.wikipedia.org\/wiki\/Visuell\">visuelle<\/a>&nbsp;Beobachtung des Nebels ist allerdings trotz seiner&nbsp;<a href=\"https:\/\/de.wikipedia.org\/wiki\/Scheinbare_Helligkeit\">Gesamthelligkeit<\/a>&nbsp;von 6&nbsp;mag ziemlich schwierig. Man ben\u00f6tigt einen v\u00f6llig dunklen, mondlosen Himmel, der durch keine k\u00fcnstliche Lichtquellen gest\u00f6rt wird. Der Nebel kann dann mit einem&nbsp;<a href=\"https:\/\/de.wikipedia.org\/wiki\/Prismenfernglas\">Prismenfernglas<\/a>&nbsp;als diffuses Objekt wahrgenommen werden.<\/p>\n\n\n\n<p>Der Nordamerikanebel wurde im Jahre 1786 von&nbsp;<a href=\"https:\/\/de.wikipedia.org\/wiki\/William_Herschel\">William Herschel<\/a>&nbsp;entdeckt. Im Jahre&nbsp;<a href=\"https:\/\/de.wikipedia.org\/wiki\/1891\">1891<\/a>&nbsp;beobachtete&nbsp;<a href=\"https:\/\/de.wikipedia.org\/wiki\/Max_Wolf\">Max Wolf<\/a>&nbsp;an seiner privaten&nbsp;<a href=\"https:\/\/de.wikipedia.org\/wiki\/Sternwarte\">Sternwarte<\/a>&nbsp;in&nbsp;<a href=\"https:\/\/de.wikipedia.org\/wiki\/Heidelberg\">Heidelberg<\/a>&nbsp;mit seinem 6&#8243;-<a href=\"https:\/\/de.wikipedia.org\/wiki\/Doppelastrograf\">Doppelastrografen<\/a>. Die Beobachtung war eine der ersten mit Hilfe der&nbsp;<a href=\"https:\/\/de.wikipedia.org\/wiki\/Astrofotografie\">Astrofotografie<\/a>.<\/p>\n\n\n\n<p class=\"has-text-align-center\"><strong>H-Alpha<\/strong><\/p>\n\n\n\n<p><img loading=\"lazy\" decoding=\"async\" width=\"2048\" height=\"1821\" class=\"wp-image-460\" style=\"width: 2048px;\" src=\"http:\/\/www.vorderaue.de\/wp-content\/uploads\/2026\/02\/ngc7000sw.jpg\" alt=\"\" srcset=\"http:\/\/www.vorderaue.de\/wp-content\/uploads\/2026\/02\/ngc7000sw.jpg 2048w, http:\/\/www.vorderaue.de\/wp-content\/uploads\/2026\/02\/ngc7000sw-300x267.jpg 300w, http:\/\/www.vorderaue.de\/wp-content\/uploads\/2026\/02\/ngc7000sw-1152x1024.jpg 1152w, http:\/\/www.vorderaue.de\/wp-content\/uploads\/2026\/02\/ngc7000sw-768x683.jpg 768w, http:\/\/www.vorderaue.de\/wp-content\/uploads\/2026\/02\/ngc7000sw-1536x1366.jpg 1536w\" sizes=\"auto, (max-width: 2048px) 100vw, 2048px\" \/><\/p>\n\n\n\n<p class=\"has-text-align-center\"><strong>H-Alpha \/ OIII \/ SII<\/strong><\/p>\n\n\n\n<p><img loading=\"lazy\" decoding=\"async\" width=\"2048\" height=\"1821\" class=\"wp-image-459\" style=\"width: 2048px;\" src=\"http:\/\/www.vorderaue.de\/wp-content\/uploads\/2026\/02\/ngc7000farbe.jpg\" alt=\"\" srcset=\"http:\/\/www.vorderaue.de\/wp-content\/uploads\/2026\/02\/ngc7000farbe.jpg 2048w, http:\/\/www.vorderaue.de\/wp-content\/uploads\/2026\/02\/ngc7000farbe-300x267.jpg 300w, http:\/\/www.vorderaue.de\/wp-content\/uploads\/2026\/02\/ngc7000farbe-1152x1024.jpg 1152w, http:\/\/www.vorderaue.de\/wp-content\/uploads\/2026\/02\/ngc7000farbe-768x683.jpg 768w, http:\/\/www.vorderaue.de\/wp-content\/uploads\/2026\/02\/ngc7000farbe-1536x1366.jpg 1536w\" sizes=\"auto, (max-width: 2048px) 100vw, 2048px\" \/><\/p>\n\n\n\n<figure style=\"line-height:0.5\" class=\"wp-block-table\"><table class=\"has-fixed-layout\" style=\"border-style:none;border-width:0px\"><tbody><tr><td>Montierung<\/td><td>Mesu 200<\/td><\/tr><tr><td>Teleskop<\/td><td>Takahashi FSQ106ED<\/td><\/tr><tr><td>Kamera<\/td><td>Moravian G3 16200<\/td><\/tr><tr><td>Binning<\/td><td>1\u00d71<\/td><\/tr><tr><td>Aufnahme<\/td><td>16.-18.11.2018<\/td><\/tr><tr><td>Filter Baader\u00a0 Planetarium H-Alpha 3,5nm<\/td><td>16 x 30 min.<\/td><\/tr><tr><td>Filter Astronomik OIII<\/td><td>8 x 30 min. <\/td><\/tr><tr><td>Filter Astronomik SII<\/td><td>8 x 30 min. <\/td><\/tr><\/tbody><\/table><\/figure>\n\n\n\n<p><\/p>\n","protected":false},"excerpt":{"rendered":"<p>Nordamerikanebel&nbsp;(auch&nbsp;NGC 7000&nbsp;genannt) ist die Bezeichnung eines&nbsp;diffusen Gasnebels&nbsp;im Sternbild Schwan am&nbsp;Nordsternhimmel. Seinen Namen erhielt der Nebel aufgrund seiner Form, die an [&hellip;]<\/p>\n","protected":false},"author":1,"featured_media":0,"parent":0,"menu_order":0,"comment_status":"closed","ping_status":"closed","template":"","meta":{"site-sidebar-layout":"default","site-content-layout":"","ast-site-content-layout":"default","site-content-style":"default","site-sidebar-style":"default","ast-global-header-display":"","ast-banner-title-visibility":"","ast-main-header-display":"","ast-hfb-above-header-display":"","ast-hfb-below-header-display":"","ast-hfb-mobile-header-display":"","site-post-title":"","ast-breadcrumbs-content":"","ast-featured-img":"","footer-sml-layout":"","ast-disable-related-posts":"","theme-transparent-header-meta":"","adv-header-id-meta":"","stick-header-meta":"","header-above-stick-meta":"","header-main-stick-meta":"","header-below-stick-meta":"","astra-migrate-meta-layouts":"default","ast-page-background-enabled":"default","ast-page-background-meta":{"desktop":{"background-color":"var(--ast-global-color-5)","background-image":"","background-repeat":"repeat","background-position":"center center","background-size":"auto","background-attachment":"scroll","background-type":"","background-media":"","overlay-type":"","overlay-color":"","overlay-opacity":"","overlay-gradient":""},"tablet":{"background-color":"","background-image":"","background-repeat":"repeat","background-position":"center center","background-size":"auto","background-attachment":"scroll","background-type":"","background-media":"","overlay-type":"","overlay-color":"","overlay-opacity":"","overlay-gradient":""},"mobile":{"background-color":"","background-image":"","background-repeat":"repeat","background-position":"center center","background-size":"auto","background-attachment":"scroll","background-type":"","background-media":"","overlay-type":"","overlay-color":"","overlay-opacity":"","overlay-gradient":""}},"ast-content-background-meta":{"desktop":{"background-color":"var(--ast-global-color-4)","background-image":"","background-repeat":"repeat","background-position":"center center","background-size":"auto","background-attachment":"scroll","background-type":"","background-media":"","overlay-type":"","overlay-color":"","overlay-opacity":"","overlay-gradient":""},"tablet":{"background-color":"var(--ast-global-color-4)","background-image":"","background-repeat":"repeat","background-position":"center center","background-size":"auto","background-attachment":"scroll","background-type":"","background-media":"","overlay-type":"","overlay-color":"","overlay-opacity":"","overlay-gradient":""},"mobile":{"background-color":"var(--ast-global-color-4)","background-image":"","background-repeat":"repeat","background-position":"center center","background-size":"auto","background-attachment":"scroll","background-type":"","background-media":"","overlay-type":"","overlay-color":"","overlay-opacity":"","overlay-gradient":""}},"footnotes":""},"class_list":["post-874","page","type-page","status-publish","hentry"],"_links":{"self":[{"href":"http:\/\/www.vorderaue.de\/index.php\/wp-json\/wp\/v2\/pages\/874","targetHints":{"allow":["GET"]}}],"collection":[{"href":"http:\/\/www.vorderaue.de\/index.php\/wp-json\/wp\/v2\/pages"}],"about":[{"href":"http:\/\/www.vorderaue.de\/index.php\/wp-json\/wp\/v2\/types\/page"}],"author":[{"embeddable":true,"href":"http:\/\/www.vorderaue.de\/index.php\/wp-json\/wp\/v2\/users\/1"}],"replies":[{"embeddable":true,"href":"http:\/\/www.vorderaue.de\/index.php\/wp-json\/wp\/v2\/comments?post=874"}],"version-history":[{"count":3,"href":"http:\/\/www.vorderaue.de\/index.php\/wp-json\/wp\/v2\/pages\/874\/revisions"}],"predecessor-version":[{"id":904,"href":"http:\/\/www.vorderaue.de\/index.php\/wp-json\/wp\/v2\/pages\/874\/revisions\/904"}],"wp:attachment":[{"href":"http:\/\/www.vorderaue.de\/index.php\/wp-json\/wp\/v2\/media?parent=874"}],"curies":[{"name":"wp","href":"https:\/\/api.w.org\/{rel}","templated":true}]}}