{"id":884,"date":"2026-03-08T15:29:05","date_gmt":"2026-03-08T14:29:05","guid":{"rendered":"http:\/\/www.vorderaue.de\/?page_id=884"},"modified":"2026-03-08T15:29:05","modified_gmt":"2026-03-08T14:29:05","slug":"m101-2","status":"publish","type":"page","link":"http:\/\/www.vorderaue.de\/index.php\/m101-2\/","title":{"rendered":"M101"},"content":{"rendered":"\n<p>(auch als&nbsp;<em>NGC 5457<\/em>,&nbsp;<em>Pinwheel-Galaxie<\/em>&nbsp;oder&nbsp;<em>Feuerrad-Galaxie<\/em>&nbsp;bezeichnet) ist eine&nbsp;<a href=\"https:\/\/de.wikipedia.org\/wiki\/Spiralgalaxie\">Spiralgalaxie<\/a>&nbsp;mit den Abmessungen 28,8&#8242;&nbsp;\u00d7&nbsp;26,9&#8242; und der&nbsp;<a href=\"https:\/\/de.wikipedia.org\/wiki\/Scheinbare_Helligkeit\">scheinbaren Helligkeit<\/a>&nbsp;von 7,5&nbsp;mag im&nbsp;<a href=\"https:\/\/de.wikipedia.org\/wiki\/Sternbild\">Sternbild<\/a>&nbsp;<a href=\"https:\/\/de.wikipedia.org\/wiki\/Gro%C3%9Fer_B%C3%A4r\">Gro\u00dfer B\u00e4r<\/a>. Ihre Entfernung betr\u00e4gt rund 16 Millionen&nbsp;<a href=\"https:\/\/de.wikipedia.org\/wiki\/Lichtjahr\">Lichtjahre<\/a>, ihr Durchmesser 170.000&nbsp;Lj.<\/p>\n\n\n\n<p>Halton Arp gliederte seinen Katalog ungew\u00f6hnlicher Galaxien nach rein morphologischen Kriterien in Gruppen. Diese Galaxie geh\u00f6rt zu der Klasse&nbsp;<em>Spiralgalaxien mit einem ausgepr\u00e4gten Arm<\/em>&nbsp;<a href=\"https:\/\/de.wikipedia.org\/wiki\/Atlas_of_Peculiar_Galaxies#Spiralgalaxien_mit_einem_ausgepr%C3%A4gten_Arm_(25%E2%80%9330)\">(Arp-Katalog)<\/a>. M 101 verf\u00fcgt \u00fcber f\u00fcnf prominente Begleitgalaxien:&nbsp;<a href=\"https:\/\/de.wikipedia.org\/wiki\/NGC_5204\">NGC 5204<\/a>,&nbsp;<a href=\"https:\/\/de.wikipedia.org\/wiki\/NGC_5474\">NGC 5474<\/a>,&nbsp;<a href=\"https:\/\/de.wikipedia.org\/wiki\/NGC_5477\">NGC 5477<\/a>,&nbsp;<a href=\"https:\/\/de.wikipedia.org\/wiki\/NGC_5585\">NGC 5585<\/a>&nbsp;und&nbsp;<a href=\"https:\/\/de.wikipedia.org\/w\/index.php?title=Holmberg_IV&amp;action=edit&amp;redlink=1\">Holmberg IV<\/a><a href=\"https:\/\/de.wikipedia.org\/wiki\/Messier_101#cite_note-3\">[3]<\/a>.<\/p>\n\n\n\n<p><img loading=\"lazy\" decoding=\"async\" width=\"1660\" height=\"1278\" class=\"wp-image-448\" style=\"width: 1660px;\" src=\"http:\/\/www.vorderaue.de\/wp-content\/uploads\/2026\/02\/m101.jpg\" alt=\"\" srcset=\"http:\/\/www.vorderaue.de\/wp-content\/uploads\/2026\/02\/m101.jpg 1660w, http:\/\/www.vorderaue.de\/wp-content\/uploads\/2026\/02\/m101-300x231.jpg 300w, http:\/\/www.vorderaue.de\/wp-content\/uploads\/2026\/02\/m101-1200x924.jpg 1200w, http:\/\/www.vorderaue.de\/wp-content\/uploads\/2026\/02\/m101-768x591.jpg 768w, http:\/\/www.vorderaue.de\/wp-content\/uploads\/2026\/02\/m101-1536x1183.jpg 1536w\" sizes=\"auto, (max-width: 1660px) 100vw, 1660px\" \/><\/p>\n\n\n\n<figure style=\"line-height:0.5\" class=\"wp-block-table\"><table class=\"has-fixed-layout\" style=\"border-style:none;border-width:0px\"><tbody><tr><td>Montierung<\/td><td>Mesu 200<\/td><\/tr><tr><td>Teleskop<\/td><td>Planewave CDK 12.5<\/td><\/tr><tr><td>Kamera<\/td><td>Moravian G3 16200<\/td><\/tr><tr><td>Binning<\/td><td>2\u00d72<\/td><\/tr><tr><td>Aufnahme<\/td><td>M\u00e4rz\/April 2020<\/td><\/tr><tr><td>Filter IDAS2 (Luminanz)<\/td><td>57 x 5min.<\/td><\/tr><tr><td>Filter  Astronomic rot <\/td><td>20 x 5 min.<\/td><\/tr><tr><td>Filter  Astronomic gr\u00fcn<\/td><td>27 x 5 min.<\/td><\/tr><tr><td>Filter  Astronomic blau<\/td><td>33 x 5 min.<\/td><\/tr><\/tbody><\/table><\/figure>\n","protected":false},"excerpt":{"rendered":"<p>(auch als&nbsp;NGC 5457,&nbsp;Pinwheel-Galaxie&nbsp;oder&nbsp;Feuerrad-Galaxie&nbsp;bezeichnet) ist eine&nbsp;Spiralgalaxie&nbsp;mit den Abmessungen 28,8&#8242;&nbsp;\u00d7&nbsp;26,9&#8242; und der&nbsp;scheinbaren Helligkeit&nbsp;von 7,5&nbsp;mag im&nbsp;Sternbild&nbsp;Gro\u00dfer B\u00e4r. Ihre Entfernung betr\u00e4gt rund 16 Millionen&nbsp;Lichtjahre, [&hellip;]<\/p>\n","protected":false},"author":1,"featured_media":0,"parent":0,"menu_order":0,"comment_status":"closed","ping_status":"closed","template":"","meta":{"site-sidebar-layout":"default","site-content-layout":"","ast-site-content-layout":"default","site-content-style":"default","site-sidebar-style":"default","ast-global-header-display":"","ast-banner-title-visibility":"","ast-main-header-display":"","ast-hfb-above-header-display":"","ast-hfb-below-header-display":"","ast-hfb-mobile-header-display":"","site-post-title":"","ast-breadcrumbs-content":"","ast-featured-img":"","footer-sml-layout":"","ast-disable-related-posts":"","theme-transparent-header-meta":"","adv-header-id-meta":"","stick-header-meta":"","header-above-stick-meta":"","header-main-stick-meta":"","header-below-stick-meta":"","astra-migrate-meta-layouts":"default","ast-page-background-enabled":"default","ast-page-background-meta":{"desktop":{"background-color":"var(--ast-global-color-5)","background-image":"","background-repeat":"repeat","background-position":"center center","background-size":"auto","background-attachment":"scroll","background-type":"","background-media":"","overlay-type":"","overlay-color":"","overlay-opacity":"","overlay-gradient":""},"tablet":{"background-color":"","background-image":"","background-repeat":"repeat","background-position":"center center","background-size":"auto","background-attachment":"scroll","background-type":"","background-media":"","overlay-type":"","overlay-color":"","overlay-opacity":"","overlay-gradient":""},"mobile":{"background-color":"","background-image":"","background-repeat":"repeat","background-position":"center center","background-size":"auto","background-attachment":"scroll","background-type":"","background-media":"","overlay-type":"","overlay-color":"","overlay-opacity":"","overlay-gradient":""}},"ast-content-background-meta":{"desktop":{"background-color":"var(--ast-global-color-4)","background-image":"","background-repeat":"repeat","background-position":"center center","background-size":"auto","background-attachment":"scroll","background-type":"","background-media":"","overlay-type":"","overlay-color":"","overlay-opacity":"","overlay-gradient":""},"tablet":{"background-color":"var(--ast-global-color-4)","background-image":"","background-repeat":"repeat","background-position":"center center","background-size":"auto","background-attachment":"scroll","background-type":"","background-media":"","overlay-type":"","overlay-color":"","overlay-opacity":"","overlay-gradient":""},"mobile":{"background-color":"var(--ast-global-color-4)","background-image":"","background-repeat":"repeat","background-position":"center center","background-size":"auto","background-attachment":"scroll","background-type":"","background-media":"","overlay-type":"","overlay-color":"","overlay-opacity":"","overlay-gradient":""}},"footnotes":""},"class_list":["post-884","page","type-page","status-publish","hentry"],"_links":{"self":[{"href":"http:\/\/www.vorderaue.de\/index.php\/wp-json\/wp\/v2\/pages\/884","targetHints":{"allow":["GET"]}}],"collection":[{"href":"http:\/\/www.vorderaue.de\/index.php\/wp-json\/wp\/v2\/pages"}],"about":[{"href":"http:\/\/www.vorderaue.de\/index.php\/wp-json\/wp\/v2\/types\/page"}],"author":[{"embeddable":true,"href":"http:\/\/www.vorderaue.de\/index.php\/wp-json\/wp\/v2\/users\/1"}],"replies":[{"embeddable":true,"href":"http:\/\/www.vorderaue.de\/index.php\/wp-json\/wp\/v2\/comments?post=884"}],"version-history":[{"count":1,"href":"http:\/\/www.vorderaue.de\/index.php\/wp-json\/wp\/v2\/pages\/884\/revisions"}],"predecessor-version":[{"id":885,"href":"http:\/\/www.vorderaue.de\/index.php\/wp-json\/wp\/v2\/pages\/884\/revisions\/885"}],"wp:attachment":[{"href":"http:\/\/www.vorderaue.de\/index.php\/wp-json\/wp\/v2\/media?parent=884"}],"curies":[{"name":"wp","href":"https:\/\/api.w.org\/{rel}","templated":true}]}}