{"id":887,"date":"2026-03-08T15:37:17","date_gmt":"2026-03-08T14:37:17","guid":{"rendered":"http:\/\/www.vorderaue.de\/?page_id=887"},"modified":"2026-03-08T15:37:17","modified_gmt":"2026-03-08T14:37:17","slug":"m33-2","status":"publish","type":"page","link":"http:\/\/www.vorderaue.de\/index.php\/m33-2\/","title":{"rendered":"M33"},"content":{"rendered":"\n<p>Der\u00a0<strong><a href=\"https:\/\/de.wikipedia.org\/wiki\/Dreiecksnebel\">Dreiecksnebel<\/a><\/strong>, auch als\u00a0<strong>Dreiecksgalaxie<\/strong>\u00a0sowie als\u00a0<strong>Triangulumnebel<\/strong>\u00a0oder\u00a0<strong>Messier 33<\/strong>\u00a0bezeichnet, ist eine\u00a0<a href=\"https:\/\/de.wikipedia.org\/wiki\/Spiralgalaxie\">Spiralgalaxie<\/a>\u00a0mit den Abmessungen 70\u2032\u00a0\u00d7\u00a040\u2032 und der\u00a0<a href=\"https:\/\/de.wikipedia.org\/wiki\/Scheinbare_Helligkeit\">Gesamthelligkeit<\/a>\u00a0von 5,7\u00a0mag im Sternbild\u00a0<a href=\"https:\/\/de.wikipedia.org\/wiki\/Dreieck_(Sternbild)\">Dreieck<\/a>. Damit ist sie nach dem\u00a0<a href=\"https:\/\/de.wikipedia.org\/wiki\/Andromedagalaxie\">Andromedanebel<\/a>\u00a0die zweithellste Spiralgalaxie am Nachthimmel und eine der uns n\u00e4chstgelegenen.<br>Allerdings verteilt sich ihre Helligkeit auf eine gr\u00f6\u00dfere Fl\u00e4che, sodass sie unter normalen Bedingungen nicht\u00a0<a href=\"https:\/\/de.wikipedia.org\/wiki\/Frei%C3%A4ugig\">frei\u00e4ugig<\/a>, sondern allenfalls im\u00a0<a href=\"https:\/\/de.wikipedia.org\/wiki\/Feldstecher\">Feldstecher<\/a>\u00a0sichtbar ist. Daher sind im Fernrohr etwa 20 fernere Galaxien leichter zu beobachten.<\/p>\n\n\n\n<p><img loading=\"lazy\" decoding=\"async\" width=\"2048\" height=\"1638\" class=\"wp-image-446\" style=\"width: 2048px;\" src=\"http:\/\/www.vorderaue.de\/wp-content\/uploads\/2026\/02\/m33.jpg\" alt=\"\" srcset=\"http:\/\/www.vorderaue.de\/wp-content\/uploads\/2026\/02\/m33.jpg 2048w, http:\/\/www.vorderaue.de\/wp-content\/uploads\/2026\/02\/m33-300x240.jpg 300w, http:\/\/www.vorderaue.de\/wp-content\/uploads\/2026\/02\/m33-1200x960.jpg 1200w, http:\/\/www.vorderaue.de\/wp-content\/uploads\/2026\/02\/m33-768x614.jpg 768w, http:\/\/www.vorderaue.de\/wp-content\/uploads\/2026\/02\/m33-1536x1229.jpg 1536w\" sizes=\"auto, (max-width: 2048px) 100vw, 2048px\" \/><\/p>\n\n\n\n<figure style=\"line-height:0.5\" class=\"wp-block-table\"><table class=\"has-fixed-layout\" style=\"border-style:none;border-width:0px\"><tbody><tr><td>Montierung<\/td><td>Skywatcher AZ-EQ6<\/td><\/tr><tr><td>Teleskop<\/td><td>Omegon 880mm Apochromat<\/td><\/tr><tr><td>Kamera<\/td><td>Atik 460exm<\/td><\/tr><tr><td>Binning<\/td><td>1\u00d71<\/td><\/tr><tr><td>Aufnahme<\/td><td>10\/2014<\/td><\/tr><tr><td>Filter Astrodon Luminanz<\/td><td>9 x 5 min.<\/td><\/tr><tr><td>Filter Astrodon rot<\/td><td>8 x 5 min.<\/td><\/tr><tr><td>Filter Astrodon gr\u00fcn<\/td><td>8 x 5 min.<\/td><\/tr><tr><td>Filter Astrodon blau<\/td><td>8 x 5 min.<\/td><\/tr><\/tbody><\/table><\/figure>\n","protected":false},"excerpt":{"rendered":"<p>Der\u00a0Dreiecksnebel, auch als\u00a0Dreiecksgalaxie\u00a0sowie als\u00a0Triangulumnebel\u00a0oder\u00a0Messier 33\u00a0bezeichnet, ist eine\u00a0Spiralgalaxie\u00a0mit den Abmessungen 70\u2032\u00a0\u00d7\u00a040\u2032 und der\u00a0Gesamthelligkeit\u00a0von 5,7\u00a0mag im Sternbild\u00a0Dreieck. Damit ist sie nach dem\u00a0Andromedanebel\u00a0die [&hellip;]<\/p>\n","protected":false},"author":1,"featured_media":0,"parent":0,"menu_order":0,"comment_status":"closed","ping_status":"closed","template":"","meta":{"site-sidebar-layout":"default","site-content-layout":"","ast-site-content-layout":"default","site-content-style":"default","site-sidebar-style":"default","ast-global-header-display":"","ast-banner-title-visibility":"","ast-main-header-display":"","ast-hfb-above-header-display":"","ast-hfb-below-header-display":"","ast-hfb-mobile-header-display":"","site-post-title":"","ast-breadcrumbs-content":"","ast-featured-img":"","footer-sml-layout":"","ast-disable-related-posts":"","theme-transparent-header-meta":"","adv-header-id-meta":"","stick-header-meta":"","header-above-stick-meta":"","header-main-stick-meta":"","header-below-stick-meta":"","astra-migrate-meta-layouts":"default","ast-page-background-enabled":"default","ast-page-background-meta":{"desktop":{"background-color":"var(--ast-global-color-5)","background-image":"","background-repeat":"repeat","background-position":"center center","background-size":"auto","background-attachment":"scroll","background-type":"","background-media":"","overlay-type":"","overlay-color":"","overlay-opacity":"","overlay-gradient":""},"tablet":{"background-color":"","background-image":"","background-repeat":"repeat","background-position":"center center","background-size":"auto","background-attachment":"scroll","background-type":"","background-media":"","overlay-type":"","overlay-color":"","overlay-opacity":"","overlay-gradient":""},"mobile":{"background-color":"","background-image":"","background-repeat":"repeat","background-position":"center center","background-size":"auto","background-attachment":"scroll","background-type":"","background-media":"","overlay-type":"","overlay-color":"","overlay-opacity":"","overlay-gradient":""}},"ast-content-background-meta":{"desktop":{"background-color":"var(--ast-global-color-4)","background-image":"","background-repeat":"repeat","background-position":"center center","background-size":"auto","background-attachment":"scroll","background-type":"","background-media":"","overlay-type":"","overlay-color":"","overlay-opacity":"","overlay-gradient":""},"tablet":{"background-color":"var(--ast-global-color-4)","background-image":"","background-repeat":"repeat","background-position":"center center","background-size":"auto","background-attachment":"scroll","background-type":"","background-media":"","overlay-type":"","overlay-color":"","overlay-opacity":"","overlay-gradient":""},"mobile":{"background-color":"var(--ast-global-color-4)","background-image":"","background-repeat":"repeat","background-position":"center center","background-size":"auto","background-attachment":"scroll","background-type":"","background-media":"","overlay-type":"","overlay-color":"","overlay-opacity":"","overlay-gradient":""}},"footnotes":""},"class_list":["post-887","page","type-page","status-publish","hentry"],"_links":{"self":[{"href":"http:\/\/www.vorderaue.de\/index.php\/wp-json\/wp\/v2\/pages\/887","targetHints":{"allow":["GET"]}}],"collection":[{"href":"http:\/\/www.vorderaue.de\/index.php\/wp-json\/wp\/v2\/pages"}],"about":[{"href":"http:\/\/www.vorderaue.de\/index.php\/wp-json\/wp\/v2\/types\/page"}],"author":[{"embeddable":true,"href":"http:\/\/www.vorderaue.de\/index.php\/wp-json\/wp\/v2\/users\/1"}],"replies":[{"embeddable":true,"href":"http:\/\/www.vorderaue.de\/index.php\/wp-json\/wp\/v2\/comments?post=887"}],"version-history":[{"count":1,"href":"http:\/\/www.vorderaue.de\/index.php\/wp-json\/wp\/v2\/pages\/887\/revisions"}],"predecessor-version":[{"id":888,"href":"http:\/\/www.vorderaue.de\/index.php\/wp-json\/wp\/v2\/pages\/887\/revisions\/888"}],"wp:attachment":[{"href":"http:\/\/www.vorderaue.de\/index.php\/wp-json\/wp\/v2\/media?parent=887"}],"curies":[{"name":"wp","href":"https:\/\/api.w.org\/{rel}","templated":true}]}}