{"id":920,"date":"2026-03-08T17:32:10","date_gmt":"2026-03-08T16:32:10","guid":{"rendered":"http:\/\/www.vorderaue.de\/?page_id=920"},"modified":"2026-03-20T16:49:00","modified_gmt":"2026-03-20T15:49:00","slug":"mesu-200","status":"publish","type":"page","link":"http:\/\/www.vorderaue.de\/index.php\/mesu-200\/","title":{"rendered":"Mesu 200 Sternwartenmontierung"},"content":{"rendered":"\n<figure class=\"wp-block-table\"><table class=\"has-fixed-layout\" style=\"border-style:none;border-width:0px\"><tbody><tr><td><img loading=\"lazy\" decoding=\"async\" width=\"600\" height=\"847\" class=\"wp-image-48\" style=\"width: 600px;\" src=\"http:\/\/www.vorderaue.de\/wp-content\/uploads\/2026\/01\/mesu-4222klein.jpg\" alt=\"\" srcset=\"http:\/\/www.vorderaue.de\/wp-content\/uploads\/2026\/01\/mesu-4222klein.jpg 1228w, http:\/\/www.vorderaue.de\/wp-content\/uploads\/2026\/01\/mesu-4222klein-213x300.jpg 213w, http:\/\/www.vorderaue.de\/wp-content\/uploads\/2026\/01\/mesu-4222klein-726x1024.jpg 726w, http:\/\/www.vorderaue.de\/wp-content\/uploads\/2026\/01\/mesu-4222klein-768x1084.jpg 768w, http:\/\/www.vorderaue.de\/wp-content\/uploads\/2026\/01\/mesu-4222klein-1088x1536.jpg 1088w\" sizes=\"auto, (max-width: 600px) 100vw, 600px\" \/><\/td><td><img loading=\"lazy\" decoding=\"async\" width=\"600\" height=\"853\" class=\"wp-image-49\" style=\"width: 600px;\" src=\"http:\/\/www.vorderaue.de\/wp-content\/uploads\/2026\/01\/mesu-4223klein.jpg\" alt=\"\" srcset=\"http:\/\/www.vorderaue.de\/wp-content\/uploads\/2026\/01\/mesu-4223klein.jpg 1228w, http:\/\/www.vorderaue.de\/wp-content\/uploads\/2026\/01\/mesu-4223klein-211x300.jpg 211w, http:\/\/www.vorderaue.de\/wp-content\/uploads\/2026\/01\/mesu-4223klein-721x1024.jpg 721w, http:\/\/www.vorderaue.de\/wp-content\/uploads\/2026\/01\/mesu-4223klein-768x1091.jpg 768w, http:\/\/www.vorderaue.de\/wp-content\/uploads\/2026\/01\/mesu-4223klein-1081x1536.jpg 1081w\" sizes=\"auto, (max-width: 600px) 100vw, 600px\" \/><\/td><\/tr><tr><td><\/td><td><\/td><\/tr><\/tbody><\/table><\/figure>\n\n\n\n<figure class=\"wp-block-image size-large\"><img loading=\"lazy\" decoding=\"async\" width=\"1024\" height=\"683\" src=\"http:\/\/www.vorderaue.de\/wp-content\/uploads\/2026\/01\/mesu-4226klein-1024x683.jpg\" alt=\"\" class=\"wp-image-50\" srcset=\"http:\/\/www.vorderaue.de\/wp-content\/uploads\/2026\/01\/mesu-4226klein-1024x683.jpg 1024w, http:\/\/www.vorderaue.de\/wp-content\/uploads\/2026\/01\/mesu-4226klein-300x200.jpg 300w, http:\/\/www.vorderaue.de\/wp-content\/uploads\/2026\/01\/mesu-4226klein-768x513.jpg 768w, http:\/\/www.vorderaue.de\/wp-content\/uploads\/2026\/01\/mesu-4226klein-1536x1025.jpg 1536w, http:\/\/www.vorderaue.de\/wp-content\/uploads\/2026\/01\/mesu-4226klein.jpg 1840w\" sizes=\"auto, (max-width: 1024px) 100vw, 1024px\" \/><\/figure>\n\n\n\n<p><\/p>\n\n\n\n<p>DIe Montierung ist in gutem Zustand und ich war mit ihr immer sehr zufrieden.<\/p>\n\n\n\n<p>Das Paket enth\u00e4lt:<\/p>\n\n\n\n<ul class=\"wp-block-list\">\n<li>Sitech Servo II Controller<\/li>\n\n\n\n<li>Handsteuerung mit digitalem Joystick und Spiralkabel<\/li>\n\n\n\n<li>Gegengewichtsstange mit einem 5 Kg und einem 10 Kg Gegengewicht (bei Bedarf gibt es mehr).<\/li>\n\n\n\n<li>Netzteil<\/li>\n\n\n\n<li>Justiergewicht f\u00fcr die Feinjustage in L\u00e4ngsrichtung (nach Kamerapositionierung)<\/li>\n\n\n\n<li>Polemaster mit Mesu-Adapter<\/li>\n<\/ul>\n\n\n\n<p class=\"has-text-align-center has-medium-font-size\"><strong>Gesamtpreis 2200 \u20ac<\/strong><\/p>\n\n\n\n<p>Wegen des hohen Gewichts ist kein Versand m\u00f6glich. Dadurch kann die Montierung auch vor Kauf inspiziert werden. Ich biete zus\u00e4tzlich ein passende <strong>Stahls\u00e4ule f\u00fcr 200 \u20ac<\/strong> an, die ich f\u00fcr die Mesu beim ans\u00e4ssigen Schlosser hab anfertigen lassen (Auch die wiegt ordentlich).<\/p>\n\n\n\n<p class=\"has-text-align-center\"><img loading=\"lazy\" decoding=\"async\" width=\"150\" height=\"400\" class=\"wp-image-505\" style=\"width: 150px;\" src=\"http:\/\/www.vorderaue.de\/wp-content\/uploads\/2026\/02\/saeule02-scaled.jpg\" alt=\"\" srcset=\"http:\/\/www.vorderaue.de\/wp-content\/uploads\/2026\/02\/saeule02-scaled.jpg 961w, http:\/\/www.vorderaue.de\/wp-content\/uploads\/2026\/02\/saeule02-113x300.jpg 113w, http:\/\/www.vorderaue.de\/wp-content\/uploads\/2026\/02\/saeule02-384x1024.jpg 384w, http:\/\/www.vorderaue.de\/wp-content\/uploads\/2026\/02\/saeule02-768x2046.jpg 768w, http:\/\/www.vorderaue.de\/wp-content\/uploads\/2026\/02\/saeule02-577x1536.jpg 577w, http:\/\/www.vorderaue.de\/wp-content\/uploads\/2026\/02\/saeule02-769x2048.jpg 769w\" sizes=\"auto, (max-width: 150px) 100vw, 150px\" \/><\/p>\n\n\n\n<figure class=\"wp-block-table\"><table class=\"has-fixed-layout\" style=\"border-style:none;border-width:0px\"><tbody><tr><td class=\"has-text-align-center\" data-align=\"center\"><\/td><td class=\"has-text-align-center\" data-align=\"center\"><\/td><\/tr><\/tbody><\/table><\/figure>\n\n\n\n<p class=\"has-text-align-left\">Englische Spezifikation:<\/p>\n\n\n\n<p class=\"has-text-align-left\">Drive system Friction wheels driven by Servo motors<br>Gear ratio 1 to 2000<br>Payload Up to 100kg<br>Meridian flip required Yes<br>Backlash No<br>Latitude range 0 &#8211; 90 degrees<br>Pointing accuracy &lt; 2.5arcminutes<br>Guide accuracy 0.1arcseconds with autoguiding<br>Periodic error 4arcseconds peak-to-peak<br>GOTO speed 6 &#8211; 8 degrees\/sec.<br>Mount control SiTech Controller (needs a PC running SiTech Software)<br>Guiding protocol ST4 port and Pulse-Guiding<br>Power consumption Average is 400mA (when the mount guides for 90% of the time)<br>Diameter counterweight bar 40mm<\/p>\n","protected":false},"excerpt":{"rendered":"<p>DIe Montierung ist in gutem Zustand und ich war mit ihr immer sehr zufrieden. Das Paket enth\u00e4lt: Gesamtpreis 2200 \u20ac [&hellip;]<\/p>\n","protected":false},"author":1,"featured_media":0,"parent":0,"menu_order":0,"comment_status":"closed","ping_status":"closed","template":"","meta":{"site-sidebar-layout":"default","site-content-layout":"","ast-site-content-layout":"default","site-content-style":"default","site-sidebar-style":"default","ast-global-header-display":"","ast-banner-title-visibility":"","ast-main-header-display":"","ast-hfb-above-header-display":"","ast-hfb-below-header-display":"","ast-hfb-mobile-header-display":"","site-post-title":"","ast-breadcrumbs-content":"","ast-featured-img":"","footer-sml-layout":"","ast-disable-related-posts":"","theme-transparent-header-meta":"","adv-header-id-meta":"","stick-header-meta":"","header-above-stick-meta":"","header-main-stick-meta":"","header-below-stick-meta":"","astra-migrate-meta-layouts":"default","ast-page-background-enabled":"default","ast-page-background-meta":{"desktop":{"background-color":"var(--ast-global-color-5)","background-image":"","background-repeat":"repeat","background-position":"center center","background-size":"auto","background-attachment":"scroll","background-type":"","background-media":"","overlay-type":"","overlay-color":"","overlay-opacity":"","overlay-gradient":""},"tablet":{"background-color":"","background-image":"","background-repeat":"repeat","background-position":"center center","background-size":"auto","background-attachment":"scroll","background-type":"","background-media":"","overlay-type":"","overlay-color":"","overlay-opacity":"","overlay-gradient":""},"mobile":{"background-color":"","background-image":"","background-repeat":"repeat","background-position":"center center","background-size":"auto","background-attachment":"scroll","background-type":"","background-media":"","overlay-type":"","overlay-color":"","overlay-opacity":"","overlay-gradient":""}},"ast-content-background-meta":{"desktop":{"background-color":"var(--ast-global-color-4)","background-image":"","background-repeat":"repeat","background-position":"center center","background-size":"auto","background-attachment":"scroll","background-type":"","background-media":"","overlay-type":"","overlay-color":"","overlay-opacity":"","overlay-gradient":""},"tablet":{"background-color":"var(--ast-global-color-4)","background-image":"","background-repeat":"repeat","background-position":"center center","background-size":"auto","background-attachment":"scroll","background-type":"","background-media":"","overlay-type":"","overlay-color":"","overlay-opacity":"","overlay-gradient":""},"mobile":{"background-color":"var(--ast-global-color-4)","background-image":"","background-repeat":"repeat","background-position":"center center","background-size":"auto","background-attachment":"scroll","background-type":"","background-media":"","overlay-type":"","overlay-color":"","overlay-opacity":"","overlay-gradient":""}},"footnotes":""},"class_list":["post-920","page","type-page","status-publish","hentry"],"_links":{"self":[{"href":"http:\/\/www.vorderaue.de\/index.php\/wp-json\/wp\/v2\/pages\/920","targetHints":{"allow":["GET"]}}],"collection":[{"href":"http:\/\/www.vorderaue.de\/index.php\/wp-json\/wp\/v2\/pages"}],"about":[{"href":"http:\/\/www.vorderaue.de\/index.php\/wp-json\/wp\/v2\/types\/page"}],"author":[{"embeddable":true,"href":"http:\/\/www.vorderaue.de\/index.php\/wp-json\/wp\/v2\/users\/1"}],"replies":[{"embeddable":true,"href":"http:\/\/www.vorderaue.de\/index.php\/wp-json\/wp\/v2\/comments?post=920"}],"version-history":[{"count":8,"href":"http:\/\/www.vorderaue.de\/index.php\/wp-json\/wp\/v2\/pages\/920\/revisions"}],"predecessor-version":[{"id":1329,"href":"http:\/\/www.vorderaue.de\/index.php\/wp-json\/wp\/v2\/pages\/920\/revisions\/1329"}],"wp:attachment":[{"href":"http:\/\/www.vorderaue.de\/index.php\/wp-json\/wp\/v2\/media?parent=920"}],"curies":[{"name":"wp","href":"https:\/\/api.w.org\/{rel}","templated":true}]}}